{"id":32917,"date":"2026-05-10T08:13:08","date_gmt":"2026-05-10T08:13:08","guid":{"rendered":"https:\/\/zozowonen.nl\/?post_type=product&#038;p=32917"},"modified":"2026-05-10T08:38:30","modified_gmt":"2026-05-10T08:38:30","slug":"6-houten-onderzetters-in-houder-2","status":"publish","type":"product","link":"https:\/\/zozowonen.nl\/de\/produkt\/6-houten-onderzetters-in-houder-2\/","title":{"rendered":"6 Untersetzer aus Holz im Halter"},"content":{"rendered":"","protected":false},"excerpt":{"rendered":"<p>Stilvolles Set aus 6 Holzuntersetzern in passendem Halter. Sch\u00fctzen Sie Ihren Tisch vor Kalkablagerungen und Flecken und verleihen Sie Ihrem Interieur eine warme, nat\u00fcrliche Note. Perfekt f\u00fcr den t\u00e4glichen Gebrauch und eine wundersch\u00f6ne Erg\u00e4nzung f\u00fcr jedes moderne oder l\u00e4ndliche Interieur.<\/p>\n<p>Die Farben k\u00f6nnen von Set zu Set leicht variieren.<\/p>\n<ul>\n<li>Abmessungen des Halters: 12,5 \u00d7 12,5 cm.<\/li>\n<li>Untersetzerma\u00dfe: 10x10cm.<\/li>\n<\/ul>","protected":false},"featured_media":32922,"template":"","meta":{"_joinchat":[]},"product_brand":[],"product_cat":[71],"product_tag":[764],"class_list":{"0":"post-32917","1":"product","2":"type-product","3":"status-publish","4":"has-post-thumbnail","6":"product_cat-onderzetters","7":"product_tag-houten-onderzetters","9":"first","10":"instock","11":"taxable","12":"shipping-taxable","13":"purchasable","14":"product-type-simple"},"_links":{"self":[{"href":"https:\/\/zozowonen.nl\/de\/wp-json\/wp\/v2\/product\/32917","targetHints":{"allow":["GET"]}}],"collection":[{"href":"https:\/\/zozowonen.nl\/de\/wp-json\/wp\/v2\/product"}],"about":[{"href":"https:\/\/zozowonen.nl\/de\/wp-json\/wp\/v2\/types\/product"}],"version-history":[{"count":4,"href":"https:\/\/zozowonen.nl\/de\/wp-json\/wp\/v2\/product\/32917\/revisions"}],"predecessor-version":[{"id":32924,"href":"https:\/\/zozowonen.nl\/de\/wp-json\/wp\/v2\/product\/32917\/revisions\/32924"}],"wp:featuredmedia":[{"embeddable":true,"href":"https:\/\/zozowonen.nl\/de\/wp-json\/wp\/v2\/media\/32922"}],"wp:attachment":[{"href":"https:\/\/zozowonen.nl\/de\/wp-json\/wp\/v2\/media?parent=32917"}],"wp:term":[{"taxonomy":"product_brand","embeddable":true,"href":"https:\/\/zozowonen.nl\/de\/wp-json\/wp\/v2\/product_brand?post=32917"},{"taxonomy":"product_cat","embeddable":true,"href":"https:\/\/zozowonen.nl\/de\/wp-json\/wp\/v2\/product_cat?post=32917"},{"taxonomy":"product_tag","embeddable":true,"href":"https:\/\/zozowonen.nl\/de\/wp-json\/wp\/v2\/product_tag?post=32917"}],"curies":[{"name":"wp","href":"https:\/\/api.w.org\/{rel}","templated":true}]}}