{"id":32805,"date":"2026-05-07T11:55:42","date_gmt":"2026-05-07T11:55:42","guid":{"rendered":"https:\/\/zozowonen.nl\/?post_type=product&#038;p=32805"},"modified":"2026-05-07T12:34:07","modified_gmt":"2026-05-07T12:34:07","slug":"stenen-bloempotje-ptmd","status":"publish","type":"product","link":"https:\/\/zozowonen.nl\/de\/produkt\/stenen-bloempotje-ptmd\/","title":{"rendered":"Steinblumentopf \u2013 Pflanztopf \u2013 PTMD"},"content":{"rendered":"","protected":false},"excerpt":{"rendered":"<p data-start=\"168\" data-end=\"445\">Wundersch\u00f6ner Steinblumentopf \u2013 ein Pflanzgef\u00e4\u00df mit einzigartiger, organischer Form und robuster Optik. Dieser Blumentopf eignet sich perfekt f\u00fcr kleine Pflanzen, Sukkulenten oder Trockenblumen.<\/p>\n<p data-start=\"447\" data-end=\"637\">Durchmesser: +\/- 10 cm.<br \/>\nH\u00f6he: +\/- 12 cm.<\/p>","protected":false},"featured_media":32810,"template":"","meta":{"_joinchat":[]},"product_brand":[],"product_cat":[30],"product_tag":[1281,1949],"class_list":{"0":"post-32805","1":"product","2":"type-product","3":"status-publish","4":"has-post-thumbnail","6":"product_cat-houten-schalen-en-potten","7":"product_tag-stenen-bloempot","8":"product_tag-stenen-plantenpot","10":"first","11":"instock","12":"taxable","13":"shipping-taxable","14":"purchasable","15":"product-type-simple"},"_links":{"self":[{"href":"https:\/\/zozowonen.nl\/de\/wp-json\/wp\/v2\/product\/32805","targetHints":{"allow":["GET"]}}],"collection":[{"href":"https:\/\/zozowonen.nl\/de\/wp-json\/wp\/v2\/product"}],"about":[{"href":"https:\/\/zozowonen.nl\/de\/wp-json\/wp\/v2\/types\/product"}],"version-history":[{"count":4,"href":"https:\/\/zozowonen.nl\/de\/wp-json\/wp\/v2\/product\/32805\/revisions"}],"predecessor-version":[{"id":32809,"href":"https:\/\/zozowonen.nl\/de\/wp-json\/wp\/v2\/product\/32805\/revisions\/32809"}],"wp:featuredmedia":[{"embeddable":true,"href":"https:\/\/zozowonen.nl\/de\/wp-json\/wp\/v2\/media\/32810"}],"wp:attachment":[{"href":"https:\/\/zozowonen.nl\/de\/wp-json\/wp\/v2\/media?parent=32805"}],"wp:term":[{"taxonomy":"product_brand","embeddable":true,"href":"https:\/\/zozowonen.nl\/de\/wp-json\/wp\/v2\/product_brand?post=32805"},{"taxonomy":"product_cat","embeddable":true,"href":"https:\/\/zozowonen.nl\/de\/wp-json\/wp\/v2\/product_cat?post=32805"},{"taxonomy":"product_tag","embeddable":true,"href":"https:\/\/zozowonen.nl\/de\/wp-json\/wp\/v2\/product_tag?post=32805"}],"curies":[{"name":"wp","href":"https:\/\/api.w.org\/{rel}","templated":true}]}}