{"id":32475,"date":"2026-04-26T09:51:16","date_gmt":"2026-04-26T09:51:16","guid":{"rendered":"https:\/\/zozowonen.nl\/?post_type=product&#038;p=32475"},"modified":"2026-04-26T10:55:09","modified_gmt":"2026-04-26T10:55:09","slug":"houten-wandrek-keuken","status":"publish","type":"product","link":"https:\/\/zozowonen.nl\/de\/produkt\/houten-wandrek-keuken\/","title":{"rendered":"K\u00fcchenwandregal aus Holz"},"content":{"rendered":"","protected":false},"excerpt":{"rendered":"<p data-start=\"490\" data-end=\"770\">Dieses K\u00fcchenregal aus Holz mit F\u00e4chern ist eine praktische und stilvolle Erg\u00e4nzung f\u00fcr Ihre K\u00fcche. Nutzen Sie es als Gew\u00fcrzregal f\u00fcr Gl\u00e4ser und Flaschen oder zur Aufbewahrung von Kaffeezubeh\u00f6r. Dank der Aufteilung mit mehreren F\u00e4chern haben Sie alles \u00fcbersichtlich und griffbereit.<\/p>\n<p data-start=\"772\" data-end=\"1009\">Das Regal ist vielseitig einsetzbar: Es l\u00e4sst sich problemlos an der Wand befestigen, aber auch auf einer Arbeitsplatte, einem Regal oder einem Sideboard platzieren. Die graue Waschung und die robuste Optik machen es zur perfekten Erg\u00e4nzung f\u00fcr K\u00fcchen im Landhausstil oder im minimalistischen Stil.<\/p>","protected":false},"featured_media":32482,"template":"","meta":{"_joinchat":[]},"product_brand":[],"product_cat":[43],"product_tag":[1014],"class_list":{"0":"post-32475","1":"product","2":"type-product","3":"status-publish","4":"has-post-thumbnail","6":"product_cat-landelijke-woonaccessoires","7":"product_tag-houten-wandrek-keuken","9":"first","10":"instock","11":"taxable","12":"shipping-taxable","13":"purchasable","14":"product-type-simple"},"_links":{"self":[{"href":"https:\/\/zozowonen.nl\/de\/wp-json\/wp\/v2\/product\/32475","targetHints":{"allow":["GET"]}}],"collection":[{"href":"https:\/\/zozowonen.nl\/de\/wp-json\/wp\/v2\/product"}],"about":[{"href":"https:\/\/zozowonen.nl\/de\/wp-json\/wp\/v2\/types\/product"}],"version-history":[{"count":4,"href":"https:\/\/zozowonen.nl\/de\/wp-json\/wp\/v2\/product\/32475\/revisions"}],"predecessor-version":[{"id":32483,"href":"https:\/\/zozowonen.nl\/de\/wp-json\/wp\/v2\/product\/32475\/revisions\/32483"}],"wp:featuredmedia":[{"embeddable":true,"href":"https:\/\/zozowonen.nl\/de\/wp-json\/wp\/v2\/media\/32482"}],"wp:attachment":[{"href":"https:\/\/zozowonen.nl\/de\/wp-json\/wp\/v2\/media?parent=32475"}],"wp:term":[{"taxonomy":"product_brand","embeddable":true,"href":"https:\/\/zozowonen.nl\/de\/wp-json\/wp\/v2\/product_brand?post=32475"},{"taxonomy":"product_cat","embeddable":true,"href":"https:\/\/zozowonen.nl\/de\/wp-json\/wp\/v2\/product_cat?post=32475"},{"taxonomy":"product_tag","embeddable":true,"href":"https:\/\/zozowonen.nl\/de\/wp-json\/wp\/v2\/product_tag?post=32475"}],"curies":[{"name":"wp","href":"https:\/\/api.w.org\/{rel}","templated":true}]}}