{"id":32323,"date":"2026-04-21T09:35:43","date_gmt":"2026-04-21T09:35:43","guid":{"rendered":"https:\/\/zozowonen.nl\/?post_type=product&#038;p=32323"},"modified":"2026-04-21T09:53:18","modified_gmt":"2026-04-21T09:53:18","slug":"set-van-3-zwarte-opbergblikken","status":"publish","type":"product","link":"https:\/\/zozowonen.nl\/de\/produkt\/set-van-3-zwarte-opbergblikken\/","title":{"rendered":"Vorratsdosen mit Sichtfenster \u2013 Metall \u2013 K\u00fcchenvorratsdosen"},"content":{"rendered":"","protected":false},"excerpt":{"rendered":"<p>Minimalistische Aufbewahrungsdosen mit praktischem Sichtfenster. Ideal f\u00fcr Kaffee, Tee, Zucker und andere trockene Zutaten. Halten Sie Ihre K\u00fcche mit diesen stilvollen Dosen ordentlich und organisiert. Die Dosen sind aus schwarzem Metall gefertigt und verf\u00fcgen \u00fcber ein transparentes Sichtfenster, sodass Sie den Inhalt jederzeit im Blick haben.<\/p>\n<p data-start=\"757\" data-end=\"932\">Durch ihr elegantes, modernes Design sind sie eine sch\u00f6ne Erg\u00e4nzung f\u00fcr Ihre K\u00fcchentheke, Ihren Schrank oder Ihr Regal. Ideal zur Aufbewahrung von beispielsweise Kaffee, Tee, Zucker, Nudeln, Reis oder Snacks.<\/p>\n<p data-start=\"757\" data-end=\"932\">Einzeln erh\u00e4ltlich.<\/p>","protected":false},"featured_media":32329,"template":"","meta":{"_joinchat":[]},"product_brand":[],"product_cat":[43],"product_tag":[],"class_list":{"0":"post-32323","1":"product","2":"type-product","3":"status-publish","4":"has-post-thumbnail","6":"product_cat-landelijke-woonaccessoires","8":"first","9":"instock","10":"taxable","11":"shipping-taxable","12":"purchasable","13":"product-type-simple"},"_links":{"self":[{"href":"https:\/\/zozowonen.nl\/de\/wp-json\/wp\/v2\/product\/32323","targetHints":{"allow":["GET"]}}],"collection":[{"href":"https:\/\/zozowonen.nl\/de\/wp-json\/wp\/v2\/product"}],"about":[{"href":"https:\/\/zozowonen.nl\/de\/wp-json\/wp\/v2\/types\/product"}],"version-history":[{"count":4,"href":"https:\/\/zozowonen.nl\/de\/wp-json\/wp\/v2\/product\/32323\/revisions"}],"predecessor-version":[{"id":32327,"href":"https:\/\/zozowonen.nl\/de\/wp-json\/wp\/v2\/product\/32323\/revisions\/32327"}],"wp:featuredmedia":[{"embeddable":true,"href":"https:\/\/zozowonen.nl\/de\/wp-json\/wp\/v2\/media\/32329"}],"wp:attachment":[{"href":"https:\/\/zozowonen.nl\/de\/wp-json\/wp\/v2\/media?parent=32323"}],"wp:term":[{"taxonomy":"product_brand","embeddable":true,"href":"https:\/\/zozowonen.nl\/de\/wp-json\/wp\/v2\/product_brand?post=32323"},{"taxonomy":"product_cat","embeddable":true,"href":"https:\/\/zozowonen.nl\/de\/wp-json\/wp\/v2\/product_cat?post=32323"},{"taxonomy":"product_tag","embeddable":true,"href":"https:\/\/zozowonen.nl\/de\/wp-json\/wp\/v2\/product_tag?post=32323"}],"curies":[{"name":"wp","href":"https:\/\/api.w.org\/{rel}","templated":true}]}}