{"id":32290,"date":"2026-04-20T07:20:40","date_gmt":"2026-04-20T07:20:40","guid":{"rendered":"https:\/\/zozowonen.nl\/?post_type=product&#038;p=32290"},"modified":"2026-04-20T07:31:16","modified_gmt":"2026-04-20T07:31:16","slug":"kunstbloemen-gemengd-boeket-6","status":"publish","type":"product","link":"https:\/\/zozowonen.nl\/de\/produkt\/kunstbloemen-gemengd-boeket-6\/","title":{"rendered":"K\u00fcnstliche Blumen \u2013 Gemischter Tulpenstrau\u00df"},"content":{"rendered":"","protected":false},"excerpt":{"rendered":"<h3 data-start=\"90\" data-end=\"132\">Gemischter k\u00fcnstlicher Blumenstrau\u00df mit Tulpen<\/h3>\n<p data-start=\"134\" data-end=\"451\">Dieser gemischte Strau\u00df aus k\u00fcnstlichen Blumen mit Tulpen verleiht Ihrem Zuhause im Handumdrehen eine besondere Atmosph\u00e4re. Die Blumen wurden von uns sorgf\u00e4ltig ausgew\u00e4hlt und arrangiert und wirken so nat\u00fcrlich und zart, dass sie von echten Blumen kaum zu unterscheiden sind. Die Tulpen verleihen dem Strau\u00df eine frische und elegante Note und harmonieren perfekt mit den anderen Blumen.<\/p>\n<p data-start=\"453\" data-end=\"693\">Ein wundersch\u00f6ner Blumenstrau\u00df f\u00fcr den Couchtisch, die K\u00fcche oder das Sideboard. Er ist pflegeleicht: kein Gie\u00dfen, kein Verwelken, und trotzdem sieht er immer gepflegt aus. Ideal f\u00fcr alle, die gerne Blumen im Haus haben, aber auf Pflegeleichtigkeit verzichten m\u00f6chten.<\/p>\n<p data-start=\"695\" data-end=\"812\">Ein wundersch\u00f6ner Blumenstrau\u00df, der das ganze Jahr \u00fcber sch\u00f6n bleibt!<\/p>\n<p>Gesamtl\u00e4nge: +\/- 35cm.<\/p>","protected":false},"featured_media":32292,"template":"","meta":{"_joinchat":[]},"product_brand":[],"product_cat":[1527],"product_tag":[1453,1455,1529],"class_list":{"0":"post-32290","1":"product","2":"type-product","3":"status-publish","4":"has-post-thumbnail","6":"product_cat-kunstbloemen-en-zijden-bloemen","7":"product_tag-kunstbloemen","8":"product_tag-kunstbloemen-boeket","9":"product_tag-nep-bloemen","11":"first","12":"instock","13":"taxable","14":"shipping-taxable","15":"purchasable","16":"product-type-simple"},"_links":{"self":[{"href":"https:\/\/zozowonen.nl\/de\/wp-json\/wp\/v2\/product\/32290","targetHints":{"allow":["GET"]}}],"collection":[{"href":"https:\/\/zozowonen.nl\/de\/wp-json\/wp\/v2\/product"}],"about":[{"href":"https:\/\/zozowonen.nl\/de\/wp-json\/wp\/v2\/types\/product"}],"version-history":[{"count":2,"href":"https:\/\/zozowonen.nl\/de\/wp-json\/wp\/v2\/product\/32290\/revisions"}],"predecessor-version":[{"id":32294,"href":"https:\/\/zozowonen.nl\/de\/wp-json\/wp\/v2\/product\/32290\/revisions\/32294"}],"wp:featuredmedia":[{"embeddable":true,"href":"https:\/\/zozowonen.nl\/de\/wp-json\/wp\/v2\/media\/32292"}],"wp:attachment":[{"href":"https:\/\/zozowonen.nl\/de\/wp-json\/wp\/v2\/media?parent=32290"}],"wp:term":[{"taxonomy":"product_brand","embeddable":true,"href":"https:\/\/zozowonen.nl\/de\/wp-json\/wp\/v2\/product_brand?post=32290"},{"taxonomy":"product_cat","embeddable":true,"href":"https:\/\/zozowonen.nl\/de\/wp-json\/wp\/v2\/product_cat?post=32290"},{"taxonomy":"product_tag","embeddable":true,"href":"https:\/\/zozowonen.nl\/de\/wp-json\/wp\/v2\/product_tag?post=32290"}],"curies":[{"name":"wp","href":"https:\/\/api.w.org\/{rel}","templated":true}]}}