{"id":32100,"date":"2026-04-14T07:49:35","date_gmt":"2026-04-14T07:49:35","guid":{"rendered":"https:\/\/zozowonen.nl\/?post_type=product&#038;p=32100"},"modified":"2026-04-14T08:42:00","modified_gmt":"2026-04-14T08:42:00","slug":"houten-kandelaar-landelijk-5","status":"publish","type":"product","link":"https:\/\/zozowonen.nl\/de\/produkt\/houten-kandelaar-landelijk-5\/","title":{"rendered":"Kerzenst\u00e4nder aus Holz \u2013 50 cm"},"content":{"rendered":"","protected":false},"excerpt":{"rendered":"<p>Ein h\u00f6lzerner Kerzenst\u00e4nder ist ein wundersch\u00f6nes Dekorationsobjekt, das perfekt zum Landhausstil passt. Die Holzfarbe harmoniert wunderbar mit verschiedenen Einrichtungsstilen, von rustikal bis modern. Ob auf dem Sideboard, dem Couchtisch oder der Fensterbank \u2013 dieser rustikale Kerzenst\u00e4nder aus Holz verstr\u00f6mt Gem\u00fctlichkeit.<\/p>\n<p>Einzeln erh\u00e4ltlich.<br \/>\nBasisdurchmesser: 13 cm.<\/p>","protected":false},"featured_media":32114,"template":"","meta":{"_joinchat":[]},"product_brand":[],"product_cat":[29],"product_tag":[88,89],"class_list":{"0":"post-32100","1":"product","2":"type-product","3":"status-publish","4":"has-post-thumbnail","6":"product_cat-houten-kandelaars","7":"product_tag-houten-kandelaar","8":"product_tag-kandelaar-hout","10":"first","11":"instock","12":"taxable","13":"shipping-taxable","14":"purchasable","15":"product-type-simple"},"_links":{"self":[{"href":"https:\/\/zozowonen.nl\/de\/wp-json\/wp\/v2\/product\/32100","targetHints":{"allow":["GET"]}}],"collection":[{"href":"https:\/\/zozowonen.nl\/de\/wp-json\/wp\/v2\/product"}],"about":[{"href":"https:\/\/zozowonen.nl\/de\/wp-json\/wp\/v2\/types\/product"}],"version-history":[{"count":3,"href":"https:\/\/zozowonen.nl\/de\/wp-json\/wp\/v2\/product\/32100\/revisions"}],"predecessor-version":[{"id":32115,"href":"https:\/\/zozowonen.nl\/de\/wp-json\/wp\/v2\/product\/32100\/revisions\/32115"}],"wp:featuredmedia":[{"embeddable":true,"href":"https:\/\/zozowonen.nl\/de\/wp-json\/wp\/v2\/media\/32114"}],"wp:attachment":[{"href":"https:\/\/zozowonen.nl\/de\/wp-json\/wp\/v2\/media?parent=32100"}],"wp:term":[{"taxonomy":"product_brand","embeddable":true,"href":"https:\/\/zozowonen.nl\/de\/wp-json\/wp\/v2\/product_brand?post=32100"},{"taxonomy":"product_cat","embeddable":true,"href":"https:\/\/zozowonen.nl\/de\/wp-json\/wp\/v2\/product_cat?post=32100"},{"taxonomy":"product_tag","embeddable":true,"href":"https:\/\/zozowonen.nl\/de\/wp-json\/wp\/v2\/product_tag?post=32100"}],"curies":[{"name":"wp","href":"https:\/\/api.w.org\/{rel}","templated":true}]}}