{"id":32026,"date":"2026-04-13T11:57:09","date_gmt":"2026-04-13T11:57:09","guid":{"rendered":"https:\/\/zozowonen.nl\/?post_type=product&#038;p=32026"},"modified":"2026-04-13T12:02:23","modified_gmt":"2026-04-13T12:02:23","slug":"houten-pot-met-deksel-landelijk-3","status":"publish","type":"product","link":"https:\/\/zozowonen.nl\/de\/produkt\/houten-pot-met-deksel-landelijk-3\/","title":{"rendered":"Holztopf mit Deckel \u2013 26 cm"},"content":{"rendered":"<div data-elementor-type=\"wp-post\" data-elementor-id=\"32026\" class=\"elementor elementor-32026\">\n\t\t\t\t\t\t<section class=\"wd-negative-gap elementor-section elementor-top-section elementor-element elementor-element-b983026 elementor-section-boxed elementor-section-height-default elementor-section-height-default\" data-id=\"b983026\" data-element_type=\"section\" data-e-type=\"section\">\n\t\t\t\t\t\t<div class=\"elementor-container elementor-column-gap-default\">\n\t\t\t\t\t<div class=\"elementor-column elementor-col-100 elementor-top-column elementor-element elementor-element-bc7b570\" data-id=\"bc7b570\" data-element_type=\"column\" data-e-type=\"column\">\n\t\t\t<div class=\"elementor-widget-wrap elementor-element-populated\">\n\t\t\t\t\t\t<div class=\"elementor-element elementor-element-8023a65 elementor-widget elementor-widget-wd_text_block\" data-id=\"8023a65\" data-element_type=\"widget\" data-e-type=\"widget\" data-widget_type=\"wd_text_block.default\">\n\t\t\t\t<div class=\"elementor-widget-container\">\n\t\t\t\t\t\t\t<div class=\"wd-text-block reset-last-child text-left\">\n\t\t\t\n\t\t\t<h2>Holzt\u00f6pfe<\/h2><p>Ein sch\u00f6ner Holztopf mit Deckel im Landhausstil kann eine reizende Erg\u00e4nzung f\u00fcr Ihre Inneneinrichtung sein. Diese T\u00f6pfe zeichnen sich oft durch ihr rustikales Aussehen und ihre handwerkliche Verarbeitung aus und passen daher perfekt in ein l\u00e4ndlich oder traditionell eingerichtetes Zimmer.<\/p><p>Holzt\u00f6pfe gibt es in verschiedenen Formen, Gr\u00f6\u00dfen und Ausf\u00fchrungen, je nach pers\u00f6nlichem Geschmack und Einrichtungsstil. Manche sind aus Massivholz gefertigt und wirken nat\u00fcrlich und roh, andere sind mit Schnitzereien oder anderen dekorativen Elementen verziert, die zum rustikalen Stil passen.<\/p>\n\t\t\t\t\t<\/div>\n\t\t\t\t\t\t<\/div>\n\t\t\t\t<\/div>\n\t\t\t\t\t<\/div>\n\t\t<\/div>\n\t\t\t\t\t<\/div>\n\t\t<\/section>\n\t\t\t\t<\/div>","protected":false},"excerpt":{"rendered":"<p>Dieser Holztopf mit Deckel eignet sich ideal als Dekoration f\u00fcr ein Interieur im Landhausstil. Er sieht toll auf einem Tablett, Sideboard oder in einem offenen Schrank aus. Auch zur Aufbewahrung kleiner Gegenst\u00e4nde ist er bestens geeignet. Jeder Topf hat eine einzigartige Maserung.<\/p>\n<p><strong>Die Holzt\u00f6pfe k\u00f6nnen in Textur und Farbe leicht variieren. Einzeln erh\u00e4ltlich.<\/strong><\/p>\n<p>H\u00f6he inklusive Deckel: 26 cm.<br \/>\nDurchmesser: +\/- 14 cm.<\/p>","protected":false},"featured_media":32028,"template":"","meta":{"_joinchat":[]},"product_brand":[],"product_cat":[30],"product_tag":[1017,156,157,158],"class_list":{"0":"post-32026","1":"product","2":"type-product","3":"status-publish","4":"has-post-thumbnail","6":"product_cat-houten-schalen-en-potten","7":"product_tag-houten-pot-met-deksel","8":"product_tag-houten-potten","9":"product_tag-houten-potten-met-deksel","10":"product_tag-potten-houten-deksel","12":"first","13":"instock","14":"taxable","15":"shipping-taxable","16":"purchasable","17":"product-type-simple"},"_links":{"self":[{"href":"https:\/\/zozowonen.nl\/de\/wp-json\/wp\/v2\/product\/32026","targetHints":{"allow":["GET"]}}],"collection":[{"href":"https:\/\/zozowonen.nl\/de\/wp-json\/wp\/v2\/product"}],"about":[{"href":"https:\/\/zozowonen.nl\/de\/wp-json\/wp\/v2\/types\/product"}],"version-history":[{"count":1,"href":"https:\/\/zozowonen.nl\/de\/wp-json\/wp\/v2\/product\/32026\/revisions"}],"predecessor-version":[{"id":32027,"href":"https:\/\/zozowonen.nl\/de\/wp-json\/wp\/v2\/product\/32026\/revisions\/32027"}],"wp:featuredmedia":[{"embeddable":true,"href":"https:\/\/zozowonen.nl\/de\/wp-json\/wp\/v2\/media\/32028"}],"wp:attachment":[{"href":"https:\/\/zozowonen.nl\/de\/wp-json\/wp\/v2\/media?parent=32026"}],"wp:term":[{"taxonomy":"product_brand","embeddable":true,"href":"https:\/\/zozowonen.nl\/de\/wp-json\/wp\/v2\/product_brand?post=32026"},{"taxonomy":"product_cat","embeddable":true,"href":"https:\/\/zozowonen.nl\/de\/wp-json\/wp\/v2\/product_cat?post=32026"},{"taxonomy":"product_tag","embeddable":true,"href":"https:\/\/zozowonen.nl\/de\/wp-json\/wp\/v2\/product_tag?post=32026"}],"curies":[{"name":"wp","href":"https:\/\/api.w.org\/{rel}","templated":true}]}}