{"id":31993,"date":"2026-04-13T06:42:31","date_gmt":"2026-04-13T06:42:31","guid":{"rendered":"https:\/\/zozowonen.nl\/?post_type=product&#038;p=31993"},"modified":"2026-04-13T08:02:06","modified_gmt":"2026-04-13T08:02:06","slug":"solar-tuinverlichting-2","status":"publish","type":"product","link":"https:\/\/zozowonen.nl\/de\/produkt\/solar-tuinverlichting-2\/","title":{"rendered":"Solar-Gartenbeleuchtung \u2013 LED \u2013 Neutralwei\u00df \u2013 34 cm"},"content":{"rendered":"","protected":false},"excerpt":{"rendered":"<p>Atmosph\u00e4rische Solarlampe f\u00fcr den Au\u00dfenbereich! Diese Solarlampen laden sich tags\u00fcber mit Tageslicht auf und sorgen abends f\u00fcr stimmungsvolle Beleuchtung in Ihrem Garten oder auf Ihrer Terrasse \u2013 ganz ohne l\u00e4stige Kabel.<\/p>\n<ul>\n<li>Die Lampe l\u00e4dt sich nur auf, wenn der Schalter eingeschaltet ist.<\/li>\n<li>Die Lampe schaltet sich bei Dunkelheit automatisch ein.<\/li>\n<li>Es empfiehlt sich, die Lampe den ganzen Tag dem Tageslicht auszusetzen.<\/li>\n<li>Wischen Sie das Solarpanel regelm\u00e4\u00dfig mit einem feuchten Tuch ab.<\/li>\n<\/ul>","protected":false},"featured_media":31994,"template":"","meta":{"_joinchat":[]},"product_brand":[],"product_cat":[1903],"product_tag":[1906,1275,1905],"class_list":{"0":"post-31993","1":"product","2":"type-product","3":"status-publish","4":"has-post-thumbnail","6":"product_cat-solar-tuinverlichting","7":"product_tag-solar-lamp-buiten","8":"product_tag-solar-lamp-tuin","9":"product_tag-solar-tuinverichting","11":"first","12":"instock","13":"taxable","14":"shipping-taxable","15":"purchasable","16":"product-type-simple"},"_links":{"self":[{"href":"https:\/\/zozowonen.nl\/de\/wp-json\/wp\/v2\/product\/31993","targetHints":{"allow":["GET"]}}],"collection":[{"href":"https:\/\/zozowonen.nl\/de\/wp-json\/wp\/v2\/product"}],"about":[{"href":"https:\/\/zozowonen.nl\/de\/wp-json\/wp\/v2\/types\/product"}],"version-history":[{"count":3,"href":"https:\/\/zozowonen.nl\/de\/wp-json\/wp\/v2\/product\/31993\/revisions"}],"predecessor-version":[{"id":31997,"href":"https:\/\/zozowonen.nl\/de\/wp-json\/wp\/v2\/product\/31993\/revisions\/31997"}],"wp:featuredmedia":[{"embeddable":true,"href":"https:\/\/zozowonen.nl\/de\/wp-json\/wp\/v2\/media\/31994"}],"wp:attachment":[{"href":"https:\/\/zozowonen.nl\/de\/wp-json\/wp\/v2\/media?parent=31993"}],"wp:term":[{"taxonomy":"product_brand","embeddable":true,"href":"https:\/\/zozowonen.nl\/de\/wp-json\/wp\/v2\/product_brand?post=31993"},{"taxonomy":"product_cat","embeddable":true,"href":"https:\/\/zozowonen.nl\/de\/wp-json\/wp\/v2\/product_cat?post=31993"},{"taxonomy":"product_tag","embeddable":true,"href":"https:\/\/zozowonen.nl\/de\/wp-json\/wp\/v2\/product_tag?post=31993"}],"curies":[{"name":"wp","href":"https:\/\/api.w.org\/{rel}","templated":true}]}}