{"id":31849,"date":"2026-04-11T09:16:13","date_gmt":"2026-04-11T09:16:13","guid":{"rendered":"https:\/\/zozowonen.nl\/?post_type=product&#038;p=31849"},"modified":"2026-04-18T10:18:59","modified_gmt":"2026-04-18T10:18:59","slug":"houten-broodplankjes-borrelplankjes","status":"publish","type":"product","link":"https:\/\/zozowonen.nl\/de\/produkt\/houten-broodplankjes-borrelplankjes\/","title":{"rendered":"4 Holz-Schneidebretter \u2013 Servierbretter \u2013 Metallhalter"},"content":{"rendered":"","protected":false},"excerpt":{"rendered":"<p data-start=\"441\" data-end=\"637\">Perfekt f\u00fcrs t\u00e4gliche Sandwich, aber auch super praktisch, wenn man schnell etwas schneiden oder eine kleine Wurst- und K\u00e4seplatte zubereiten m\u00f6chte. Die Bretter sind robust und f\u00fcr den t\u00e4glichen Gebrauch geeignet.<\/p>\n<p data-start=\"639\" data-end=\"799\">Besonders praktisch an diesem Set ist der Metallhalter mit Aufh\u00e4nger. Man stellt ihn auf die Arbeitsplatte, und alles h\u00e4ngt ordentlich beieinander \u2013 \u00fcbersichtlich und praktisch.<\/p>\n<p data-start=\"1031\" data-end=\"1220\">Suchen Sie nach <strong data-start=\"1039\" data-end=\"1074\">Schneidebretter aus Holz mit Halter<\/strong>, <strong data-start=\"1076\" data-end=\"1105\">Servierbretter mit Aufh\u00e4nger<\/strong> oder ein <strong data-start=\"1113\" data-end=\"1160\">Kompaktes Servierbrett-Set f\u00fcr die K\u00fcche<\/strong>Dann ist dies schlichtweg eine sehr praktische und stilvolle Wahl.<\/p>\n<p>Abmessungen<\/p>\n<ul>\n<li data-start=\"1031\" data-end=\"1220\">Gesamth\u00f6he inklusive Halterung: 40 cm.<\/li>\n<li data-start=\"1031\" data-end=\"1220\">Schneidebrett: 30x16x1,5cm.<\/li>\n<\/ul>","protected":false},"featured_media":31854,"template":"","meta":{"_joinchat":[]},"product_brand":[],"product_cat":[43],"product_tag":[1515],"class_list":{"0":"post-31849","1":"product","2":"type-product","3":"status-publish","4":"has-post-thumbnail","6":"product_cat-landelijke-woonaccessoires","7":"product_tag-houten-keukenrolhouder","9":"first","10":"instock","11":"taxable","12":"shipping-taxable","13":"purchasable","14":"product-type-simple"},"_links":{"self":[{"href":"https:\/\/zozowonen.nl\/de\/wp-json\/wp\/v2\/product\/31849","targetHints":{"allow":["GET"]}}],"collection":[{"href":"https:\/\/zozowonen.nl\/de\/wp-json\/wp\/v2\/product"}],"about":[{"href":"https:\/\/zozowonen.nl\/de\/wp-json\/wp\/v2\/types\/product"}],"version-history":[{"count":6,"href":"https:\/\/zozowonen.nl\/de\/wp-json\/wp\/v2\/product\/31849\/revisions"}],"predecessor-version":[{"id":31858,"href":"https:\/\/zozowonen.nl\/de\/wp-json\/wp\/v2\/product\/31849\/revisions\/31858"}],"wp:featuredmedia":[{"embeddable":true,"href":"https:\/\/zozowonen.nl\/de\/wp-json\/wp\/v2\/media\/31854"}],"wp:attachment":[{"href":"https:\/\/zozowonen.nl\/de\/wp-json\/wp\/v2\/media?parent=31849"}],"wp:term":[{"taxonomy":"product_brand","embeddable":true,"href":"https:\/\/zozowonen.nl\/de\/wp-json\/wp\/v2\/product_brand?post=31849"},{"taxonomy":"product_cat","embeddable":true,"href":"https:\/\/zozowonen.nl\/de\/wp-json\/wp\/v2\/product_cat?post=31849"},{"taxonomy":"product_tag","embeddable":true,"href":"https:\/\/zozowonen.nl\/de\/wp-json\/wp\/v2\/product_tag?post=31849"}],"curies":[{"name":"wp","href":"https:\/\/api.w.org\/{rel}","templated":true}]}}