{"id":31836,"date":"2026-04-11T08:01:32","date_gmt":"2026-04-11T08:01:32","guid":{"rendered":"https:\/\/zozowonen.nl\/?post_type=product&#038;p=31836"},"modified":"2026-04-11T08:10:20","modified_gmt":"2026-04-11T08:10:20","slug":"houten-keukenrolhouder-2","status":"publish","type":"product","link":"https:\/\/zozowonen.nl\/de\/produkt\/houten-keukenrolhouder-2\/","title":{"rendered":"Papierhandtuchhalter aus Holz"},"content":{"rendered":"","protected":false},"excerpt":{"rendered":"<p data-start=\"163\" data-end=\"425\">Manchmal sind es gerade die kleinen Dinge, die die K\u00fcche ein bisschen sch\u00f6ner machen. Dieser Papierhandtuchhalter aus Holz ist ein gutes Beispiel daf\u00fcr. Schlicht und ohne Schnickschnack, einfach ein robustes und sch\u00f6n verarbeitetes St\u00fcck Holz, das gut auf der Arbeitsplatte aussieht und seinen Zweck perfekt erf\u00fcllt.<\/p>\n<p data-start=\"427\" data-end=\"687\">Dank des stabilen Fu\u00dfes steht der Halter sicher. Ein weiterer Pluspunkt: Er passt wirklich zu allem. Ob Ihre K\u00fcche modern oder eher gem\u00fctlich und rustikal eingerichtet ist \u2013 er sieht einfach gut aus. Besonders in Kombination mit anderen Holzaccessoires verleiht er Ihrer K\u00fcche sofort mehr Atmosph\u00e4re.<\/p>\n<p>H\u00f6he: 37 cm<br \/>\nBasisdurchmesser: 13 cm<\/p>","protected":false},"featured_media":31837,"template":"","meta":{"_joinchat":[]},"product_brand":[],"product_cat":[43],"product_tag":[1515],"class_list":{"0":"post-31836","1":"product","2":"type-product","3":"status-publish","4":"has-post-thumbnail","6":"product_cat-landelijke-woonaccessoires","7":"product_tag-houten-keukenrolhouder","9":"first","10":"instock","11":"taxable","12":"shipping-taxable","13":"purchasable","14":"product-type-simple"},"_links":{"self":[{"href":"https:\/\/zozowonen.nl\/de\/wp-json\/wp\/v2\/product\/31836","targetHints":{"allow":["GET"]}}],"collection":[{"href":"https:\/\/zozowonen.nl\/de\/wp-json\/wp\/v2\/product"}],"about":[{"href":"https:\/\/zozowonen.nl\/de\/wp-json\/wp\/v2\/types\/product"}],"version-history":[{"count":3,"href":"https:\/\/zozowonen.nl\/de\/wp-json\/wp\/v2\/product\/31836\/revisions"}],"predecessor-version":[{"id":31840,"href":"https:\/\/zozowonen.nl\/de\/wp-json\/wp\/v2\/product\/31836\/revisions\/31840"}],"wp:featuredmedia":[{"embeddable":true,"href":"https:\/\/zozowonen.nl\/de\/wp-json\/wp\/v2\/media\/31837"}],"wp:attachment":[{"href":"https:\/\/zozowonen.nl\/de\/wp-json\/wp\/v2\/media?parent=31836"}],"wp:term":[{"taxonomy":"product_brand","embeddable":true,"href":"https:\/\/zozowonen.nl\/de\/wp-json\/wp\/v2\/product_brand?post=31836"},{"taxonomy":"product_cat","embeddable":true,"href":"https:\/\/zozowonen.nl\/de\/wp-json\/wp\/v2\/product_cat?post=31836"},{"taxonomy":"product_tag","embeddable":true,"href":"https:\/\/zozowonen.nl\/de\/wp-json\/wp\/v2\/product_tag?post=31836"}],"curies":[{"name":"wp","href":"https:\/\/api.w.org\/{rel}","templated":true}]}}