{"id":31684,"date":"2026-04-09T08:37:05","date_gmt":"2026-04-09T08:37:05","guid":{"rendered":"https:\/\/zozowonen.nl\/?post_type=product&#038;p=31684"},"modified":"2026-04-09T13:38:16","modified_gmt":"2026-04-09T13:38:16","slug":"wc-rolhouder-hout","status":"publish","type":"product","link":"https:\/\/zozowonen.nl\/de\/produkt\/wc-rolhouder-hout\/","title":{"rendered":"Toilettenpapierhalter \u2013 Holz"},"content":{"rendered":"","protected":false},"excerpt":{"rendered":"<p>Verleihen Sie Ihrer Toilette mit diesem wundersch\u00f6nen Toilettenpapierhalter aus Teakholz einen rustikalen, stilvollen und praktischen Look! Der Halter verf\u00fcgt au\u00dferdem \u00fcber Befestigungspunkte auf der R\u00fcckseite, sodass er bei Bedarf an der Wand aufgeh\u00e4ngt werden kann.<\/p>\n<p>&nbsp;<\/p>","protected":false},"featured_media":31709,"template":"","meta":{"_joinchat":[]},"product_brand":[],"product_cat":[43],"product_tag":[1490,1514],"class_list":{"0":"post-31684","1":"product","2":"type-product","3":"status-publish","4":"has-post-thumbnail","6":"product_cat-landelijke-woonaccessoires","7":"product_tag-wc-rolhouder","8":"product_tag-wc-rolhouder-hout","10":"first","11":"instock","12":"taxable","13":"shipping-taxable","14":"purchasable","15":"product-type-simple"},"_links":{"self":[{"href":"https:\/\/zozowonen.nl\/de\/wp-json\/wp\/v2\/product\/31684","targetHints":{"allow":["GET"]}}],"collection":[{"href":"https:\/\/zozowonen.nl\/de\/wp-json\/wp\/v2\/product"}],"about":[{"href":"https:\/\/zozowonen.nl\/de\/wp-json\/wp\/v2\/types\/product"}],"version-history":[{"count":2,"href":"https:\/\/zozowonen.nl\/de\/wp-json\/wp\/v2\/product\/31684\/revisions"}],"predecessor-version":[{"id":31688,"href":"https:\/\/zozowonen.nl\/de\/wp-json\/wp\/v2\/product\/31684\/revisions\/31688"}],"wp:featuredmedia":[{"embeddable":true,"href":"https:\/\/zozowonen.nl\/de\/wp-json\/wp\/v2\/media\/31709"}],"wp:attachment":[{"href":"https:\/\/zozowonen.nl\/de\/wp-json\/wp\/v2\/media?parent=31684"}],"wp:term":[{"taxonomy":"product_brand","embeddable":true,"href":"https:\/\/zozowonen.nl\/de\/wp-json\/wp\/v2\/product_brand?post=31684"},{"taxonomy":"product_cat","embeddable":true,"href":"https:\/\/zozowonen.nl\/de\/wp-json\/wp\/v2\/product_cat?post=31684"},{"taxonomy":"product_tag","embeddable":true,"href":"https:\/\/zozowonen.nl\/de\/wp-json\/wp\/v2\/product_tag?post=31684"}],"curies":[{"name":"wp","href":"https:\/\/api.w.org\/{rel}","templated":true}]}}