{"id":30247,"date":"2026-03-14T14:12:41","date_gmt":"2026-03-14T14:12:41","guid":{"rendered":"https:\/\/zozowonen.nl\/?post_type=product&#038;p=30247"},"modified":"2026-04-28T07:39:32","modified_gmt":"2026-04-28T07:39:32","slug":"raamshutter-raamscherm","status":"publish","type":"product","link":"https:\/\/zozowonen.nl\/de\/produkt\/raamshutter-raamscherm\/","title":{"rendered":"Fensterladen \u2013 2-teilig \u2013 50 cm \u2013 Grau gewaschen"},"content":{"rendered":"","protected":false},"excerpt":{"rendered":"<p>Wundersch\u00f6ner dekorativer Fensterladen, bestehend aus zwei Paneelen. Eignet sich beispielsweise hervorragend als Fensterbankdekoration.<br \/>\nEine wundersch\u00f6ne Erg\u00e4nzung f\u00fcr Ihre Inneneinrichtung, die Ihrem Wohnzimmer sofort eine besondere Atmosph\u00e4re verleiht.<\/p>\n<p>H\u00f6he: 50 cm.<br \/>\nL\u00e4nge (ausgeklappt): 44 cm<\/p>","protected":false},"featured_media":30251,"template":"","meta":{"_joinchat":[]},"product_brand":[],"product_cat":[1307],"product_tag":[976,1308,1758,973,1231],"class_list":{"0":"post-30247","1":"product","2":"type-product","3":"status-publish","4":"has-post-thumbnail","6":"product_cat-raamshutters","7":"product_tag-houten-shutters","8":"product_tag-raam-shutters","9":"product_tag-raamscherm","10":"product_tag-shutters","11":"product_tag-shutters-raam","13":"first","14":"instock","15":"taxable","16":"shipping-taxable","17":"purchasable","18":"product-type-simple"},"_links":{"self":[{"href":"https:\/\/zozowonen.nl\/de\/wp-json\/wp\/v2\/product\/30247","targetHints":{"allow":["GET"]}}],"collection":[{"href":"https:\/\/zozowonen.nl\/de\/wp-json\/wp\/v2\/product"}],"about":[{"href":"https:\/\/zozowonen.nl\/de\/wp-json\/wp\/v2\/types\/product"}],"version-history":[{"count":3,"href":"https:\/\/zozowonen.nl\/de\/wp-json\/wp\/v2\/product\/30247\/revisions"}],"predecessor-version":[{"id":32538,"href":"https:\/\/zozowonen.nl\/de\/wp-json\/wp\/v2\/product\/30247\/revisions\/32538"}],"wp:featuredmedia":[{"embeddable":true,"href":"https:\/\/zozowonen.nl\/de\/wp-json\/wp\/v2\/media\/30251"}],"wp:attachment":[{"href":"https:\/\/zozowonen.nl\/de\/wp-json\/wp\/v2\/media?parent=30247"}],"wp:term":[{"taxonomy":"product_brand","embeddable":true,"href":"https:\/\/zozowonen.nl\/de\/wp-json\/wp\/v2\/product_brand?post=30247"},{"taxonomy":"product_cat","embeddable":true,"href":"https:\/\/zozowonen.nl\/de\/wp-json\/wp\/v2\/product_cat?post=30247"},{"taxonomy":"product_tag","embeddable":true,"href":"https:\/\/zozowonen.nl\/de\/wp-json\/wp\/v2\/product_tag?post=30247"}],"curies":[{"name":"wp","href":"https:\/\/api.w.org\/{rel}","templated":true}]}}