{"id":29976,"date":"2026-03-12T13:48:14","date_gmt":"2026-03-12T13:48:14","guid":{"rendered":"https:\/\/zozowonen.nl\/?post_type=product&#038;p=29976"},"modified":"2026-03-25T18:02:29","modified_gmt":"2026-03-25T18:02:29","slug":"baluster-lampenvoet-landelijk","status":"publish","type":"product","link":"https:\/\/zozowonen.nl\/de\/produkt\/baluster-lampenvoet-landelijk\/","title":{"rendered":"Holzlampenfu\u00df, l\u00e4ndlich"},"content":{"rendered":"","protected":false},"excerpt":{"rendered":"<p>Wundersch\u00f6ner Lampenfu\u00df aus Holz im Landhausstil. Dieser Holzlampenfu\u00df verleiht einem Interieur im Landhausstil eine stimmungsvolle Atmosph\u00e4re. Die Holzoptik passt perfekt zu l\u00e4ndlicher oder rustikaler Einrichtung.<\/p>\n<ul>\n<li>H\u00f6he inklusive Beschl\u00e4ge: 50 cm.<\/li>\n<li>Grundfl\u00e4che: 12 cm x 12 cm.<\/li>\n<li>Lampenfassung: E27.<\/li>\n<\/ul>\n<link rel=\"stylesheet\" id=\"elementor-post-27641-css\" href=\"https:\/\/zozowonen.nl\/wp-content\/uploads\/elementor\/css\/post-27641.css?ver=1776314874\" type=\"text\/css\" media=\"all\">\n<div data-elementor-type=\"wp-post\" data-elementor-id=\"27641\" class=\"elementor elementor-27641\">\n<section class=\"wd-negative-gap elementor-section elementor-top-section elementor-element elementor-element-0d470f2 elementor-section-boxed elementor-section-height-default elementor-section-height-default\" data-id=\"0d470f2\" data-element_type=\"section\" data-e-type=\"section\">\n<div class=\"elementor-container elementor-column-gap-default\">\n<div class=\"elementor-column elementor-col-100 elementor-top-column elementor-element elementor-element-c5f8081\" data-id=\"c5f8081\" data-element_type=\"column\" data-e-type=\"column\">\n<div class=\"elementor-widget-wrap elementor-element-populated\">\n<div class=\"elementor-element elementor-element-4766995 elementor-widget elementor-widget-wd_text_block\" data-id=\"4766995\" data-element_type=\"widget\" data-e-type=\"widget\" data-widget_type=\"wd_text_block.default\">\n<div class=\"elementor-widget-container\">\n<div class=\"wd-text-block reset-last-child text-left\">\n<p>Suchen Sie einen sch\u00f6nen Lampenschirm?<br \/>Klicken Sie unten, um unsere Lampenschirme anzusehen.<\/p>\n<\/p><\/div>\n<\/p><\/div>\n<\/p><\/div>\n<div class=\"elementor-element elementor-element-b31a1eb elementor-widget__width-auto elementor-widget elementor-widget-button\" data-id=\"b31a1eb\" data-element_type=\"widget\" data-e-type=\"widget\" data-widget_type=\"button.default\">\n<div class=\"elementor-widget-container\">\n<div class=\"elementor-button-wrapper\">\n\t\t\t\t\t<a class=\"elementor-button elementor-button-link elementor-size-sm\" href=\"https:\/\/zozowonen.nl\/de\/product-category\/lampenkappen\/\"><br \/>\n\t\t\t\t\t\t<span class=\"elementor-button-content-wrapper\"><br \/>\n\t\t\t\t\t\t<span class=\"elementor-button-icon\"><br \/>\n\t\t\t\t<i aria-hidden=\"true\" class=\"far fa-arrow-alt-circle-right\"><\/i>\t\t\t<\/span><br \/>\n\t\t\t\t\t\t\t\t\t<span class=\"elementor-button-text\">Lampenschirme<\/span><br \/>\n\t\t\t\t\t<\/span><br \/>\n\t\t\t\t\t<\/a>\n\t\t\t\t<\/div>\n<\/p><\/div>\n<\/p><\/div>\n<\/p><\/div>\n<\/p><\/div>\n<\/p><\/div>\n<\/section><\/div>","protected":false},"featured_media":29981,"template":"","meta":{"_joinchat":[]},"product_brand":[],"product_cat":[1320],"product_tag":[1756,1753,1757],"class_list":{"0":"post-29976","1":"product","2":"type-product","3":"status-publish","4":"has-post-thumbnail","6":"product_cat-landelijke-lampenvoeten","7":"product_tag-houten-lampenvoet","8":"product_tag-lampenvoet-hout","9":"product_tag-landelijke-lampenvoeten","11":"first","12":"outofstock","13":"taxable","14":"shipping-taxable","15":"purchasable","16":"product-type-simple"},"_links":{"self":[{"href":"https:\/\/zozowonen.nl\/de\/wp-json\/wp\/v2\/product\/29976","targetHints":{"allow":["GET"]}}],"collection":[{"href":"https:\/\/zozowonen.nl\/de\/wp-json\/wp\/v2\/product"}],"about":[{"href":"https:\/\/zozowonen.nl\/de\/wp-json\/wp\/v2\/types\/product"}],"version-history":[{"count":4,"href":"https:\/\/zozowonen.nl\/de\/wp-json\/wp\/v2\/product\/29976\/revisions"}],"predecessor-version":[{"id":29980,"href":"https:\/\/zozowonen.nl\/de\/wp-json\/wp\/v2\/product\/29976\/revisions\/29980"}],"wp:featuredmedia":[{"embeddable":true,"href":"https:\/\/zozowonen.nl\/de\/wp-json\/wp\/v2\/media\/29981"}],"wp:attachment":[{"href":"https:\/\/zozowonen.nl\/de\/wp-json\/wp\/v2\/media?parent=29976"}],"wp:term":[{"taxonomy":"product_brand","embeddable":true,"href":"https:\/\/zozowonen.nl\/de\/wp-json\/wp\/v2\/product_brand?post=29976"},{"taxonomy":"product_cat","embeddable":true,"href":"https:\/\/zozowonen.nl\/de\/wp-json\/wp\/v2\/product_cat?post=29976"},{"taxonomy":"product_tag","embeddable":true,"href":"https:\/\/zozowonen.nl\/de\/wp-json\/wp\/v2\/product_tag?post=29976"}],"curies":[{"name":"wp","href":"https:\/\/api.w.org\/{rel}","templated":true}]}}