{"id":29537,"date":"2026-03-02T13:47:20","date_gmt":"2026-03-02T13:47:20","guid":{"rendered":"https:\/\/zozowonen.nl\/?post_type=product&#038;p=29537"},"modified":"2026-03-08T09:07:50","modified_gmt":"2026-03-08T09:07:50","slug":"vogelhuisje","status":"publish","type":"product","link":"https:\/\/zozowonen.nl\/de\/produkt\/vogelhuisje\/","title":{"rendered":"Vogelhaus"},"content":{"rendered":"","protected":false},"excerpt":{"rendered":"<h2 data-section-id=\"ftwgx9\" data-start=\"72\" data-end=\"112\">Vogelhaus aus Holz<\/h2>\n<p data-start=\"114\" data-end=\"372\">Dieses h\u00f6lzerne Vogelhaus ist eine charmante Bereicherung f\u00fcr jeden Garten. Die Kombination aus Naturholz und wei\u00dfem Dach verleiht dem Haus ein frisches Aussehen. Die kleine niederl\u00e4ndische Flagge an der Vorderseite setzt einen verspielten Akzent.<\/p>\n<p data-start=\"374\" data-end=\"566\">Das Vogelhaus ist so konzipiert, dass es an einem Zaun oder beispielsweise einem Baum aufgeh\u00e4ngt werden kann. So verleihen Sie Ihrem Garten auf einfache Weise eine besondere Atmosph\u00e4re und bieten V\u00f6geln einen sch\u00f6nen Nistplatz.<\/p>\n<p data-start=\"772\" data-end=\"814\"><strong data-start=\"772\" data-end=\"787\">Abmessungen:<\/strong><br data-start=\"787\" data-end=\"790\" \/>H\u00f6he: 27,5 cm.<br \/>\nBreite: 14 cm.<br \/>\nL\u00e4nge: 17,5 cm.<\/p>\n<p data-start=\"816\" data-end=\"925\"><strong>Tipp: H\u00e4ngen Sie das Vogelhaus an einem ruhigen, leicht gesch\u00fctzten Ort auf. Dort f\u00fchlen sich V\u00f6gel am wohlsten.<\/strong><\/p>","protected":false},"featured_media":29543,"template":"","meta":{"_joinchat":[]},"product_brand":[],"product_cat":[43,1285],"product_tag":[571,574,573,572],"class_list":{"0":"post-29537","1":"product","2":"type-product","3":"status-publish","4":"has-post-thumbnail","6":"product_cat-landelijke-woonaccessoires","7":"product_cat-tuin-decoratie","8":"product_tag-louvre-luiken","9":"product_tag-louvre-luiken-binnen","10":"product_tag-louvre-luiken-landelijk","11":"product_tag-louvre-luiken-vensterbank","13":"first","14":"instock","15":"taxable","16":"shipping-taxable","17":"purchasable","18":"product-type-simple"},"_links":{"self":[{"href":"https:\/\/zozowonen.nl\/de\/wp-json\/wp\/v2\/product\/29537","targetHints":{"allow":["GET"]}}],"collection":[{"href":"https:\/\/zozowonen.nl\/de\/wp-json\/wp\/v2\/product"}],"about":[{"href":"https:\/\/zozowonen.nl\/de\/wp-json\/wp\/v2\/types\/product"}],"version-history":[{"count":4,"href":"https:\/\/zozowonen.nl\/de\/wp-json\/wp\/v2\/product\/29537\/revisions"}],"predecessor-version":[{"id":29545,"href":"https:\/\/zozowonen.nl\/de\/wp-json\/wp\/v2\/product\/29537\/revisions\/29545"}],"wp:featuredmedia":[{"embeddable":true,"href":"https:\/\/zozowonen.nl\/de\/wp-json\/wp\/v2\/media\/29543"}],"wp:attachment":[{"href":"https:\/\/zozowonen.nl\/de\/wp-json\/wp\/v2\/media?parent=29537"}],"wp:term":[{"taxonomy":"product_brand","embeddable":true,"href":"https:\/\/zozowonen.nl\/de\/wp-json\/wp\/v2\/product_brand?post=29537"},{"taxonomy":"product_cat","embeddable":true,"href":"https:\/\/zozowonen.nl\/de\/wp-json\/wp\/v2\/product_cat?post=29537"},{"taxonomy":"product_tag","embeddable":true,"href":"https:\/\/zozowonen.nl\/de\/wp-json\/wp\/v2\/product_tag?post=29537"}],"curies":[{"name":"wp","href":"https:\/\/api.w.org\/{rel}","templated":true}]}}