{"id":29488,"date":"2026-03-01T07:57:58","date_gmt":"2026-03-01T07:57:58","guid":{"rendered":"https:\/\/zozowonen.nl\/?post_type=product&#038;p=29488"},"modified":"2026-03-01T09:32:35","modified_gmt":"2026-03-01T09:32:35","slug":"kunstbloemen-margrieten","status":"publish","type":"product","link":"https:\/\/zozowonen.nl\/de\/produkt\/kunstbloemen-margrieten\/","title":{"rendered":"K\u00fcnstliche Blumen \u2013 G\u00e4nsebl\u00fcmchen \u2013 10 Stiele"},"content":{"rendered":"","protected":false},"excerpt":{"rendered":"<p>Dieser Blumenstrau\u00df ist von hoher Qualit\u00e4t. <strong>k\u00fcnstliche Blumen<\/strong> Sie bringen die Sch\u00f6nheit echter Blumen in Ihr Zuhause. Dank hochwertiger Materialien sind sie von echten Blumen kaum zu unterscheiden.<\/p>\n<p>Das <strong>k\u00fcnstliche Blumen<\/strong> Sie eignen sich ideal als langlebige Dekoration f\u00fcr Zuhause, im B\u00fcro oder als Geschenk. Dieser Blumenstrau\u00df bleibt das ganze Jahr \u00fcber frisch und farbenfroh \u2013 ganz ohne Pflege. Kein Wasser n\u00f6tig, keine abfallenden Bl\u00e4tter \u2013 einfach dauerhafte Sch\u00f6nheit.<\/p>\n<p>Gesamtl\u00e4nge: +\/- 65cm.<\/p>","protected":false},"featured_media":29491,"template":"","meta":{"_joinchat":[]},"product_brand":[],"product_cat":[1527],"product_tag":[1453,1455,1529],"class_list":{"0":"post-29488","1":"product","2":"type-product","3":"status-publish","4":"has-post-thumbnail","6":"product_cat-kunstbloemen-en-zijden-bloemen","7":"product_tag-kunstbloemen","8":"product_tag-kunstbloemen-boeket","9":"product_tag-nep-bloemen","11":"first","12":"instock","13":"taxable","14":"shipping-taxable","15":"purchasable","16":"product-type-simple"},"_links":{"self":[{"href":"https:\/\/zozowonen.nl\/de\/wp-json\/wp\/v2\/product\/29488","targetHints":{"allow":["GET"]}}],"collection":[{"href":"https:\/\/zozowonen.nl\/de\/wp-json\/wp\/v2\/product"}],"about":[{"href":"https:\/\/zozowonen.nl\/de\/wp-json\/wp\/v2\/types\/product"}],"version-history":[{"count":3,"href":"https:\/\/zozowonen.nl\/de\/wp-json\/wp\/v2\/product\/29488\/revisions"}],"predecessor-version":[{"id":29492,"href":"https:\/\/zozowonen.nl\/de\/wp-json\/wp\/v2\/product\/29488\/revisions\/29492"}],"wp:featuredmedia":[{"embeddable":true,"href":"https:\/\/zozowonen.nl\/de\/wp-json\/wp\/v2\/media\/29491"}],"wp:attachment":[{"href":"https:\/\/zozowonen.nl\/de\/wp-json\/wp\/v2\/media?parent=29488"}],"wp:term":[{"taxonomy":"product_brand","embeddable":true,"href":"https:\/\/zozowonen.nl\/de\/wp-json\/wp\/v2\/product_brand?post=29488"},{"taxonomy":"product_cat","embeddable":true,"href":"https:\/\/zozowonen.nl\/de\/wp-json\/wp\/v2\/product_cat?post=29488"},{"taxonomy":"product_tag","embeddable":true,"href":"https:\/\/zozowonen.nl\/de\/wp-json\/wp\/v2\/product_tag?post=29488"}],"curies":[{"name":"wp","href":"https:\/\/api.w.org\/{rel}","templated":true}]}}