{"id":29355,"date":"2026-02-23T14:58:41","date_gmt":"2026-02-23T14:58:41","guid":{"rendered":"https:\/\/zozowonen.nl\/?post_type=product&#038;p=29355"},"modified":"2026-02-23T15:23:32","modified_gmt":"2026-02-23T15:23:32","slug":"authentieke-handgemaakte-kruik","status":"publish","type":"product","link":"https:\/\/zozowonen.nl\/de\/produkt\/authentieke-handgemaakte-kruik\/","title":{"rendered":"Authentischer handgefertigter Krug"},"content":{"rendered":"","protected":false},"excerpt":{"rendered":"<p data-start=\"680\" data-end=\"894\">Das <strong data-start=\"685\" data-end=\"731\">authentischer handgefertigter Krug<\/strong> ist ein wundersch\u00f6nes, charaktervolles Dekorationsobjekt. Die bauchige Form, die raue Tonstruktur und die dezenten, handgeformten Nieten verleihen diesem Topf ein einzigartiges, verwittertes Aussehen.<\/p>\n<p data-start=\"896\" data-end=\"1103\">Die nat\u00fcrliche, matte Oberfl\u00e4che und der dezente Farbton machen diese Kanne perfekt f\u00fcr einen rustikalen, minimalistischen Stil. Sieht wundersch\u00f6n auf einem Holztisch, einem Sideboard oder in einem offenen Schrank aus. Da sie handgefertigt ist, gleicht kein St\u00fcck dem anderen \u2013 kleine Unregelm\u00e4\u00dfigkeiten und Farbabweichungen unterstreichen den handwerklichen Charakter. <strong data-start=\"1261\" data-end=\"1288\">robuster Steinguttopf<\/strong> Es dient rein dekorativen Zwecken und ist nicht wasserdicht. Kombinieren Sie es mit getrockneten Zweigen oder lassen Sie es f\u00fcr einen minimalistischen Look unbehandelt.<\/p>\n<ul>\n<li data-start=\"1440\" data-end=\"1472\">Handgefertigt<\/li>\n<li data-start=\"1440\" data-end=\"1472\">Robustes, schlichtes Erscheinungsbild<\/li>\n<li data-start=\"1440\" data-end=\"1472\">Einzigartige Form mit handgeformten Details<\/li>\n<li data-start=\"1440\" data-end=\"1472\">Mattes, nat\u00fcrliches Finish<\/li>\n<li data-start=\"1440\" data-end=\"1472\">Zur Dekoration (nicht wasserdicht)<\/li>\n<\/ul>","protected":false},"featured_media":29358,"template":"","meta":{"_joinchat":[]},"product_brand":[],"product_cat":[43],"product_tag":[],"class_list":{"0":"post-29355","1":"product","2":"type-product","3":"status-publish","4":"has-post-thumbnail","6":"product_cat-landelijke-woonaccessoires","8":"first","9":"instock","10":"taxable","11":"shipping-taxable","12":"purchasable","13":"product-type-simple"},"_links":{"self":[{"href":"https:\/\/zozowonen.nl\/de\/wp-json\/wp\/v2\/product\/29355","targetHints":{"allow":["GET"]}}],"collection":[{"href":"https:\/\/zozowonen.nl\/de\/wp-json\/wp\/v2\/product"}],"about":[{"href":"https:\/\/zozowonen.nl\/de\/wp-json\/wp\/v2\/types\/product"}],"version-history":[{"count":2,"href":"https:\/\/zozowonen.nl\/de\/wp-json\/wp\/v2\/product\/29355\/revisions"}],"predecessor-version":[{"id":29357,"href":"https:\/\/zozowonen.nl\/de\/wp-json\/wp\/v2\/product\/29355\/revisions\/29357"}],"wp:featuredmedia":[{"embeddable":true,"href":"https:\/\/zozowonen.nl\/de\/wp-json\/wp\/v2\/media\/29358"}],"wp:attachment":[{"href":"https:\/\/zozowonen.nl\/de\/wp-json\/wp\/v2\/media?parent=29355"}],"wp:term":[{"taxonomy":"product_brand","embeddable":true,"href":"https:\/\/zozowonen.nl\/de\/wp-json\/wp\/v2\/product_brand?post=29355"},{"taxonomy":"product_cat","embeddable":true,"href":"https:\/\/zozowonen.nl\/de\/wp-json\/wp\/v2\/product_cat?post=29355"},{"taxonomy":"product_tag","embeddable":true,"href":"https:\/\/zozowonen.nl\/de\/wp-json\/wp\/v2\/product_tag?post=29355"}],"curies":[{"name":"wp","href":"https:\/\/api.w.org\/{rel}","templated":true}]}}