{"id":29292,"date":"2026-02-18T09:36:31","date_gmt":"2026-02-18T09:36:31","guid":{"rendered":"https:\/\/zozowonen.nl\/?post_type=product&#038;p=29292"},"modified":"2026-03-17T17:59:11","modified_gmt":"2026-03-17T17:59:11","slug":"houten-fotolijstje","status":"publish","type":"product","link":"https:\/\/zozowonen.nl\/de\/produkt\/houten-fotolijstje\/","title":{"rendered":"Set aus Holz-Fotorahmen"},"content":{"rendered":"","protected":false},"excerpt":{"rendered":"<h2 data-start=\"238\" data-end=\"295\">Set mit 2 Holz-Fotorahmen<\/h2>\n<p data-start=\"297\" data-end=\"527\">Verleihen Sie Ihren sch\u00f6nsten Erinnerungen mit diesem Set aus zwei Holzbilderrahmen einen warmen und stilvollen Platz. Die robuste Holzkonstruktion und der dezente Vintage-Look schaffen in jedem Raum eine ruhige und authentische Atmosph\u00e4re.<\/p>\n<p data-start=\"529\" data-end=\"764\">Die Rahmen werden als Set verkauft und bilden ein perfektes Duo auf einem Sideboard, Wandregal oder Nachttisch. Kombinieren Sie ein Lieblingsfoto, ein Schwarz-Wei\u00df-Portr\u00e4t oder einen kleinen Kunstdruck, um im Handumdrehen eine pers\u00f6nliche Ecke in Ihrem Zuhause zu schaffen. Erh\u00e4ltlich in 3 Farben.<\/p>\n<ul>\n<li data-start=\"804\" data-end=\"830\">Set mit 2 Bilderrahmen<\/li>\n<li data-start=\"804\" data-end=\"830\">Zeitloses Design \u2013 passt zu modernen, l\u00e4ndlichen und industriellen Interieurs.<\/li>\n<li data-start=\"804\" data-end=\"830\">Perfekt zur Platzierung auf einem Schrank, Regal oder Schreibtisch<\/li>\n<\/ul>\n<p>Abmessungen<\/p>\n<p><strong>Kleiner Bilderrahmen:<\/strong><br \/>\n\u2013 11,5 cm x 4 cm x 17 cm<br \/>\n<strong>Gro\u00dfer Bilderrahmen:<\/strong><br \/>\n\u2013 20 cm x 4 cm x 14,5 cm<\/p>","protected":false},"featured_media":29304,"template":"","meta":{"_joinchat":[]},"product_brand":[],"product_cat":[43],"product_tag":[1849],"class_list":{"0":"post-29292","1":"product","2":"type-product","3":"status-publish","4":"has-post-thumbnail","6":"product_cat-landelijke-woonaccessoires","7":"product_tag-houten-fotolijstje","9":"first","10":"instock","11":"taxable","12":"shipping-taxable","13":"purchasable","14":"product-type-variable"},"_links":{"self":[{"href":"https:\/\/zozowonen.nl\/de\/wp-json\/wp\/v2\/product\/29292","targetHints":{"allow":["GET"]}}],"collection":[{"href":"https:\/\/zozowonen.nl\/de\/wp-json\/wp\/v2\/product"}],"about":[{"href":"https:\/\/zozowonen.nl\/de\/wp-json\/wp\/v2\/types\/product"}],"version-history":[{"count":5,"href":"https:\/\/zozowonen.nl\/de\/wp-json\/wp\/v2\/product\/29292\/revisions"}],"predecessor-version":[{"id":29307,"href":"https:\/\/zozowonen.nl\/de\/wp-json\/wp\/v2\/product\/29292\/revisions\/29307"}],"wp:featuredmedia":[{"embeddable":true,"href":"https:\/\/zozowonen.nl\/de\/wp-json\/wp\/v2\/media\/29304"}],"wp:attachment":[{"href":"https:\/\/zozowonen.nl\/de\/wp-json\/wp\/v2\/media?parent=29292"}],"wp:term":[{"taxonomy":"product_brand","embeddable":true,"href":"https:\/\/zozowonen.nl\/de\/wp-json\/wp\/v2\/product_brand?post=29292"},{"taxonomy":"product_cat","embeddable":true,"href":"https:\/\/zozowonen.nl\/de\/wp-json\/wp\/v2\/product_cat?post=29292"},{"taxonomy":"product_tag","embeddable":true,"href":"https:\/\/zozowonen.nl\/de\/wp-json\/wp\/v2\/product_tag?post=29292"}],"curies":[{"name":"wp","href":"https:\/\/api.w.org\/{rel}","templated":true}]}}