{"id":29074,"date":"2026-02-07T09:38:09","date_gmt":"2026-02-07T09:38:09","guid":{"rendered":"https:\/\/zozowonen.nl\/?post_type=product&#038;p=29074"},"modified":"2026-03-21T11:33:12","modified_gmt":"2026-03-21T11:33:12","slug":"houten-schaal-2","status":"publish","type":"product","link":"https:\/\/zozowonen.nl\/de\/produkt\/houten-schaal-2\/","title":{"rendered":"Holzschale \u2013 Rund \u2013 Landhausstil \u2013 Teakholz \u2013 50 cm"},"content":{"rendered":"\t\t<div data-elementor-type=\"wp-post\" data-elementor-id=\"29074\" class=\"elementor elementor-29074\">\n\t\t\t\t\t\t<section class=\"wd-negative-gap elementor-section elementor-top-section elementor-element elementor-element-b983026 elementor-section-boxed elementor-section-height-default elementor-section-height-default\" data-id=\"b983026\" data-element_type=\"section\" data-e-type=\"section\">\n\t\t\t\t\t\t<div class=\"elementor-container elementor-column-gap-default\">\n\t\t\t\t\t<div class=\"elementor-column elementor-col-100 elementor-top-column elementor-element elementor-element-bc7b570\" data-id=\"bc7b570\" data-element_type=\"column\" data-e-type=\"column\">\n\t\t\t<div class=\"elementor-widget-wrap elementor-element-populated\">\n\t\t\t\t\t\t<div class=\"elementor-element elementor-element-8023a65 elementor-widget elementor-widget-wd_text_block\" data-id=\"8023a65\" data-element_type=\"widget\" data-e-type=\"widget\" data-widget_type=\"wd_text_block.default\">\n\t\t\t\t<div class=\"elementor-widget-container\">\n\t\t\t\t\t\t\t<div class=\"wd-text-block reset-last-child text-left\">\n\t\t\t\n\t\t\t<div class=\"flex-1 overflow-hidden\"><div class=\"react-scroll-to-bottom--css-lklfe-79elbk h-full dark:bg-gray-800\"><div class=\"react-scroll-to-bottom--css-lklfe-1n7m0yu\"><div class=\"flex flex-col text-sm dark:bg-gray-800\"><div class=\"group w-full text-token-text-primary border-b border-black\/10 dark:border-gray-900\/50 bg-gray-50 dark:bg-[#444654]\" data-testid=\"conversation-turn-3\"><div class=\"p-4 justify-center text-base md:gap-6 md:py-6 m-auto\"><div class=\"flex flex-1 gap-4 text-base mx-auto md:gap-6 md:max-w-2xl lg:max-w-[38rem] xl:max-w-3xl }\"><div class=\"relative flex w-[calc(100%-50px)] flex-col gap-1 md:gap-3 lg:w-[calc(100%-115px)]\"><div class=\"flex flex-grow flex-col gap-3 max-w-full\"><div class=\"min-h-[20px] flex flex-col items-start gap-3 overflow-x-auto whitespace-pre-wrap break-words\"><div class=\"markdown prose w-full break-words dark:prose-invert light\"><p>Onze houten schalen zijn met zorg vervaardigd uit hoogwaardig hout en stralen vakmanschap uit. Gebruik de schaal als een centraal decoratiestuk op een tafel, dressoir of open haardmantel, of vul hem bijvoorbeeld gedroogde bloemen, dennenappels of kaarsen voor een sfeervolle uitstraling.<\/p><p>Naast hun decoratieve waarde zijn houten schalen ook functioneel. Gebruik ze om fruit, brood of andere lekkernijen te presenteren tijdens gezellige bijeenkomsten met vrienden en familie. De warme uitstraling van het hout zal het gevoel van gastvrijheid in je landelijke woning versterken.<\/p><p>Onze houten schalen zijn niet alleen een aanvulling op je interieur, maar ze dragen ook bij aan een duurzamere levensstijl. Hout is een hernieuwbaar materiaal en door te kiezen voor houten decoratieve items draag je bij aan een milieuvriendelijkere inrichting van je huis.<\/p><p>Kortom, als je op zoek bent naar de perfecte toevoeging voor een landelijk interieur, overweeg dan onze prachtige houten schalen. Ze combineren de charme van natuurlijk hout met de rustieke uitstraling van het platteland, en ze zullen zeker een blikvanger zijn in jouw huis. Bekijk ons assortiment en ontdek de schoonheid van onze houten schalen voor een landelijke sfeer.<\/p><p><strong>Wat is nu eigenlijk Teakhout<\/strong><\/p><p>Teakhout is het hout afkomstig van de teakboom (Tectona grandis), een grote loofboom die oorspronkelijk in Zuidoost-Azi\u00eb voorkomt. Teakhout staat bekend om zijn duurzaamheid, natuurlijke schoonheid en weerstand tegen termieten en andere schadelijke invloeden. Vanwege deze eigenschappen wordt teakhout vaak gebruikt in o.a de productie van meubels, waar duurzaamheid en weerstand belangrijk zijn.<\/p><p>Een unieke eigenschap van teakhout is het vermogen om na verloop van tijd een zilvergrijze patina te ontwikkelen wanneer het wordt blootgesteld aan zonlicht en de elementen. Veel mensen waarderen deze verouderde uitstraling van teakhout, maar het kan ook worden onderhouden met regelmatige reiniging en behandelingen als men de oorspronkelijke kleur wil behouden.<\/p><p>Teahout heeft ook een rustieke uitstraling en is daardoor uitermate geschikt voor een landelijke interieur.<\/p><\/div><\/div><\/div><\/div><\/div><\/div><\/div><\/div><\/div><\/div><\/div>\n\t\t\t\t\t<\/div>\n\t\t\t\t\t\t<\/div>\n\t\t\t\t<\/div>\n\t\t\t\t\t<\/div>\n\t\t<\/div>\n\t\t\t\t\t<\/div>\n\t\t<\/section>\n\t\t\t\t<\/div>\n\t\t","protected":false},"excerpt":{"rendered":"<p data-start=\"115\" data-end=\"164\"><strong data-start=\"115\" data-end=\"164\">Holzschale aus Teakholz<\/strong><\/p>\n<p data-start=\"166\" data-end=\"464\">Wundersch\u00f6ne, robuste Holzschale aus massivem Teakholz. Die nat\u00fcrliche Maserung, die subtilen Farbnuancen und die handwerkliche Oberfl\u00e4chenbehandlung machen jede Schale zu einem Unikat. Keine gleicht der anderen \u2013 genau das verleiht dieser Schale ihren authentischen Charme.<\/p>\n<p data-start=\"466\" data-end=\"793\">Die Schale eignet sich perfekt als Dekorationsobjekt auf Tisch, Sideboard oder K\u00fcchenarbeitsplatte. Sie kann als Untersetzer f\u00fcr Kerzen, Vasen oder saisonale Dekorationen verwendet werden. Dank ihres zeitlosen Designs f\u00fcgt sich diese Teakholzschale m\u00fchelos in rustikale, minimalistische oder naturnahe Einrichtungen ein.<\/p>\n<p data-start=\"795\" data-end=\"809\"><strong data-start=\"795\" data-end=\"809\">Merkmale:<\/strong><\/p>\n<ul data-start=\"810\" data-end=\"988\">\n<li data-start=\"810\" data-end=\"842\">\n<p data-start=\"812\" data-end=\"842\">Aus massivem Teakholz gefertigt<\/p>\n<\/li>\n<li data-start=\"843\" data-end=\"898\">\n<p data-start=\"845\" data-end=\"898\">Jede Schale ist in Farbe und Holzmaserung einzigartig.<\/p>\n<\/li>\n<li data-start=\"899\" data-end=\"933\">\n<p data-start=\"901\" data-end=\"933\">Nat\u00fcrliches, warmes Aussehen<\/p>\n<\/li>\n<\/ul>\n<p>Sch\u00fcsseldurchmesser: 50 cm.<\/p>","protected":false},"featured_media":29075,"template":"","meta":{"_joinchat":[]},"product_brand":[],"product_cat":[30],"product_tag":[211,153,152],"class_list":{"0":"post-29074","1":"product","2":"type-product","3":"status-publish","4":"has-post-thumbnail","6":"product_cat-houten-schalen-en-potten","7":"product_tag-houten-kom","8":"product_tag-houten-schaal","9":"product_tag-houten-schaal-landelijk","11":"first","12":"instock","13":"taxable","14":"shipping-taxable","15":"purchasable","16":"product-type-simple"},"_links":{"self":[{"href":"https:\/\/zozowonen.nl\/de\/wp-json\/wp\/v2\/product\/29074","targetHints":{"allow":["GET"]}}],"collection":[{"href":"https:\/\/zozowonen.nl\/de\/wp-json\/wp\/v2\/product"}],"about":[{"href":"https:\/\/zozowonen.nl\/de\/wp-json\/wp\/v2\/types\/product"}],"version-history":[{"count":2,"href":"https:\/\/zozowonen.nl\/de\/wp-json\/wp\/v2\/product\/29074\/revisions"}],"predecessor-version":[{"id":29077,"href":"https:\/\/zozowonen.nl\/de\/wp-json\/wp\/v2\/product\/29074\/revisions\/29077"}],"wp:featuredmedia":[{"embeddable":true,"href":"https:\/\/zozowonen.nl\/de\/wp-json\/wp\/v2\/media\/29075"}],"wp:attachment":[{"href":"https:\/\/zozowonen.nl\/de\/wp-json\/wp\/v2\/media?parent=29074"}],"wp:term":[{"taxonomy":"product_brand","embeddable":true,"href":"https:\/\/zozowonen.nl\/de\/wp-json\/wp\/v2\/product_brand?post=29074"},{"taxonomy":"product_cat","embeddable":true,"href":"https:\/\/zozowonen.nl\/de\/wp-json\/wp\/v2\/product_cat?post=29074"},{"taxonomy":"product_tag","embeddable":true,"href":"https:\/\/zozowonen.nl\/de\/wp-json\/wp\/v2\/product_tag?post=29074"}],"curies":[{"name":"wp","href":"https:\/\/api.w.org\/{rel}","templated":true}]}}