{"id":29047,"date":"2026-02-05T13:10:57","date_gmt":"2026-02-05T13:10:57","guid":{"rendered":"https:\/\/zozowonen.nl\/?post_type=product&#038;p=29047"},"modified":"2026-04-22T09:46:12","modified_gmt":"2026-04-22T09:46:12","slug":"dubbele-louvre-luik-op-voet","status":"publish","type":"product","link":"https:\/\/zozowonen.nl\/de\/produkt\/dubbele-louvre-luik-op-voet\/","title":{"rendered":"Doppellamellen-Fensterladen auf Fu\u00df \u2013 70 cm \u2013 Schwarz"},"content":{"rendered":"","protected":false},"excerpt":{"rendered":"<p data-start=\"142\" data-end=\"183\">\t\t\t<link rel=\"stylesheet\" id=\"elementor-post-32209-css\" href=\"https:\/\/zozowonen.nl\/wp-content\/uploads\/elementor\/css\/post-32209.css?ver=1776318357\" type=\"text\/css\" media=\"all\">\n<div data-elementor-type=\"wp-post\" data-elementor-id=\"32209\" class=\"elementor elementor-32209\">\n<section class=\"wd-negative-gap elementor-section elementor-top-section elementor-element elementor-element-5c3a000 elementor-section-full_width elementor-section-height-default elementor-section-height-default\" data-id=\"5c3a000\" data-element_type=\"section\" data-e-type=\"section\">\n<div class=\"elementor-container elementor-column-gap-no\">\n<div class=\"elementor-column elementor-col-100 elementor-top-column elementor-element elementor-element-1c5bc99\" data-id=\"1c5bc99\" data-element_type=\"column\" data-e-type=\"column\">\n<div class=\"elementor-widget-wrap elementor-element-populated\">\n<div class=\"elementor-element elementor-element-f43771a elementor-widget__width-auto wd-width-100 elementor-widget elementor-widget-wd_title\" data-id=\"f43771a\" data-element_type=\"widget\" data-e-type=\"widget\" data-widget_type=\"wd_title.default\">\n<div class=\"elementor-widget-container\">\n<div class=\"title-wrapper wd-set-mb reset-last-child wd-title-color-default wd-title-style-default wd-title-size-default text-left\">\n<div class=\"liner-continer\">\n<h4 class=\"woodmart-title-container title wd-fontsize-l\">Zeitlich begrenztes Angebot<\/h4>\n<\/p><\/div>\n<div class=\"title-after_title reset-last-child wd-fontsize-xs\">\n<p>Das Angebot endet in:<\/p>\n<\/p><\/div>\n<\/p><\/div>\n<\/p><\/div>\n<\/p><\/div>\n<div class=\"elementor-element elementor-element-4574181 elementor-widget elementor-widget-wd_countdown_timer\" data-id=\"4574181\" data-element_type=\"widget\" data-e-type=\"widget\" data-widget_type=\"wd_countdown_timer.default\">\n<div class=\"elementor-widget-container\">\n<div class=\"wd-countdown-timer color-scheme- text-left\">\n<div class=\"wd-timer wd-size-medium   wd-layout-inline\" data-end-date=\"2026-04-30 00:00\" data-timezone=\"GMT\" data-hide-on-finish=\"yes\">\n\t\t\t\t<span class=\"wd-item wd-timer-days\"><br \/>\n\t\t\t\t\t<span class=\"wd-timer-value\"><br \/>\n\t\t\t\t\t\t0<br \/>\n\t\t\t\t\t<\/span><br \/>\n\t\t\t\t\t<span class=\"wd-timer-text\"><br \/>\n\t\t\t\t\t\tTage\t\t\t\t\t<\/span><br \/>\n\t\t\t\t<\/span><br \/>\n\t\t\t\t\t\t\t\t<span class=\"wd-item wd-timer-hours\"><br \/>\n\t\t\t\t\t<span class=\"wd-timer-value\"><br \/>\n\t\t\t\t\t\t00<br \/>\n\t\t\t\t\t<\/span><br \/>\n\t\t\t\t\t<span class=\"wd-timer-text\"><br \/>\n\t\t\t\t\t\tStunde\t\t\t\t\t<\/span><br \/>\n\t\t\t\t<\/span><br \/>\n\t\t\t\t\t\t\t\t<span class=\"wd-item wd-timer-min\"><br \/>\n\t\t\t\t\t<span class=\"wd-timer-value\"><br \/>\n\t\t\t\t\t\t00<br \/>\n\t\t\t\t\t<\/span><br \/>\n\t\t\t\t\t<span class=\"wd-timer-text\"><br \/>\n\t\t\t\t\t\tmin\t\t\t\t\t<\/span><br \/>\n\t\t\t\t<\/span><br \/>\n\t\t\t\t\t\t\t\t<span class=\"wd-item wd-timer-sec\"><br \/>\n\t\t\t\t\t<span class=\"wd-timer-value\"><br \/>\n\t\t\t\t\t\t00<br \/>\n\t\t\t\t\t<\/span><br \/>\n\t\t\t\t\t<span class=\"wd-timer-text\"><br \/>\n\t\t\t\t\t\tsc\t\t\t\t\t<\/span><br \/>\n\t\t\t\t<\/span>\n\t\t\t<\/div>\n<\/p><\/div>\n<\/p><\/div>\n<\/p><\/div>\n<\/p><\/div>\n<\/p><\/div>\n<\/p><\/div>\n<\/section><\/div>\n<\/p>\n<h3 data-start=\"142\" data-end=\"183\">Handgefertigter Doppellamellen-Fensterladen auf einem St\u00e4nder<\/h3>\n<p data-start=\"185\" data-end=\"448\">Dieser handgefertigte Doppellamellen-Fensterladen auf einem St\u00e4nder verleiht Ihrem Interieur sofort Atmosph\u00e4re und Charakter. Der Fensterladen ist aus Holz gefertigt und schwarz lackiert. Die sichtbare Holzmaserung und kleine Unregelm\u00e4\u00dfigkeiten erzeugen einen authentischen, rustikalen Look. Ausgestattet mit vier Filzf\u00fc\u00dfen. Ein wundersch\u00f6nes Dekorationsobjekt auf einem Sideboard oder Fensterbrett.<\/p>\n<p data-start=\"450\" data-end=\"674\">Der Lamellenjalousie-Fensterladen ist mit zwei Anstrichen unterschiedlicher Kreidefarben versehen, wodurch ein authentischer, gealterter Look entsteht. Helle Stellen und geschliffene Bereiche sind in der schwarzen Kreidefarbe bewusst sichtbar, was den charakteristischen Antik-Effekt erzeugt.<\/p>\n<p data-start=\"846\" data-end=\"860\"><strong data-start=\"846\" data-end=\"860\">Merkmale:<\/strong><\/p>\n<ul>\n<li data-start=\"863\" data-end=\"885\">Handgefertigt aus Holz<\/li>\n<li data-start=\"863\" data-end=\"885\">Gute Verarbeitungsqualit\u00e4t<\/li>\n<\/ul>\n<p>Abmessungen<\/p>\n<ul>\n<li>H\u00f6he inklusive Sockel: 70 cm<\/li>\n<li>Fu\u00dfl\u00e4nge: 74 cm.<\/li>\n<li>Basisbreite: 14 cm.<\/li>\n<\/ul>","protected":false},"featured_media":29333,"template":"","meta":{"_joinchat":[]},"product_brand":[],"product_cat":[1307,931],"product_tag":[571,1827,1758,1828],"class_list":{"0":"post-29047","1":"product","2":"type-product","3":"status-publish","4":"has-post-thumbnail","6":"product_cat-raamshutters","7":"product_cat-sale","8":"product_tag-louvre-luiken","9":"product_tag-raam-scherm","10":"product_tag-raamscherm","11":"product_tag-raamscherm-vensterbank","13":"first","14":"instock","15":"sale","16":"taxable","17":"shipping-taxable","18":"purchasable","19":"product-type-simple"},"_links":{"self":[{"href":"https:\/\/zozowonen.nl\/de\/wp-json\/wp\/v2\/product\/29047","targetHints":{"allow":["GET"]}}],"collection":[{"href":"https:\/\/zozowonen.nl\/de\/wp-json\/wp\/v2\/product"}],"about":[{"href":"https:\/\/zozowonen.nl\/de\/wp-json\/wp\/v2\/types\/product"}],"version-history":[{"count":6,"href":"https:\/\/zozowonen.nl\/de\/wp-json\/wp\/v2\/product\/29047\/revisions"}],"predecessor-version":[{"id":32213,"href":"https:\/\/zozowonen.nl\/de\/wp-json\/wp\/v2\/product\/29047\/revisions\/32213"}],"wp:featuredmedia":[{"embeddable":true,"href":"https:\/\/zozowonen.nl\/de\/wp-json\/wp\/v2\/media\/29333"}],"wp:attachment":[{"href":"https:\/\/zozowonen.nl\/de\/wp-json\/wp\/v2\/media?parent=29047"}],"wp:term":[{"taxonomy":"product_brand","embeddable":true,"href":"https:\/\/zozowonen.nl\/de\/wp-json\/wp\/v2\/product_brand?post=29047"},{"taxonomy":"product_cat","embeddable":true,"href":"https:\/\/zozowonen.nl\/de\/wp-json\/wp\/v2\/product_cat?post=29047"},{"taxonomy":"product_tag","embeddable":true,"href":"https:\/\/zozowonen.nl\/de\/wp-json\/wp\/v2\/product_tag?post=29047"}],"curies":[{"name":"wp","href":"https:\/\/api.w.org\/{rel}","templated":true}]}}