{"id":28942,"date":"2026-02-02T08:56:03","date_gmt":"2026-02-02T08:56:03","guid":{"rendered":"https:\/\/zozowonen.nl\/?post_type=product&#038;p=28942"},"modified":"2026-03-08T09:07:15","modified_gmt":"2026-03-08T09:07:15","slug":"rotan-manden","status":"publish","type":"product","link":"https:\/\/zozowonen.nl\/de\/produkt\/rotan-manden\/","title":{"rendered":"Rattankorb-Set \u2013 2 St\u00fcck"},"content":{"rendered":"","protected":false},"excerpt":{"rendered":"<h3 data-start=\"140\" data-end=\"196\">Rattankorb-Set \u2013 2-teilig | Nat\u00fcrlich &amp; vielseitig<\/h3>\n<p data-start=\"198\" data-end=\"446\"><span data-start=\"244\" data-end=\"287\">R<\/span><strong data-start=\"244\" data-end=\"287\">Otan Korbset bestehend aus 2 K\u00f6rben<\/strong>. Durch ihren nat\u00fcrlichen Look und die handwerkliche Flechttechnik sind diese K\u00f6rbe eine stilvolle und praktische Erg\u00e4nzung f\u00fcr jeden Innen- oder Au\u00dfenbereich.<\/p>\n<p data-start=\"448\" data-end=\"707\">Sie k\u00f6nnen die K\u00f6rbe drinnen als dekorative Aufbewahrungsk\u00f6rbe verwenden oder drau\u00dfen auf der Terrasse oder unter der Veranda als Pflanzk\u00f6rbe platzieren. Dank des robusten Rattans sind die K\u00f6rbe langlebig, leicht und einfach zu transportieren.<\/p>\n<p data-start=\"709\" data-end=\"813\">Das Set besteht aus zwei verschiedenen Gr\u00f6\u00dfen.<\/p>\n<p data-start=\"815\" data-end=\"829\"><strong data-start=\"815\" data-end=\"829\">Merkmale:<\/strong><\/p>\n<ul>\n<li data-start=\"832\" data-end=\"858\">Satz <strong data-start=\"840\" data-end=\"858\">2 Rattan-K\u00f6rbe<br \/>\n<\/strong><\/li>\n<li data-start=\"832\" data-end=\"858\">Geeignet f\u00fcr <strong data-start=\"875\" data-end=\"895\">innen und au\u00dfen<br \/>\n<\/strong><\/li>\n<li data-start=\"832\" data-end=\"858\">Nat\u00fcrliches, warmes Aussehen<\/li>\n<li data-start=\"832\" data-end=\"858\">Robust und handgeflochten<\/li>\n<li data-start=\"832\" data-end=\"858\">Multifunktional: Aufbewahrung, Dekoration oder Pflanzkorb<\/li>\n<\/ul>\n<p>Abmessungen<\/p>\n<p><strong>Kleiner Korb<\/strong><\/p>\n<ul>\n<li>Durchmesser: +\/- 20 cm.<\/li>\n<li>H\u00f6he: +\/- 11 cm.<\/li>\n<\/ul>\n<p><strong>Gro\u00dfer Korb<\/strong><\/p>\n<ul>\n<li>Durchmesser: +\/- 30 cm.<\/li>\n<li>H\u00f6he: +\/- 13 cm.<\/li>\n<\/ul>","protected":false},"featured_media":28945,"template":"","meta":{"_joinchat":[]},"product_brand":[],"product_cat":[43,1285],"product_tag":[197,199,200,198],"class_list":{"0":"post-28942","1":"product","2":"type-product","3":"status-publish","4":"has-post-thumbnail","6":"product_cat-landelijke-woonaccessoires","7":"product_cat-tuin-decoratie","8":"product_tag-gruttersbak","9":"product_tag-gruttersbak-action","10":"product_tag-gruttersbak-hout","11":"product_tag-gruttersbakken","13":"first","14":"instock","15":"taxable","16":"shipping-taxable","17":"purchasable","18":"product-type-simple"},"_links":{"self":[{"href":"https:\/\/zozowonen.nl\/de\/wp-json\/wp\/v2\/product\/28942","targetHints":{"allow":["GET"]}}],"collection":[{"href":"https:\/\/zozowonen.nl\/de\/wp-json\/wp\/v2\/product"}],"about":[{"href":"https:\/\/zozowonen.nl\/de\/wp-json\/wp\/v2\/types\/product"}],"version-history":[{"count":8,"href":"https:\/\/zozowonen.nl\/de\/wp-json\/wp\/v2\/product\/28942\/revisions"}],"predecessor-version":[{"id":28954,"href":"https:\/\/zozowonen.nl\/de\/wp-json\/wp\/v2\/product\/28942\/revisions\/28954"}],"wp:featuredmedia":[{"embeddable":true,"href":"https:\/\/zozowonen.nl\/de\/wp-json\/wp\/v2\/media\/28945"}],"wp:attachment":[{"href":"https:\/\/zozowonen.nl\/de\/wp-json\/wp\/v2\/media?parent=28942"}],"wp:term":[{"taxonomy":"product_brand","embeddable":true,"href":"https:\/\/zozowonen.nl\/de\/wp-json\/wp\/v2\/product_brand?post=28942"},{"taxonomy":"product_cat","embeddable":true,"href":"https:\/\/zozowonen.nl\/de\/wp-json\/wp\/v2\/product_cat?post=28942"},{"taxonomy":"product_tag","embeddable":true,"href":"https:\/\/zozowonen.nl\/de\/wp-json\/wp\/v2\/product_tag?post=28942"}],"curies":[{"name":"wp","href":"https:\/\/api.w.org\/{rel}","templated":true}]}}