{"id":28885,"date":"2026-01-31T09:52:14","date_gmt":"2026-01-31T09:52:14","guid":{"rendered":"https:\/\/zozowonen.nl\/?post_type=product&#038;p=28885"},"modified":"2026-01-31T10:34:41","modified_gmt":"2026-01-31T10:34:41","slug":"organizer-hout-zwart","status":"publish","type":"product","link":"https:\/\/zozowonen.nl\/de\/produkt\/organizer-hout-zwart\/","title":{"rendered":"Organizer aus Holz \u2013 2 Stufen \u2013 Schwarz"},"content":{"rendered":"","protected":false},"excerpt":{"rendered":"<p data-start=\"160\" data-end=\"205\"><strong data-start=\"160\" data-end=\"205\">Multifunktionaler Holzorganizer \u2013 schwarz<\/strong><\/p>\n<p data-start=\"207\" data-end=\"402\">Dieser robuste Holzorganizer ist eine praktische und stilvolle Aufbewahrungsl\u00f6sung f\u00fcr Ihr Zuhause. Dank der verschiedenen F\u00e4cher und des gestuften Designs behalten Sie stets den \u00dcberblick und haben alles schnell griffbereit.<\/p>\n<p data-start=\"404\" data-end=\"647\">Sie k\u00f6nnen es in der K\u00fcche f\u00fcr Kr\u00e4uter, Gl\u00e4ser oder Geschirr verwenden oder auf dem Schreibtisch f\u00fcr Accessoires. Die schwarze Oberfl\u00e4che verleiht ihm einen robusten, zeitlosen Look, der sowohl zu einem Landhaus- als auch zu einem Industrie-Interieur passt.<\/p>\n<p data-start=\"649\" data-end=\"766\">Dieser Organizer ist mit zwei Schichten unterschiedlicher Kreidefarben lackiert, wodurch ein authentischer, gealterter Look entsteht. Helle Stellen und geschliffene Bereiche sind in der schwarzen Kreidefarbe bewusst sichtbar, was den charakteristischen Vintage-Effekt erzeugt.<\/p>","protected":false},"featured_media":28888,"template":"","meta":{"_joinchat":[]},"product_brand":[],"product_cat":[43],"product_tag":[1810,1809],"class_list":{"0":"post-28885","1":"product","2":"type-product","3":"status-publish","4":"has-post-thumbnail","6":"product_cat-landelijke-woonaccessoires","7":"product_tag-bureau-organizer","8":"product_tag-bureau-organizer-hout","10":"first","11":"instock","12":"taxable","13":"shipping-taxable","14":"purchasable","15":"product-type-simple"},"_links":{"self":[{"href":"https:\/\/zozowonen.nl\/de\/wp-json\/wp\/v2\/product\/28885","targetHints":{"allow":["GET"]}}],"collection":[{"href":"https:\/\/zozowonen.nl\/de\/wp-json\/wp\/v2\/product"}],"about":[{"href":"https:\/\/zozowonen.nl\/de\/wp-json\/wp\/v2\/types\/product"}],"version-history":[{"count":2,"href":"https:\/\/zozowonen.nl\/de\/wp-json\/wp\/v2\/product\/28885\/revisions"}],"predecessor-version":[{"id":28892,"href":"https:\/\/zozowonen.nl\/de\/wp-json\/wp\/v2\/product\/28885\/revisions\/28892"}],"wp:featuredmedia":[{"embeddable":true,"href":"https:\/\/zozowonen.nl\/de\/wp-json\/wp\/v2\/media\/28888"}],"wp:attachment":[{"href":"https:\/\/zozowonen.nl\/de\/wp-json\/wp\/v2\/media?parent=28885"}],"wp:term":[{"taxonomy":"product_brand","embeddable":true,"href":"https:\/\/zozowonen.nl\/de\/wp-json\/wp\/v2\/product_brand?post=28885"},{"taxonomy":"product_cat","embeddable":true,"href":"https:\/\/zozowonen.nl\/de\/wp-json\/wp\/v2\/product_cat?post=28885"},{"taxonomy":"product_tag","embeddable":true,"href":"https:\/\/zozowonen.nl\/de\/wp-json\/wp\/v2\/product_tag?post=28885"}],"curies":[{"name":"wp","href":"https:\/\/api.w.org\/{rel}","templated":true}]}}