{"id":28841,"date":"2026-01-29T13:37:29","date_gmt":"2026-01-29T13:37:29","guid":{"rendered":"https:\/\/zozowonen.nl\/?post_type=product&#038;p=28841"},"modified":"2026-03-14T08:33:27","modified_gmt":"2026-03-14T08:33:27","slug":"shutter-kamerscherm-3-luik","status":"publish","type":"product","link":"https:\/\/zozowonen.nl\/de\/produkt\/shutter-kamerscherm-3-luik\/","title":{"rendered":"Rollladen \u2013 Raumteiler \u2013 3-teilig \u2013 117 cm \u2013 Braun"},"content":{"rendered":"","protected":false},"excerpt":{"rendered":"<p>Wundersch\u00f6ner, dreiteiliger Raumteiler. Dieser handgefertigte Raumteiler ist die perfekte L\u00f6sung, um R\u00e4ume stilvoll und praktisch zu unterteilen. Ob Sie einen zus\u00e4tzlichen Arbeitsbereich schaffen, eine gem\u00fctliche Ecke abtrennen oder ein dekoratives Element suchen \u2013 ein Raumteiler bietet unz\u00e4hlige M\u00f6glichkeiten.<\/p>","protected":false},"featured_media":28845,"template":"","meta":{"_joinchat":[]},"product_brand":[],"product_cat":[1307],"product_tag":[1308,973,974,975],"class_list":{"0":"post-28841","1":"product","2":"type-product","3":"status-publish","4":"has-post-thumbnail","6":"product_cat-raamshutters","7":"product_tag-raam-shutters","8":"product_tag-shutters","9":"product_tag-shutters-ramen","10":"product_tag-shutters-voor-het-raam","12":"first","13":"instock","14":"taxable","15":"shipping-taxable","16":"purchasable","17":"product-type-simple"},"_links":{"self":[{"href":"https:\/\/zozowonen.nl\/de\/wp-json\/wp\/v2\/product\/28841","targetHints":{"allow":["GET"]}}],"collection":[{"href":"https:\/\/zozowonen.nl\/de\/wp-json\/wp\/v2\/product"}],"about":[{"href":"https:\/\/zozowonen.nl\/de\/wp-json\/wp\/v2\/types\/product"}],"version-history":[{"count":1,"href":"https:\/\/zozowonen.nl\/de\/wp-json\/wp\/v2\/product\/28841\/revisions"}],"predecessor-version":[{"id":28844,"href":"https:\/\/zozowonen.nl\/de\/wp-json\/wp\/v2\/product\/28841\/revisions\/28844"}],"wp:featuredmedia":[{"embeddable":true,"href":"https:\/\/zozowonen.nl\/de\/wp-json\/wp\/v2\/media\/28845"}],"wp:attachment":[{"href":"https:\/\/zozowonen.nl\/de\/wp-json\/wp\/v2\/media?parent=28841"}],"wp:term":[{"taxonomy":"product_brand","embeddable":true,"href":"https:\/\/zozowonen.nl\/de\/wp-json\/wp\/v2\/product_brand?post=28841"},{"taxonomy":"product_cat","embeddable":true,"href":"https:\/\/zozowonen.nl\/de\/wp-json\/wp\/v2\/product_cat?post=28841"},{"taxonomy":"product_tag","embeddable":true,"href":"https:\/\/zozowonen.nl\/de\/wp-json\/wp\/v2\/product_tag?post=28841"}],"curies":[{"name":"wp","href":"https:\/\/api.w.org\/{rel}","templated":true}]}}