{"id":28764,"date":"2026-01-27T08:24:36","date_gmt":"2026-01-27T08:24:36","guid":{"rendered":"https:\/\/zozowonen.nl\/?post_type=product&#038;p=28764"},"modified":"2026-01-27T08:26:35","modified_gmt":"2026-01-27T08:26:35","slug":"authentieke-nepalese-pot-kruik","status":"publish","type":"product","link":"https:\/\/zozowonen.nl\/de\/produkt\/authentieke-nepalese-pot-kruik\/","title":{"rendered":"Authentischer nepalesischer Topf \u2013 Krug \u2013 19 cm"},"content":{"rendered":"","protected":false},"excerpt":{"rendered":"<p>Dieses authentische <strong data-start=\"121\" data-end=\"145\">Nepalesischer Topf (Krug)<\/strong> Es besticht durch seinen schlichten, rustikalen Look. Handgefertigt, ist jedes St\u00fcck ein Unikat. Die Patina und die nat\u00fcrlichen Farbt\u00f6ne verleihen diesem Topf seinen ruhigen Charakter. Ein zeitloses Dekorationsobjekt, das sich wunderbar in ein rustikales, puristisches und minimalistisches Interieur einf\u00fcgt.<\/p>","protected":false},"featured_media":28765,"template":"","meta":{"_joinchat":[]},"product_brand":[],"product_cat":[30],"product_tag":[761,762],"class_list":{"0":"post-28764","1":"product","2":"type-product","3":"status-publish","4":"has-post-thumbnail","6":"product_cat-houten-schalen-en-potten","7":"product_tag-nepalese-pot","8":"product_tag-nepalese-pot-met-deksel","10":"first","11":"instock","12":"taxable","13":"shipping-taxable","14":"purchasable","15":"product-type-simple"},"_links":{"self":[{"href":"https:\/\/zozowonen.nl\/de\/wp-json\/wp\/v2\/product\/28764","targetHints":{"allow":["GET"]}}],"collection":[{"href":"https:\/\/zozowonen.nl\/de\/wp-json\/wp\/v2\/product"}],"about":[{"href":"https:\/\/zozowonen.nl\/de\/wp-json\/wp\/v2\/types\/product"}],"version-history":[{"count":1,"href":"https:\/\/zozowonen.nl\/de\/wp-json\/wp\/v2\/product\/28764\/revisions"}],"predecessor-version":[{"id":28767,"href":"https:\/\/zozowonen.nl\/de\/wp-json\/wp\/v2\/product\/28764\/revisions\/28767"}],"wp:featuredmedia":[{"embeddable":true,"href":"https:\/\/zozowonen.nl\/de\/wp-json\/wp\/v2\/media\/28765"}],"wp:attachment":[{"href":"https:\/\/zozowonen.nl\/de\/wp-json\/wp\/v2\/media?parent=28764"}],"wp:term":[{"taxonomy":"product_brand","embeddable":true,"href":"https:\/\/zozowonen.nl\/de\/wp-json\/wp\/v2\/product_brand?post=28764"},{"taxonomy":"product_cat","embeddable":true,"href":"https:\/\/zozowonen.nl\/de\/wp-json\/wp\/v2\/product_cat?post=28764"},{"taxonomy":"product_tag","embeddable":true,"href":"https:\/\/zozowonen.nl\/de\/wp-json\/wp\/v2\/product_tag?post=28764"}],"curies":[{"name":"wp","href":"https:\/\/api.w.org\/{rel}","templated":true}]}}