{"id":28735,"date":"2026-01-24T10:10:58","date_gmt":"2026-01-24T10:10:58","guid":{"rendered":"https:\/\/zozowonen.nl\/?post_type=product&#038;p=28735"},"modified":"2026-04-20T17:56:18","modified_gmt":"2026-04-20T17:56:18","slug":"ronde-houten-plateau-op-voet-2","status":"publish","type":"product","link":"https:\/\/zozowonen.nl\/de\/produkt\/ronde-houten-plateau-op-voet-2\/","title":{"rendered":"Rundes Holztablett auf Fu\u00df \u2013 Teakholz"},"content":{"rendered":"","protected":false},"excerpt":{"rendered":"<p>Suchen Sie nach einer stilvollen Erg\u00e4nzung f\u00fcr Ihre Einrichtung im Landhausstil? Dann ist dieses wundersch\u00f6ne runde Holztablett aus Teakholz genau das Richtige f\u00fcr Sie. Ob Sie den Landhausstil bevorzugen oder Ihrem Zuhause einfach einen Hauch rustikalen Charmes verleihen m\u00f6chten \u2013 ein Holztablett ist eine hervorragende Wahl.<\/p>\n<ul>\n<li>H\u00f6he: 20,5 cm.<\/li>\n<li>Basisdurchmesser: 15 cm.<\/li>\n<li>Tablettdurchmesser: 29 cm.<\/li>\n<\/ul>","protected":false},"featured_media":28737,"template":"","meta":{"_joinchat":[]},"product_brand":[],"product_cat":[43],"product_tag":[208,209],"class_list":{"0":"post-28735","1":"product","2":"type-product","3":"status-publish","4":"has-post-thumbnail","6":"product_cat-landelijke-woonaccessoires","7":"product_tag-houten-plateau","8":"product_tag-houten-plateau-op-voet","10":"first","11":"instock","12":"taxable","13":"shipping-taxable","14":"purchasable","15":"product-type-simple"},"_links":{"self":[{"href":"https:\/\/zozowonen.nl\/de\/wp-json\/wp\/v2\/product\/28735","targetHints":{"allow":["GET"]}}],"collection":[{"href":"https:\/\/zozowonen.nl\/de\/wp-json\/wp\/v2\/product"}],"about":[{"href":"https:\/\/zozowonen.nl\/de\/wp-json\/wp\/v2\/types\/product"}],"version-history":[{"count":4,"href":"https:\/\/zozowonen.nl\/de\/wp-json\/wp\/v2\/product\/28735\/revisions"}],"predecessor-version":[{"id":28741,"href":"https:\/\/zozowonen.nl\/de\/wp-json\/wp\/v2\/product\/28735\/revisions\/28741"}],"wp:featuredmedia":[{"embeddable":true,"href":"https:\/\/zozowonen.nl\/de\/wp-json\/wp\/v2\/media\/28737"}],"wp:attachment":[{"href":"https:\/\/zozowonen.nl\/de\/wp-json\/wp\/v2\/media?parent=28735"}],"wp:term":[{"taxonomy":"product_brand","embeddable":true,"href":"https:\/\/zozowonen.nl\/de\/wp-json\/wp\/v2\/product_brand?post=28735"},{"taxonomy":"product_cat","embeddable":true,"href":"https:\/\/zozowonen.nl\/de\/wp-json\/wp\/v2\/product_cat?post=28735"},{"taxonomy":"product_tag","embeddable":true,"href":"https:\/\/zozowonen.nl\/de\/wp-json\/wp\/v2\/product_tag?post=28735"}],"curies":[{"name":"wp","href":"https:\/\/api.w.org\/{rel}","templated":true}]}}