{"id":28634,"date":"2026-01-17T09:38:12","date_gmt":"2026-01-17T09:38:12","guid":{"rendered":"https:\/\/zozowonen.nl\/?post_type=product&#038;p=28634"},"modified":"2026-03-24T10:43:26","modified_gmt":"2026-03-24T10:43:26","slug":"houten-plateau-met-3-lades","status":"publish","type":"product","link":"https:\/\/zozowonen.nl\/de\/produkt\/houten-plateau-met-3-lades\/","title":{"rendered":"Holztablett mit 3 Schubladen"},"content":{"rendered":"<div data-elementor-type=\"wp-post\" data-elementor-id=\"28634\" class=\"elementor elementor-28634\">\n\t\t\t\t\t\t<section class=\"wd-negative-gap elementor-section elementor-top-section elementor-element elementor-element-b983026 elementor-section-boxed elementor-section-height-default elementor-section-height-default\" data-id=\"b983026\" data-element_type=\"section\" data-e-type=\"section\">\n\t\t\t\t\t\t<div class=\"elementor-container elementor-column-gap-default\">\n\t\t\t\t\t<div class=\"elementor-column elementor-col-100 elementor-top-column elementor-element elementor-element-bc7b570\" data-id=\"bc7b570\" data-element_type=\"column\" data-e-type=\"column\">\n\t\t\t<div class=\"elementor-widget-wrap elementor-element-populated\">\n\t\t\t\t\t\t<div class=\"elementor-element elementor-element-8023a65 elementor-widget elementor-widget-wd_text_block\" data-id=\"8023a65\" data-element_type=\"widget\" data-e-type=\"widget\" data-widget_type=\"wd_text_block.default\">\n\t\t\t\t<div class=\"elementor-widget-container\">\n\t\t\t\t\t\t\t<div class=\"wd-text-block reset-last-child text-left\">\n\t\t\t\n\t\t\t<p><strong>Warum sollte man sich f\u00fcr eine rustikale Dekoration f\u00fcr ein Holztablett entscheiden?<\/strong><\/p><ul><li><p><strong>Nat\u00fcrliches Aussehen:<\/strong> Holz besitzt einen zeitlosen Reiz und bringt die Sch\u00f6nheit der Natur in Ihr Zuhause. Es passt perfekt zum Landhausstil und schafft eine warme, authentische Atmosph\u00e4re.<\/p><\/li><li><p><strong>Vielseitigkeit:<\/strong> Holztabletts sind sehr vielseitig. Man kann sie als Ablage f\u00fcr Dekoartikel wie Kerzen, Bilderrahmen oder Blumenvasen verwenden. Sie eignen sich aber auch hervorragend als praktische Ablagefl\u00e4che zum Ordnen von Gegenst\u00e4nden in K\u00fcche oder Wohnzimmer.<\/p><\/li><li><p><strong>Nachhaltigkeit:<\/strong> Unsere Holztabletts sind robust und langlebig. Sie werden viele Jahre Freude an ihrer Sch\u00f6nheit und Funktionalit\u00e4t haben.<\/p><\/li><li><p><strong>Anpassbar:<\/strong> Holztabletts lassen sich leicht an Ihren pers\u00f6nlichen Stil anpassen. Sie k\u00f6nnen sie bemalen, beizen oder auf eine Weise dekorieren, die zu Ihrer Einrichtung passt.<\/p><\/li><li><p><strong>L\u00e4ndlicher Charme:<\/strong> Wenn Sie einen l\u00e4ndlichen oder b\u00e4uerlichen Stil anstreben, verleiht ein Holztablett Ihrem Raum genau die richtige Portion rustikalen Charmes.<\/p><\/li><\/ul>\n\t\t\t\t\t<\/div>\n\t\t\t\t\t\t<\/div>\n\t\t\t\t<\/div>\n\t\t\t\t\t<\/div>\n\t\t<\/div>\n\t\t\t\t\t<\/div>\n\t\t<\/section>\n\t\t\t\t<\/div>","protected":false},"excerpt":{"rendered":"<p data-start=\"320\" data-end=\"379\"><strong data-start=\"320\" data-end=\"379\">Holztablett mit Schubladen \u2013 multifunktional und stilvoll<\/strong><\/p>\n<p data-start=\"381\" data-end=\"726\">Dieses Holztablett mit Schubladen ist ein vielseitiges M\u00f6belst\u00fcck f\u00fcr jede Einrichtung. Nutzen Sie es als praktischen Organizer in der K\u00fcche, als stilvolles Kaffeetablett oder als dekoratives Element auf einem Sideboard oder Beistelltisch. Dank des erh\u00f6hten Randes bleiben Gegenst\u00e4nde sicher an ihrem Platz, w\u00e4hrend die drei Schubladen zus\u00e4tzlichen Stauraum f\u00fcr Kleinigkeiten bieten.<\/p>\n<p data-start=\"728\" data-end=\"974\">Die warme Holzfarbe und die robuste Optik schaffen eine rustikale Atmosph\u00e4re, die sich m\u00fchelos mit verschiedenen Einrichtungsstilen kombinieren l\u00e4sst.<\/p>","protected":false},"featured_media":30539,"template":"","meta":{"_joinchat":[]},"product_brand":[],"product_cat":[43,931],"product_tag":[208,1540],"class_list":{"0":"post-28634","1":"product","2":"type-product","3":"status-publish","4":"has-post-thumbnail","6":"product_cat-landelijke-woonaccessoires","7":"product_cat-sale","8":"product_tag-houten-plateau","9":"product_tag-houten-plateau-met-lade","11":"first","12":"outofstock","13":"sale","14":"taxable","15":"shipping-taxable","16":"purchasable","17":"product-type-simple"},"_links":{"self":[{"href":"https:\/\/zozowonen.nl\/de\/wp-json\/wp\/v2\/product\/28634","targetHints":{"allow":["GET"]}}],"collection":[{"href":"https:\/\/zozowonen.nl\/de\/wp-json\/wp\/v2\/product"}],"about":[{"href":"https:\/\/zozowonen.nl\/de\/wp-json\/wp\/v2\/types\/product"}],"version-history":[{"count":4,"href":"https:\/\/zozowonen.nl\/de\/wp-json\/wp\/v2\/product\/28634\/revisions"}],"predecessor-version":[{"id":30540,"href":"https:\/\/zozowonen.nl\/de\/wp-json\/wp\/v2\/product\/28634\/revisions\/30540"}],"wp:featuredmedia":[{"embeddable":true,"href":"https:\/\/zozowonen.nl\/de\/wp-json\/wp\/v2\/media\/30539"}],"wp:attachment":[{"href":"https:\/\/zozowonen.nl\/de\/wp-json\/wp\/v2\/media?parent=28634"}],"wp:term":[{"taxonomy":"product_brand","embeddable":true,"href":"https:\/\/zozowonen.nl\/de\/wp-json\/wp\/v2\/product_brand?post=28634"},{"taxonomy":"product_cat","embeddable":true,"href":"https:\/\/zozowonen.nl\/de\/wp-json\/wp\/v2\/product_cat?post=28634"},{"taxonomy":"product_tag","embeddable":true,"href":"https:\/\/zozowonen.nl\/de\/wp-json\/wp\/v2\/product_tag?post=28634"}],"curies":[{"name":"wp","href":"https:\/\/api.w.org\/{rel}","templated":true}]}}