{"id":28571,"date":"2026-01-11T09:20:16","date_gmt":"2026-01-11T09:20:16","guid":{"rendered":"https:\/\/zozowonen.nl\/?post_type=product&#038;p=28571"},"modified":"2026-01-11T09:51:39","modified_gmt":"2026-01-11T09:51:39","slug":"konijnenvacht","status":"publish","type":"product","link":"https:\/\/zozowonen.nl\/de\/produkt\/konijnenvacht\/","title":{"rendered":"Kaninchenfell \u2013 Grau"},"content":{"rendered":"","protected":false},"excerpt":{"rendered":"<p>Wundersch\u00f6nes, dekoratives Kaninchenfell. Ideal zum Beispiel als Dekoration auf einem Sideboard. Aufgrund seiner nat\u00fcrlichen Beschaffenheit ist jedes Fell ein Unikat und passt perfekt zu einem l\u00e4ndlichen, minimalistischen oder rustikalen Einrichtungsstil.<\/p>\n<p data-start=\"656\" data-end=\"786\">Bitte beachten Sie: Die Farbe kann geringf\u00fcgig von der Abbildung abweichen.<\/p>\n<p>Abmessungen: ca. 47 cm x 36 cm (Abmessungen k\u00f6nnen geringf\u00fcgig abweichen).<\/p>","protected":false},"featured_media":28575,"template":"","meta":{"_joinchat":[]},"product_brand":[],"product_cat":[43],"product_tag":[195,192,1785,193,194],"class_list":{"0":"post-28571","1":"product","2":"type-product","3":"status-publish","4":"has-post-thumbnail","6":"product_cat-landelijke-woonaccessoires","7":"product_tag-kleine-konijnenvachtjes","8":"product_tag-konijnen-vachtje","9":"product_tag-konijnenvacht","10":"product_tag-konijnenvachtje","11":"product_tag-konijnenvachtjes-decoratie","13":"first","14":"instock","15":"taxable","16":"shipping-taxable","17":"purchasable","18":"product-type-simple"},"_links":{"self":[{"href":"https:\/\/zozowonen.nl\/de\/wp-json\/wp\/v2\/product\/28571","targetHints":{"allow":["GET"]}}],"collection":[{"href":"https:\/\/zozowonen.nl\/de\/wp-json\/wp\/v2\/product"}],"about":[{"href":"https:\/\/zozowonen.nl\/de\/wp-json\/wp\/v2\/types\/product"}],"version-history":[{"count":8,"href":"https:\/\/zozowonen.nl\/de\/wp-json\/wp\/v2\/product\/28571\/revisions"}],"predecessor-version":[{"id":28580,"href":"https:\/\/zozowonen.nl\/de\/wp-json\/wp\/v2\/product\/28571\/revisions\/28580"}],"wp:featuredmedia":[{"embeddable":true,"href":"https:\/\/zozowonen.nl\/de\/wp-json\/wp\/v2\/media\/28575"}],"wp:attachment":[{"href":"https:\/\/zozowonen.nl\/de\/wp-json\/wp\/v2\/media?parent=28571"}],"wp:term":[{"taxonomy":"product_brand","embeddable":true,"href":"https:\/\/zozowonen.nl\/de\/wp-json\/wp\/v2\/product_brand?post=28571"},{"taxonomy":"product_cat","embeddable":true,"href":"https:\/\/zozowonen.nl\/de\/wp-json\/wp\/v2\/product_cat?post=28571"},{"taxonomy":"product_tag","embeddable":true,"href":"https:\/\/zozowonen.nl\/de\/wp-json\/wp\/v2\/product_tag?post=28571"}],"curies":[{"name":"wp","href":"https:\/\/api.w.org\/{rel}","templated":true}]}}