{"id":28456,"date":"2025-12-28T13:29:52","date_gmt":"2025-12-28T13:29:52","guid":{"rendered":"https:\/\/zozowonen.nl\/?post_type=product&#038;p=28456"},"modified":"2026-03-24T09:40:22","modified_gmt":"2026-03-24T09:40:22","slug":"vensterbank-tafeltje","status":"publish","type":"product","link":"https:\/\/zozowonen.nl\/de\/produkt\/vensterbank-tafeltje\/","title":{"rendered":"Fensterbanktisch \u2013 Holztablett \u2013 Eisenbahnholz"},"content":{"rendered":"","protected":false},"excerpt":{"rendered":"<p>Dieser wundersch\u00f6ne, robuste Beistelltisch\/Tablett f\u00fcr die Fensterbank ist aus authentischem, aus Indien stammendem Eisenbahnholz gefertigt und verstr\u00f6mt puren Charme und W\u00e4rme. Die gealterte Holzmaserung und die originalen Details machen jedes St\u00fcck zu einem Unikat. Perfekt, um Dekorationen, Kerzen oder Pflanzen auf der Fensterbank, dem Sideboard oder dem Tisch dezent in Szene zu setzen.<\/p>\n<p>Jeder Fensterbanktisch bzw. jedes Tablett ist ein Unikat. Da es aus Bahnholz gefertigt wird, gleicht kein St\u00fcck dem anderen. Abweichungen in Maserung, Farbe und Textur geh\u00f6ren zum nat\u00fcrlichen Charakter des Materials und verleihen jedem Tablett sein individuelles Aussehen.<\/p>","protected":false},"featured_media":28998,"template":"","meta":{"_joinchat":[]},"product_brand":[],"product_cat":[43],"product_tag":[852,849,850],"class_list":{"0":"post-28456","1":"product","2":"type-product","3":"status-publish","4":"has-post-thumbnail","6":"product_cat-landelijke-woonaccessoires","7":"product_tag-houten-bajot","8":"product_tag-vensterbank-tafel-hout","9":"product_tag-vensterbank-tafeltje","11":"first","12":"instock","13":"taxable","14":"shipping-taxable","15":"purchasable","16":"product-type-simple"},"_links":{"self":[{"href":"https:\/\/zozowonen.nl\/de\/wp-json\/wp\/v2\/product\/28456","targetHints":{"allow":["GET"]}}],"collection":[{"href":"https:\/\/zozowonen.nl\/de\/wp-json\/wp\/v2\/product"}],"about":[{"href":"https:\/\/zozowonen.nl\/de\/wp-json\/wp\/v2\/types\/product"}],"version-history":[{"count":3,"href":"https:\/\/zozowonen.nl\/de\/wp-json\/wp\/v2\/product\/28456\/revisions"}],"predecessor-version":[{"id":29000,"href":"https:\/\/zozowonen.nl\/de\/wp-json\/wp\/v2\/product\/28456\/revisions\/29000"}],"wp:featuredmedia":[{"embeddable":true,"href":"https:\/\/zozowonen.nl\/de\/wp-json\/wp\/v2\/media\/28998"}],"wp:attachment":[{"href":"https:\/\/zozowonen.nl\/de\/wp-json\/wp\/v2\/media?parent=28456"}],"wp:term":[{"taxonomy":"product_brand","embeddable":true,"href":"https:\/\/zozowonen.nl\/de\/wp-json\/wp\/v2\/product_brand?post=28456"},{"taxonomy":"product_cat","embeddable":true,"href":"https:\/\/zozowonen.nl\/de\/wp-json\/wp\/v2\/product_cat?post=28456"},{"taxonomy":"product_tag","embeddable":true,"href":"https:\/\/zozowonen.nl\/de\/wp-json\/wp\/v2\/product_tag?post=28456"}],"curies":[{"name":"wp","href":"https:\/\/api.w.org\/{rel}","templated":true}]}}