{"id":28317,"date":"2025-12-11T10:17:08","date_gmt":"2025-12-11T10:17:08","guid":{"rendered":"https:\/\/zozowonen.nl\/?post_type=product&#038;p=28317"},"modified":"2026-04-24T17:36:34","modified_gmt":"2026-04-24T17:36:34","slug":"metalen-stolp-40cm","status":"publish","type":"product","link":"https:\/\/zozowonen.nl\/de\/produkt\/metalen-stolp-40cm\/","title":{"rendered":"Metallglocke \u2013 40 cm"},"content":{"rendered":"","protected":false},"excerpt":{"rendered":"<p>Verleihen Sie Ihrem Zuhause mit dieser wundersch\u00f6nen Metallglocke auf eleganten Beinen Gem\u00fctlichkeit und Atmosph\u00e4re. Ein stilvolles und vielseitiges Accessoire. Ideal zur Pr\u00e4sentation kleiner Gegenst\u00e4nde wie (LED-)Kerzen. Passt zu vielen Einrichtungsstilen.<\/p>","protected":false},"featured_media":28321,"template":"","meta":{"_joinchat":[]},"product_brand":[],"product_cat":[43],"product_tag":[1383],"class_list":{"0":"post-28317","1":"product","2":"type-product","3":"status-publish","4":"has-post-thumbnail","6":"product_cat-landelijke-woonaccessoires","7":"product_tag-decoratieve-stolp","9":"first","10":"instock","11":"taxable","12":"shipping-taxable","13":"purchasable","14":"product-type-simple"},"_links":{"self":[{"href":"https:\/\/zozowonen.nl\/de\/wp-json\/wp\/v2\/product\/28317","targetHints":{"allow":["GET"]}}],"collection":[{"href":"https:\/\/zozowonen.nl\/de\/wp-json\/wp\/v2\/product"}],"about":[{"href":"https:\/\/zozowonen.nl\/de\/wp-json\/wp\/v2\/types\/product"}],"version-history":[{"count":2,"href":"https:\/\/zozowonen.nl\/de\/wp-json\/wp\/v2\/product\/28317\/revisions"}],"predecessor-version":[{"id":28320,"href":"https:\/\/zozowonen.nl\/de\/wp-json\/wp\/v2\/product\/28317\/revisions\/28320"}],"wp:featuredmedia":[{"embeddable":true,"href":"https:\/\/zozowonen.nl\/de\/wp-json\/wp\/v2\/media\/28321"}],"wp:attachment":[{"href":"https:\/\/zozowonen.nl\/de\/wp-json\/wp\/v2\/media?parent=28317"}],"wp:term":[{"taxonomy":"product_brand","embeddable":true,"href":"https:\/\/zozowonen.nl\/de\/wp-json\/wp\/v2\/product_brand?post=28317"},{"taxonomy":"product_cat","embeddable":true,"href":"https:\/\/zozowonen.nl\/de\/wp-json\/wp\/v2\/product_cat?post=28317"},{"taxonomy":"product_tag","embeddable":true,"href":"https:\/\/zozowonen.nl\/de\/wp-json\/wp\/v2\/product_tag?post=28317"}],"curies":[{"name":"wp","href":"https:\/\/api.w.org\/{rel}","templated":true}]}}