{"id":28014,"date":"2025-11-13T10:11:24","date_gmt":"2025-11-13T10:11:24","guid":{"rendered":"https:\/\/zozowonen.nl\/?post_type=product&#038;p=28014"},"modified":"2026-03-16T11:38:14","modified_gmt":"2026-03-16T11:38:14","slug":"glazen-windlicht-2","status":"publish","type":"product","link":"https:\/\/zozowonen.nl\/de\/produkt\/glazen-windlicht-2\/","title":{"rendered":"Glaslaterne"},"content":{"rendered":"","protected":false},"excerpt":{"rendered":"<p>Schaffen Sie mit dieser eleganten, runden Glaslaterne eine warme und gem\u00fctliche Atmosph\u00e4re in Ihrem Zuhause. Ob auf dem Tisch, der Fensterbank oder im Regal \u2013 diese Laterne l\u00e4sst Ihre Kerzen wundersch\u00f6n erstrahlen und verleiht jedem Raum ein stimmungsvolles, intimes Ambiente. Dank ihres schlichten, zeitlosen Designs f\u00fcgt sie sich m\u00fchelos in moderne wie auch klassische Einrichtungen ein.<\/p>","protected":false},"featured_media":30124,"template":"","meta":{"_joinchat":[]},"product_brand":[],"product_cat":[43],"product_tag":[863,1742,1743],"class_list":{"0":"post-28014","1":"product","2":"type-product","3":"status-publish","4":"has-post-thumbnail","6":"product_cat-landelijke-woonaccessoires","7":"product_tag-windlicht-glas","8":"product_tag-windlicht-glas-action","9":"product_tag-windlicht-glas-xenos","11":"first","12":"instock","13":"taxable","14":"shipping-taxable","15":"purchasable","16":"product-type-simple"},"_links":{"self":[{"href":"https:\/\/zozowonen.nl\/de\/wp-json\/wp\/v2\/product\/28014","targetHints":{"allow":["GET"]}}],"collection":[{"href":"https:\/\/zozowonen.nl\/de\/wp-json\/wp\/v2\/product"}],"about":[{"href":"https:\/\/zozowonen.nl\/de\/wp-json\/wp\/v2\/types\/product"}],"version-history":[{"count":5,"href":"https:\/\/zozowonen.nl\/de\/wp-json\/wp\/v2\/product\/28014\/revisions"}],"predecessor-version":[{"id":30123,"href":"https:\/\/zozowonen.nl\/de\/wp-json\/wp\/v2\/product\/28014\/revisions\/30123"}],"wp:featuredmedia":[{"embeddable":true,"href":"https:\/\/zozowonen.nl\/de\/wp-json\/wp\/v2\/media\/30124"}],"wp:attachment":[{"href":"https:\/\/zozowonen.nl\/de\/wp-json\/wp\/v2\/media?parent=28014"}],"wp:term":[{"taxonomy":"product_brand","embeddable":true,"href":"https:\/\/zozowonen.nl\/de\/wp-json\/wp\/v2\/product_brand?post=28014"},{"taxonomy":"product_cat","embeddable":true,"href":"https:\/\/zozowonen.nl\/de\/wp-json\/wp\/v2\/product_cat?post=28014"},{"taxonomy":"product_tag","embeddable":true,"href":"https:\/\/zozowonen.nl\/de\/wp-json\/wp\/v2\/product_tag?post=28014"}],"curies":[{"name":"wp","href":"https:\/\/api.w.org\/{rel}","templated":true}]}}