{"id":27678,"date":"2025-10-22T09:31:19","date_gmt":"2025-10-22T09:31:19","guid":{"rendered":"https:\/\/zozowonen.nl\/?post_type=product&#038;p=27678"},"modified":"2026-04-19T08:11:23","modified_gmt":"2026-04-19T08:11:23","slug":"lampenkap-stof","status":"publish","type":"product","link":"https:\/\/zozowonen.nl\/de\/produkt\/lampenkap-stof\/","title":{"rendered":"Lampenschirm \u2013 Teddy \u2013 25 cm"},"content":{"rendered":"","protected":false},"excerpt":{"rendered":"<p data-start=\"566\" data-end=\"786\">Ob Sie eine gem\u00fctliche Ecke im Wohnzimmer schaffen, eine romantische Atmosph\u00e4re im Schlafzimmer erzeugen oder Ihrem Interieur einfach etwas mehr W\u00e4rme verleihen m\u00f6chten, dieser wundersch\u00f6ne Teddy-Lampenschirm sorgt stets f\u00fcr ein sanftes, stimmungsvolles Licht.<\/p>\n<p data-start=\"788\" data-end=\"1038\">Kann beispielsweise mit einem Lampenfu\u00df aus Holz oder einer Baluster-Tischlampe im Landhausstil kombiniert werden.<br \/>\nDie Farbe kann geringf\u00fcgig von der Abbildung abweichen.<\/p>\n<p data-start=\"788\" data-end=\"1038\">Abmessungen:<\/p>\n<ul>\n<li data-start=\"788\" data-end=\"1038\">Durchmesser: 25 cm.<\/li>\n<li data-start=\"788\" data-end=\"1038\">Gr\u00f6\u00dfe: 15<\/li>\n<\/ul>","protected":false},"featured_media":32264,"template":"","meta":{"_joinchat":[]},"product_brand":[],"product_cat":[1712],"product_tag":[1265,1714],"class_list":{"0":"post-27678","1":"product","2":"type-product","3":"status-publish","4":"has-post-thumbnail","6":"product_cat-lampenkappen","7":"product_tag-lampenkap","8":"product_tag-lampenkappen","10":"first","11":"instock","12":"taxable","13":"shipping-taxable","14":"purchasable","15":"product-type-simple"},"_links":{"self":[{"href":"https:\/\/zozowonen.nl\/de\/wp-json\/wp\/v2\/product\/27678","targetHints":{"allow":["GET"]}}],"collection":[{"href":"https:\/\/zozowonen.nl\/de\/wp-json\/wp\/v2\/product"}],"about":[{"href":"https:\/\/zozowonen.nl\/de\/wp-json\/wp\/v2\/types\/product"}],"version-history":[{"count":7,"href":"https:\/\/zozowonen.nl\/de\/wp-json\/wp\/v2\/product\/27678\/revisions"}],"predecessor-version":[{"id":32265,"href":"https:\/\/zozowonen.nl\/de\/wp-json\/wp\/v2\/product\/27678\/revisions\/32265"}],"wp:featuredmedia":[{"embeddable":true,"href":"https:\/\/zozowonen.nl\/de\/wp-json\/wp\/v2\/media\/32264"}],"wp:attachment":[{"href":"https:\/\/zozowonen.nl\/de\/wp-json\/wp\/v2\/media?parent=27678"}],"wp:term":[{"taxonomy":"product_brand","embeddable":true,"href":"https:\/\/zozowonen.nl\/de\/wp-json\/wp\/v2\/product_brand?post=27678"},{"taxonomy":"product_cat","embeddable":true,"href":"https:\/\/zozowonen.nl\/de\/wp-json\/wp\/v2\/product_cat?post=27678"},{"taxonomy":"product_tag","embeddable":true,"href":"https:\/\/zozowonen.nl\/de\/wp-json\/wp\/v2\/product_tag?post=27678"}],"curies":[{"name":"wp","href":"https:\/\/api.w.org\/{rel}","templated":true}]}}