{"id":27670,"date":"2025-10-22T08:50:37","date_gmt":"2025-10-22T08:50:37","guid":{"rendered":"https:\/\/zozowonen.nl\/?post_type=product&#038;p=27670"},"modified":"2026-04-23T20:26:51","modified_gmt":"2026-04-23T20:26:51","slug":"lampenkap-2","status":"publish","type":"product","link":"https:\/\/zozowonen.nl\/de\/produkt\/lampenkap-2\/","title":{"rendered":"Lampenschirm \u2013 Leinen \u2013 20 cm"},"content":{"rendered":"","protected":false},"excerpt":{"rendered":"<p data-start=\"566\" data-end=\"786\">Ob Sie eine gem\u00fctliche Ecke im Wohnzimmer schaffen, eine romantische Atmosph\u00e4re im Schlafzimmer erzeugen oder Ihrem Interieur einfach etwas mehr W\u00e4rme verleihen m\u00f6chten, dieser wundersch\u00f6ne Lampenschirm aus Leinen sorgt stets f\u00fcr ein sanftes, stimmungsvolles Licht.<\/p>\n<p data-start=\"788\" data-end=\"1038\">Kann beispielsweise mit einem Lampenfu\u00df aus Holz oder einer Baluster-Tischlampe im Landhausstil kombiniert werden.<\/p>\n<p data-start=\"788\" data-end=\"1038\">Abmessungen:<\/p>\n<ul>\n<li data-start=\"788\" data-end=\"1038\">Durchmesser: 20 cm.<\/li>\n<li data-start=\"788\" data-end=\"1038\">H\u00f6he: 13 cm.<\/li>\n<\/ul>","protected":false},"featured_media":28498,"template":"","meta":{"_joinchat":[]},"product_brand":[],"product_cat":[1712],"product_tag":[1265,1714],"class_list":{"0":"post-27670","1":"product","2":"type-product","3":"status-publish","4":"has-post-thumbnail","6":"product_cat-lampenkappen","7":"product_tag-lampenkap","8":"product_tag-lampenkappen","10":"first","11":"outofstock","12":"taxable","13":"shipping-taxable","14":"purchasable","15":"product-type-simple"},"_links":{"self":[{"href":"https:\/\/zozowonen.nl\/de\/wp-json\/wp\/v2\/product\/27670","targetHints":{"allow":["GET"]}}],"collection":[{"href":"https:\/\/zozowonen.nl\/de\/wp-json\/wp\/v2\/product"}],"about":[{"href":"https:\/\/zozowonen.nl\/de\/wp-json\/wp\/v2\/types\/product"}],"version-history":[{"count":7,"href":"https:\/\/zozowonen.nl\/de\/wp-json\/wp\/v2\/product\/27670\/revisions"}],"predecessor-version":[{"id":28176,"href":"https:\/\/zozowonen.nl\/de\/wp-json\/wp\/v2\/product\/27670\/revisions\/28176"}],"wp:featuredmedia":[{"embeddable":true,"href":"https:\/\/zozowonen.nl\/de\/wp-json\/wp\/v2\/media\/28498"}],"wp:attachment":[{"href":"https:\/\/zozowonen.nl\/de\/wp-json\/wp\/v2\/media?parent=27670"}],"wp:term":[{"taxonomy":"product_brand","embeddable":true,"href":"https:\/\/zozowonen.nl\/de\/wp-json\/wp\/v2\/product_brand?post=27670"},{"taxonomy":"product_cat","embeddable":true,"href":"https:\/\/zozowonen.nl\/de\/wp-json\/wp\/v2\/product_cat?post=27670"},{"taxonomy":"product_tag","embeddable":true,"href":"https:\/\/zozowonen.nl\/de\/wp-json\/wp\/v2\/product_tag?post=27670"}],"curies":[{"name":"wp","href":"https:\/\/api.w.org\/{rel}","templated":true}]}}