{"id":27577,"date":"2025-10-14T06:57:21","date_gmt":"2025-10-14T06:57:21","guid":{"rendered":"https:\/\/zozowonen.nl\/?post_type=product&#038;p=27577"},"modified":"2026-02-05T10:58:17","modified_gmt":"2026-02-05T10:58:17","slug":"ledkaarsen-op-batterijen-grijs-2","status":"publish","type":"product","link":"https:\/\/zozowonen.nl\/de\/produkt\/ledkaarsen-op-batterijen-grijs-2\/","title":{"rendered":"Batteriebetriebene LED-Kerzen \u2013 Grau\/Taupe \u2013 6 cm"},"content":{"rendered":"<div data-elementor-type=\"wp-post\" data-elementor-id=\"27577\" class=\"elementor elementor-27577\">\n\t\t\t\t\t\t<section class=\"wd-negative-gap elementor-section elementor-top-section elementor-element elementor-element-4de31b4 elementor-section-boxed elementor-section-height-default elementor-section-height-default\" data-id=\"4de31b4\" data-element_type=\"section\" data-e-type=\"section\">\n\t\t\t\t\t\t<div class=\"elementor-container elementor-column-gap-default\">\n\t\t\t\t\t<div class=\"elementor-column elementor-col-100 elementor-top-column elementor-element elementor-element-1f70354\" data-id=\"1f70354\" data-element_type=\"column\" data-e-type=\"column\">\n\t\t\t<div class=\"elementor-widget-wrap elementor-element-populated\">\n\t\t\t\t\t\t<div class=\"elementor-element elementor-element-a2ebdf3 elementor-widget elementor-widget-wd_text_block\" data-id=\"a2ebdf3\" data-element_type=\"widget\" data-e-type=\"widget\" data-widget_type=\"wd_text_block.default\">\n\t\t\t\t<div class=\"elementor-widget-container\">\n\t\t\t\t\t\t\t<div class=\"wd-text-block reset-last-child text-left\">\n\t\t\t\n\t\t\t<p><strong>Warum LED-Kerzen w\u00e4hlen?<\/strong><\/p><ol><li><p><strong>Sicherheit:<\/strong> Einer der gr\u00f6\u00dften Vorteile von LED-Kerzen ist, dass sie keine offene Flamme haben. Dadurch sind sie in jeder Umgebung sicher zu verwenden, selbst in der N\u00e4he von Kindern, Haustieren und brennbaren Materialien.<\/p><\/li><li><p><strong>Nachhaltigkeit:<\/strong> LED-Kerzen halten deutlich l\u00e4nger als herk\u00f6mmliche Wachskerzen. Sie sind verschlei\u00dffest und k\u00f6nnen immer wieder verwendet werden, was langfristig zu Kosteneinsparungen f\u00fchrt.<\/p><\/li><li><p><strong>Umweltfreundlich:<\/strong> Da LED-Kerzen weder Wachs noch andere Materialien verbrennen, tragen sie weder zur Luftverschmutzung noch zur Abfallerzeugung bei. Das macht sie zu einer umweltfreundlichen Wahl.<\/p><\/li><li><p><strong>Vielfalt:<\/strong> LED-Kerzen sind in verschiedenen Gr\u00f6\u00dfen, Formen und Ausf\u00fchrungen erh\u00e4ltlich. Sie k\u00f6nnen sie individuell an Ihre Dekorationsw\u00fcnsche und Anl\u00e4sse anpassen, sei es ein intimes Abendessen bei Kerzenschein oder eine Gro\u00dfveranstaltung.<\/p><\/li><\/ol><p><strong>Anwendungsbereiche von LED-Kerzen<\/strong><\/p><p>LED-Kerzen sind vielseitig und k\u00f6nnen in zahlreichen Situationen eingesetzt werden, unter anderem:<\/p><ul><li><p><strong>Wohndekoration:<\/strong> Verleihen Sie Ihrem Zuhause einen Hauch von Eleganz und Atmosph\u00e4re mit LED-Kerzen in Kerzenst\u00e4ndern, Laternen oder eleganten Haltern.<\/p><\/li><li><p><strong>Partys und Veranstaltungen:<\/strong> Verwenden Sie LED-Kerzen als Tischdekoration f\u00fcr Hochzeiten, Geburtstage, Jubil\u00e4en und andere besondere Anl\u00e4sse.<\/p><\/li><li><p><strong>Hotels und Restaurants:<\/strong> Schaffen Sie eine entspannte Atmosph\u00e4re in Ihrem Restaurant oder Hotelzimmer, ohne sich Gedanken \u00fcber Brandschutzbestimmungen machen zu m\u00fcssen.<\/p><\/li><li><p><strong>Religi\u00f6se Zeremonien:<\/strong> LED-Kerzen k\u00f6nnen in Kirchen und Tempeln w\u00e4hrend religi\u00f6ser Gottesdienste und Veranstaltungen bedenkenlos verwendet werden.<\/p><\/li><li><p><strong>Spas und Wellnesszentren:<\/strong> Schaffen Sie mit LED-Kerzen in Saunen, Behandlungsr\u00e4umen und Ruhezonen eine wohltuende Atmosph\u00e4re in Ihrem Wellnessbereich.<\/p><\/li><\/ul><p>Kurz gesagt: LED-Kerzen bieten den Zauber von Kerzenlicht ohne die damit verbundenen Risiken. Ob f\u00fcr einen romantischen Abend zu Hause oder zur Dekoration einer gro\u00dfen Veranstaltung \u2013 LED-Kerzen sind eine elegante und stilvolle Wahl.<\/p><p><strong>Entdecken Sie unser Sortiment an LED-Kerzen und holen Sie sich den Zauber des Kerzenlichts ganz unbeschwert in Ihr Leben!<\/strong><\/p>\n\t\t\t\t\t<\/div>\n\t\t\t\t\t\t<\/div>\n\t\t\t\t<\/div>\n\t\t\t\t\t<\/div>\n\t\t<\/div>\n\t\t\t\t\t<\/div>\n\t\t<\/section>\n\t\t\t\t<\/div>","protected":false},"excerpt":{"rendered":"<p><strong>LED-Kerzen: Atmosph\u00e4rische, realistische Beleuchtung ohne Feuer.\u00a0<\/strong>LED-Kerzen sind die perfekte L\u00f6sung f\u00fcr alle, die das warme, romantische Licht echter Kerzen genie\u00dfen m\u00f6chten, ohne sich Gedanken \u00fcber Brandgefahr, tropfendes Wachs oder Rauch machen zu m\u00fcssen. Diese innovative Beleuchtungsoption hat den Markt im Sturm erobert und bietet eine sichere und nachhaltige M\u00f6glichkeit, jeden Raum zu beleuchten und zu versch\u00f6nern. Die LED-Kerzen flackern nat\u00fcrlich und sorgen so f\u00fcr eine realistische Atmosph\u00e4re.<\/p>\n<ul>\n<li><strong>Verkauf im 2er-Set.<\/strong><\/li>\n<li>Lieferung ohne Knopfzellenbatterien.<\/li>\n<li>Fernbedienung optional.<\/li>\n<li>Durchmesser: 5 cm.<\/li>\n<\/ul>","protected":false},"featured_media":27578,"template":"","meta":{"_joinchat":[]},"product_brand":[],"product_cat":[33],"product_tag":[117,726,1392],"class_list":{"0":"post-27577","1":"product","2":"type-product","3":"status-publish","4":"has-post-thumbnail","6":"product_cat-ledkaarsen-waxinelichtjes","7":"product_tag-led-kaarsen","8":"product_tag-ledkaarsen","9":"product_tag-ledkaarsen-op-batterijen","11":"first","12":"instock","13":"taxable","14":"shipping-taxable","15":"purchasable","16":"product-type-simple"},"_links":{"self":[{"href":"https:\/\/zozowonen.nl\/de\/wp-json\/wp\/v2\/product\/27577","targetHints":{"allow":["GET"]}}],"collection":[{"href":"https:\/\/zozowonen.nl\/de\/wp-json\/wp\/v2\/product"}],"about":[{"href":"https:\/\/zozowonen.nl\/de\/wp-json\/wp\/v2\/types\/product"}],"version-history":[{"count":3,"href":"https:\/\/zozowonen.nl\/de\/wp-json\/wp\/v2\/product\/27577\/revisions"}],"predecessor-version":[{"id":27607,"href":"https:\/\/zozowonen.nl\/de\/wp-json\/wp\/v2\/product\/27577\/revisions\/27607"}],"wp:featuredmedia":[{"embeddable":true,"href":"https:\/\/zozowonen.nl\/de\/wp-json\/wp\/v2\/media\/27578"}],"wp:attachment":[{"href":"https:\/\/zozowonen.nl\/de\/wp-json\/wp\/v2\/media?parent=27577"}],"wp:term":[{"taxonomy":"product_brand","embeddable":true,"href":"https:\/\/zozowonen.nl\/de\/wp-json\/wp\/v2\/product_brand?post=27577"},{"taxonomy":"product_cat","embeddable":true,"href":"https:\/\/zozowonen.nl\/de\/wp-json\/wp\/v2\/product_cat?post=27577"},{"taxonomy":"product_tag","embeddable":true,"href":"https:\/\/zozowonen.nl\/de\/wp-json\/wp\/v2\/product_tag?post=27577"}],"curies":[{"name":"wp","href":"https:\/\/api.w.org\/{rel}","templated":true}]}}