{"id":27198,"date":"2025-08-31T07:59:38","date_gmt":"2025-08-31T07:59:38","guid":{"rendered":"https:\/\/zozowonen.nl\/?post_type=product&#038;p=27198"},"modified":"2026-03-31T17:13:01","modified_gmt":"2026-03-31T17:13:01","slug":"houten-spindel-2","status":"publish","type":"product","link":"https:\/\/zozowonen.nl\/de\/produkt\/houten-spindel-2\/","title":{"rendered":"Holzspindel 35 cm \u2013 Dunkelbraun"},"content":{"rendered":"","protected":false},"excerpt":{"rendered":"<p>Diese wundersch\u00f6nen, dekorativen Holzspindeln eignen sich hervorragend als Dekoration in einer Holzschale oder in einem sch\u00f6nen Blumenstrau\u00df.<\/p>\n<p>Einzeln erh\u00e4ltlich.<br \/>\nEs kann zu leichten Unterschieden in Struktur und Farbe der einzelnen Spindeln kommen.<\/p>","protected":false},"featured_media":27199,"template":"","meta":{"_joinchat":[]},"product_brand":[],"product_cat":[43],"product_tag":[1294,1291],"class_list":{"0":"post-27198","1":"product","2":"type-product","3":"status-publish","4":"has-post-thumbnail","6":"product_cat-landelijke-woonaccessoires","7":"product_tag-houten-spindel","8":"product_tag-landelijke-woonaccessoires","10":"first","11":"instock","12":"taxable","13":"shipping-taxable","14":"purchasable","15":"product-type-simple"},"_links":{"self":[{"href":"https:\/\/zozowonen.nl\/de\/wp-json\/wp\/v2\/product\/27198","targetHints":{"allow":["GET"]}}],"collection":[{"href":"https:\/\/zozowonen.nl\/de\/wp-json\/wp\/v2\/product"}],"about":[{"href":"https:\/\/zozowonen.nl\/de\/wp-json\/wp\/v2\/types\/product"}],"version-history":[{"count":1,"href":"https:\/\/zozowonen.nl\/de\/wp-json\/wp\/v2\/product\/27198\/revisions"}],"predecessor-version":[{"id":27202,"href":"https:\/\/zozowonen.nl\/de\/wp-json\/wp\/v2\/product\/27198\/revisions\/27202"}],"wp:featuredmedia":[{"embeddable":true,"href":"https:\/\/zozowonen.nl\/de\/wp-json\/wp\/v2\/media\/27199"}],"wp:attachment":[{"href":"https:\/\/zozowonen.nl\/de\/wp-json\/wp\/v2\/media?parent=27198"}],"wp:term":[{"taxonomy":"product_brand","embeddable":true,"href":"https:\/\/zozowonen.nl\/de\/wp-json\/wp\/v2\/product_brand?post=27198"},{"taxonomy":"product_cat","embeddable":true,"href":"https:\/\/zozowonen.nl\/de\/wp-json\/wp\/v2\/product_cat?post=27198"},{"taxonomy":"product_tag","embeddable":true,"href":"https:\/\/zozowonen.nl\/de\/wp-json\/wp\/v2\/product_tag?post=27198"}],"curies":[{"name":"wp","href":"https:\/\/api.w.org\/{rel}","templated":true}]}}