{"id":27049,"date":"2025-08-18T16:50:38","date_gmt":"2025-08-18T16:50:38","guid":{"rendered":"https:\/\/zozowonen.nl\/?post_type=product&#038;p=27049"},"modified":"2026-04-21T16:41:07","modified_gmt":"2026-04-21T16:41:07","slug":"louvre-luik-landelijk-2","status":"publish","type":"product","link":"https:\/\/zozowonen.nl\/de\/produkt\/louvre-luik-landelijk-2\/","title":{"rendered":"Lamellenfensterladen \u2013 Rustikal \u2013 60 cm"},"content":{"rendered":"","protected":false},"excerpt":{"rendered":"<p>Holzjalousien sind eine wundersch\u00f6ne Erg\u00e4nzung f\u00fcr ein Interieur im Landhausstil. Hergestellt aus hochwertigem Holz, sind diese Jalousien langlebig und halten viele Jahre. Sie ben\u00f6tigen wenig Pflege und behalten auch nach langer Zeit ihr sch\u00f6nes Aussehen.<\/p>\n<ul>\n<li><em>H\u00f6he: 60 cm inklusive Sockel<\/em><\/li>\n<li><em>Fu\u00dfl\u00e4nge: 32 cm<\/em><\/li>\n<li><em>Fu\u00dfbreite: 8 cm<\/em><\/li>\n<\/ul>","protected":false},"featured_media":30405,"template":"","meta":{"_joinchat":[]},"product_brand":[],"product_cat":[1307],"product_tag":[571,574,573,572],"class_list":{"0":"post-27049","1":"product","2":"type-product","3":"status-publish","4":"has-post-thumbnail","6":"product_cat-raamshutters","7":"product_tag-louvre-luiken","8":"product_tag-louvre-luiken-binnen","9":"product_tag-louvre-luiken-landelijk","10":"product_tag-louvre-luiken-vensterbank","12":"first","13":"instock","14":"taxable","15":"shipping-taxable","16":"purchasable","17":"product-type-simple"},"_links":{"self":[{"href":"https:\/\/zozowonen.nl\/de\/wp-json\/wp\/v2\/product\/27049","targetHints":{"allow":["GET"]}}],"collection":[{"href":"https:\/\/zozowonen.nl\/de\/wp-json\/wp\/v2\/product"}],"about":[{"href":"https:\/\/zozowonen.nl\/de\/wp-json\/wp\/v2\/types\/product"}],"version-history":[{"count":1,"href":"https:\/\/zozowonen.nl\/de\/wp-json\/wp\/v2\/product\/27049\/revisions"}],"predecessor-version":[{"id":27050,"href":"https:\/\/zozowonen.nl\/de\/wp-json\/wp\/v2\/product\/27049\/revisions\/27050"}],"wp:featuredmedia":[{"embeddable":true,"href":"https:\/\/zozowonen.nl\/de\/wp-json\/wp\/v2\/media\/30405"}],"wp:attachment":[{"href":"https:\/\/zozowonen.nl\/de\/wp-json\/wp\/v2\/media?parent=27049"}],"wp:term":[{"taxonomy":"product_brand","embeddable":true,"href":"https:\/\/zozowonen.nl\/de\/wp-json\/wp\/v2\/product_brand?post=27049"},{"taxonomy":"product_cat","embeddable":true,"href":"https:\/\/zozowonen.nl\/de\/wp-json\/wp\/v2\/product_cat?post=27049"},{"taxonomy":"product_tag","embeddable":true,"href":"https:\/\/zozowonen.nl\/de\/wp-json\/wp\/v2\/product_tag?post=27049"}],"curies":[{"name":"wp","href":"https:\/\/api.w.org\/{rel}","templated":true}]}}