{"id":26777,"date":"2025-07-18T07:16:20","date_gmt":"2025-07-18T07:16:20","guid":{"rendered":"https:\/\/zozowonen.nl\/?post_type=product&#038;p=26777"},"modified":"2026-03-01T09:43:08","modified_gmt":"2026-03-01T09:43:08","slug":"kunstbloemen-roosjes","status":"publish","type":"product","link":"https:\/\/zozowonen.nl\/de\/produkt\/kunstbloemen-roosjes\/","title":{"rendered":"Kunstblumen \u2013 Gemischter Strau\u00df \u2013 Rosen"},"content":{"rendered":"","protected":false},"excerpt":{"rendered":"<p>Wundersch\u00f6ner, hochwertiger Blumenstrau\u00df <strong>k\u00fcnstliche Blumen<\/strong>. Dank der hochwertigen Materialien sind sie von echten Blumen kaum zu unterscheiden.<\/p>\n<p>Das <strong>k\u00fcnstliche Blumen<\/strong> Sie eignen sich ideal als langlebige Dekoration f\u00fcr Zuhause, im B\u00fcro oder als Geschenk. Dieser Blumenstrau\u00df bleibt das ganze Jahr \u00fcber frisch und farbenfroh \u2013 ganz ohne Pflege. Kein Wasser n\u00f6tig, keine abfallenden Bl\u00e4tter \u2013 einfach dauerhafte Sch\u00f6nheit.<\/p>\n<p>Gesamtl\u00e4nge: +\/- 33cm.<\/p>","protected":false},"featured_media":29475,"template":"","meta":{"_joinchat":[]},"product_brand":[],"product_cat":[1527],"product_tag":[1453,1455,1529],"class_list":{"0":"post-26777","1":"product","2":"type-product","3":"status-publish","4":"has-post-thumbnail","6":"product_cat-kunstbloemen-en-zijden-bloemen","7":"product_tag-kunstbloemen","8":"product_tag-kunstbloemen-boeket","9":"product_tag-nep-bloemen","11":"first","12":"instock","13":"taxable","14":"shipping-taxable","15":"purchasable","16":"product-type-simple"},"_links":{"self":[{"href":"https:\/\/zozowonen.nl\/de\/wp-json\/wp\/v2\/product\/26777","targetHints":{"allow":["GET"]}}],"collection":[{"href":"https:\/\/zozowonen.nl\/de\/wp-json\/wp\/v2\/product"}],"about":[{"href":"https:\/\/zozowonen.nl\/de\/wp-json\/wp\/v2\/types\/product"}],"version-history":[{"count":6,"href":"https:\/\/zozowonen.nl\/de\/wp-json\/wp\/v2\/product\/26777\/revisions"}],"predecessor-version":[{"id":29493,"href":"https:\/\/zozowonen.nl\/de\/wp-json\/wp\/v2\/product\/26777\/revisions\/29493"}],"wp:featuredmedia":[{"embeddable":true,"href":"https:\/\/zozowonen.nl\/de\/wp-json\/wp\/v2\/media\/29475"}],"wp:attachment":[{"href":"https:\/\/zozowonen.nl\/de\/wp-json\/wp\/v2\/media?parent=26777"}],"wp:term":[{"taxonomy":"product_brand","embeddable":true,"href":"https:\/\/zozowonen.nl\/de\/wp-json\/wp\/v2\/product_brand?post=26777"},{"taxonomy":"product_cat","embeddable":true,"href":"https:\/\/zozowonen.nl\/de\/wp-json\/wp\/v2\/product_cat?post=26777"},{"taxonomy":"product_tag","embeddable":true,"href":"https:\/\/zozowonen.nl\/de\/wp-json\/wp\/v2\/product_tag?post=26777"}],"curies":[{"name":"wp","href":"https:\/\/api.w.org\/{rel}","templated":true}]}}