{"id":26550,"date":"2025-06-07T14:10:24","date_gmt":"2025-06-07T14:10:24","guid":{"rendered":"https:\/\/zozowonen.nl\/?post_type=product&#038;p=26550"},"modified":"2026-04-26T12:55:37","modified_gmt":"2026-04-26T12:55:37","slug":"gruttersbak-6-vakken","status":"publish","type":"product","link":"https:\/\/zozowonen.nl\/de\/produkt\/gruttersbak-6-vakken\/","title":{"rendered":"Vorratskiste aus Holz \u2013 6 F\u00e4cher"},"content":{"rendered":"\t\t<div data-elementor-type=\"wp-post\" data-elementor-id=\"26550\" class=\"elementor elementor-26550\">\n\t\t\t\t\t\t<section class=\"wd-negative-gap elementor-section elementor-top-section elementor-element elementor-element-b983026 elementor-section-boxed elementor-section-height-default elementor-section-height-default\" data-id=\"b983026\" data-element_type=\"section\" data-e-type=\"section\">\n\t\t\t\t\t\t<div class=\"elementor-container elementor-column-gap-default\">\n\t\t\t\t\t<div class=\"elementor-column elementor-col-100 elementor-top-column elementor-element elementor-element-bc7b570\" data-id=\"bc7b570\" data-element_type=\"column\" data-e-type=\"column\">\n\t\t\t<div class=\"elementor-widget-wrap elementor-element-populated\">\n\t\t\t\t\t\t<div class=\"elementor-element elementor-element-8023a65 elementor-widget elementor-widget-wd_text_block\" data-id=\"8023a65\" data-element_type=\"widget\" data-e-type=\"widget\" data-widget_type=\"wd_text_block.default\">\n\t\t\t\t<div class=\"elementor-widget-container\">\n\t\t\t\t\t\t\t<div class=\"wd-text-block reset-last-child text-left\">\n\t\t\t\n\t\t\t<div class=\"flex-1 overflow-hidden\"><div class=\"react-scroll-to-bottom--css-lklfe-79elbk h-full dark:bg-gray-800\"><div class=\"react-scroll-to-bottom--css-lklfe-1n7m0yu\"><div class=\"flex flex-col text-sm dark:bg-gray-800\"><div class=\"group w-full text-token-text-primary border-b border-black\/10 dark:border-gray-900\/50 bg-gray-50 dark:bg-[#444654]\" data-testid=\"conversation-turn-3\"><div class=\"p-4 justify-center text-base md:gap-6 md:py-6 m-auto\"><div class=\"flex flex-1 gap-4 text-base mx-auto md:gap-6 md:max-w-2xl lg:max-w-[38rem] xl:max-w-3xl }\"><div class=\"relative flex w-[calc(100%-50px)] flex-col gap-1 md:gap-3 lg:w-[calc(100%-115px)]\"><div class=\"flex flex-grow flex-col gap-3 max-w-full\"><div class=\"min-h-[20px] flex flex-col items-start gap-3 overflow-x-auto whitespace-pre-wrap break-words\"><div class=\"markdown prose w-full break-words dark:prose-invert light\"><div class=\"flex-1 overflow-hidden\"><div class=\"react-scroll-to-bottom--css-zqbbh-79elbk h-full dark:bg-gray-800\"><div class=\"react-scroll-to-bottom--css-zqbbh-1n7m0yu\"><div class=\"flex flex-col text-sm dark:bg-gray-800\"><div class=\"group w-full text-token-text-primary border-b border-black\/10 dark:border-gray-900\/50 bg-gray-50 dark:bg-[#444654]\" data-testid=\"conversation-turn-3\"><div class=\"p-4 justify-center text-base md:gap-6 md:py-6 m-auto\"><div class=\"flex flex-1 gap-4 text-base mx-auto md:gap-6 md:max-w-2xl lg:max-w-[38rem] xl:max-w-3xl }\"><div class=\"relative flex w-[calc(100%-50px)] flex-col gap-1 md:gap-3 lg:w-[calc(100%-115px)]\"><div class=\"flex flex-grow flex-col gap-3 max-w-full\"><div class=\"min-h-[20px] flex flex-col items-start gap-3 overflow-x-auto whitespace-pre-wrap break-words\"><div class=\"markdown prose w-full break-words dark:prose-invert light\"><p>De gruttersbak, oorspronkelijk gebruikt door kruideniers om droge goederen op te slaan, is tegenwoordig een geliefd decoratiestuk dat een vleugje vintage flair aan je huis kan geven. Het houten ontwerp, vaak met vakken en laden, straalt warmte en authenticiteit uit. Hier zijn enkele manieren waarop je een gruttersbak decoratief kunt gebruiken:<\/p><ul><li><p><strong>Kruiden en Specerijen:<\/strong> Plaats kleine potjes met kruiden en specerijen in de vakken van de gruttersbak. Dit geeft je keuken een rustieke uitstraling en maakt het gemakkelijk om je kookingredi\u00ebnten georganiseerd te houden.<\/p><\/li><li><p><strong>Bloemen en Planten:<\/strong> Gebruik de laden van de gruttersbak om kleine potten met bloemen of vetplanten te plaatsen. Dit voegt een natuurlijk accent toe aan je interieur en maakt de bak nog aantrekkelijker.<\/p><\/li><li><p><strong>Keukenbenodigdheden:<\/strong> Plaats keukengerei zoals lepels, spatels en kwasten in de vakken voor gemakkelijke toegang tijdens het koken. Dit is niet alleen praktisch, maar het voegt ook een rustieke charme toe aan je keuken.<\/p><\/li><li><p><strong>Decoratieve Voorwerpen:<\/strong> Gebruik de gruttersbak om decoratieve items zoals kaarsen, fotolijsten of verzamelobjecten weer te geven. De vakken en laden bieden verschillende niveaus om creatief mee te spelen.<\/p><\/li><li><p><strong>Seizoensdecoraties:<\/strong> Pas de inhoud van de gruttersbak aan op het seizoen. In de lente en zomer kun je bijvoorbeeld schelpen, zeesterren of zonnebloemen tentoonstellen, terwijl je in de herfst kunt kiezen voor herfstbladeren en pompoenen.<\/p><\/li><li><p><strong>Kleur en Afwerking:<\/strong> Overweeg de kleur en afwerking van de gruttersbak aan te passen aan je bestaande interieur. Je kunt ervoor kiezen om het natuurlijke hout te behouden voor een rustieke uitstraling, of het schilderen in een kleur die past bij je decoratiestijl.<\/p><\/li><\/ul><p>Kortom, een gruttersbak kan zowel functioneel als decoratief zijn, waardoor het een veelzijdig element is dat de esthetiek van je huis kan verbeteren. Of je nu van een landelijke, vintage of traditionele inrichting houdt, een gruttersbak kan een waardevolle aanvulling zijn op je interieur.<\/p><\/div><\/div><\/div><\/div><\/div><\/div><\/div><\/div><\/div><\/div><\/div><div class=\"absolute bottom-0 left-0 w-full border-t md:border-t-0 dark:border-white\/20 md:border-transparent md:dark:border-transparent md:bg-vert-light-gradient bg-white dark:bg-gray-800 md:!bg-transparent dark:md:bg-vert-dark-gradient pt-2 md:pl-2 md:w-[calc(100%-.5rem)]\"><form class=\"stretch mx-2 flex flex-row gap-3 last:mb-2 md:mx-4 md:last:mb-6 lg:mx-auto lg:max-w-2xl xl:max-w-3xl\"><div class=\"relative flex h-full flex-1 items-stretch md:flex-col\">\u00a0<\/div><\/form><\/div><\/div><\/div><\/div><\/div><\/div><\/div><\/div><\/div><\/div><\/div><\/div>\n\t\t\t\t\t<\/div>\n\t\t\t\t\t\t<\/div>\n\t\t\t\t<\/div>\n\t\t\t\t\t<\/div>\n\t\t<\/div>\n\t\t\t\t\t<\/div>\n\t\t<\/section>\n\t\t\t\t<\/div>\n\t\t","protected":false},"excerpt":{"rendered":"<p>Eine Vorratskiste aus Holz ist ein stilvolles Dekorationselement, das jedem Raum W\u00e4rme und Charakter verleiht. Unsere sorgf\u00e4ltig gefertigten Holzkisten sind nicht nur funktional, sondern auch eine charmante Erg\u00e4nzung f\u00fcr Ihr Zuhause.\n\nOb im Landhausstil, rustikal oder im Vintage-Look \u2013 diese Vorratskiste f\u00fcgt sich harmonisch in jede Einrichtung ein.<\/p>","protected":false},"featured_media":28728,"template":"","meta":{"_joinchat":[]},"product_brand":[],"product_cat":[905,931],"product_tag":[197,199,200,198],"class_list":{"0":"post-26550","1":"product","2":"type-product","3":"status-publish","4":"has-post-thumbnail","6":"product_cat-gruttersbakken","7":"product_cat-sale","8":"product_tag-gruttersbak","9":"product_tag-gruttersbak-action","10":"product_tag-gruttersbak-hout","11":"product_tag-gruttersbakken","13":"first","14":"instock","15":"sale","16":"taxable","17":"shipping-taxable","18":"purchasable","19":"product-type-simple"},"_links":{"self":[{"href":"https:\/\/zozowonen.nl\/de\/wp-json\/wp\/v2\/product\/26550","targetHints":{"allow":["GET"]}}],"collection":[{"href":"https:\/\/zozowonen.nl\/de\/wp-json\/wp\/v2\/product"}],"about":[{"href":"https:\/\/zozowonen.nl\/de\/wp-json\/wp\/v2\/types\/product"}],"version-history":[{"count":3,"href":"https:\/\/zozowonen.nl\/de\/wp-json\/wp\/v2\/product\/26550\/revisions"}],"predecessor-version":[{"id":28698,"href":"https:\/\/zozowonen.nl\/de\/wp-json\/wp\/v2\/product\/26550\/revisions\/28698"}],"wp:featuredmedia":[{"embeddable":true,"href":"https:\/\/zozowonen.nl\/de\/wp-json\/wp\/v2\/media\/28728"}],"wp:attachment":[{"href":"https:\/\/zozowonen.nl\/de\/wp-json\/wp\/v2\/media?parent=26550"}],"wp:term":[{"taxonomy":"product_brand","embeddable":true,"href":"https:\/\/zozowonen.nl\/de\/wp-json\/wp\/v2\/product_brand?post=26550"},{"taxonomy":"product_cat","embeddable":true,"href":"https:\/\/zozowonen.nl\/de\/wp-json\/wp\/v2\/product_cat?post=26550"},{"taxonomy":"product_tag","embeddable":true,"href":"https:\/\/zozowonen.nl\/de\/wp-json\/wp\/v2\/product_tag?post=26550"}],"curies":[{"name":"wp","href":"https:\/\/api.w.org\/{rel}","templated":true}]}}