{"id":26516,"date":"2025-06-03T12:13:40","date_gmt":"2025-06-03T12:13:40","guid":{"rendered":"https:\/\/zozowonen.nl\/?post_type=product&#038;p=26516"},"modified":"2026-04-20T09:46:59","modified_gmt":"2026-04-20T09:46:59","slug":"raamshutter-3-luik-70cm-bruin","status":"publish","type":"product","link":"https:\/\/zozowonen.nl\/de\/produkt\/raamshutter-3-luik-70cm-bruin\/","title":{"rendered":"Fensterladen \u2013 3-teilig \u2013 70 cm \u2013 Braun"},"content":{"rendered":"","protected":false},"excerpt":{"rendered":"<p>Wundersch\u00f6ne Dekoration <strong>Fensterladen<\/strong> bestehend aus 3 Paneelen. Diese <strong>Fensterladen<\/strong> Es ist handgefertigt und eignet sich perfekt als Dekoration f\u00fcr Fensterbank, Sideboard oder Beistelltisch. Eine wundersch\u00f6ne Erg\u00e4nzung f\u00fcr Ihre Einrichtung, die Ihrem Wohnzimmer sofort eine besondere Atmosph\u00e4re verleiht.<\/p>","protected":false},"featured_media":30467,"template":"","meta":{"_joinchat":[]},"product_brand":[],"product_cat":[1307,931],"product_tag":[1758,1740,973,974,975],"class_list":{"0":"post-26516","1":"product","2":"type-product","3":"status-publish","4":"has-post-thumbnail","6":"product_cat-raamshutters","7":"product_cat-sale","8":"product_tag-raamscherm","9":"product_tag-raamshutters","10":"product_tag-shutters","11":"product_tag-shutters-ramen","12":"product_tag-shutters-voor-het-raam","14":"first","15":"instock","16":"sale","17":"taxable","18":"shipping-taxable","19":"purchasable","20":"product-type-simple"},"_links":{"self":[{"href":"https:\/\/zozowonen.nl\/de\/wp-json\/wp\/v2\/product\/26516","targetHints":{"allow":["GET"]}}],"collection":[{"href":"https:\/\/zozowonen.nl\/de\/wp-json\/wp\/v2\/product"}],"about":[{"href":"https:\/\/zozowonen.nl\/de\/wp-json\/wp\/v2\/types\/product"}],"version-history":[{"count":6,"href":"https:\/\/zozowonen.nl\/de\/wp-json\/wp\/v2\/product\/26516\/revisions"}],"predecessor-version":[{"id":32316,"href":"https:\/\/zozowonen.nl\/de\/wp-json\/wp\/v2\/product\/26516\/revisions\/32316"}],"wp:featuredmedia":[{"embeddable":true,"href":"https:\/\/zozowonen.nl\/de\/wp-json\/wp\/v2\/media\/30467"}],"wp:attachment":[{"href":"https:\/\/zozowonen.nl\/de\/wp-json\/wp\/v2\/media?parent=26516"}],"wp:term":[{"taxonomy":"product_brand","embeddable":true,"href":"https:\/\/zozowonen.nl\/de\/wp-json\/wp\/v2\/product_brand?post=26516"},{"taxonomy":"product_cat","embeddable":true,"href":"https:\/\/zozowonen.nl\/de\/wp-json\/wp\/v2\/product_cat?post=26516"},{"taxonomy":"product_tag","embeddable":true,"href":"https:\/\/zozowonen.nl\/de\/wp-json\/wp\/v2\/product_tag?post=26516"}],"curies":[{"name":"wp","href":"https:\/\/api.w.org\/{rel}","templated":true}]}}