{"id":26511,"date":"2025-06-03T11:54:11","date_gmt":"2025-06-03T11:54:11","guid":{"rendered":"https:\/\/zozowonen.nl\/?post_type=product&#038;p=26511"},"modified":"2026-04-17T07:32:44","modified_gmt":"2026-04-17T07:32:44","slug":"raamshutter-3-luik-bruin","status":"publish","type":"product","link":"https:\/\/zozowonen.nl\/de\/produkt\/raamshutter-3-luik-bruin\/","title":{"rendered":"Fensterladen \u2013 3-teilig \u2013 52 cm \u2013 Braun"},"content":{"rendered":"","protected":false},"excerpt":{"rendered":"<p>Wundersch\u00f6ne Dekoration <strong>Fensterladen<\/strong> bestehend aus 3 Paneelen in der Farbe Braun. Diese <strong>Fensterladen<\/strong> Es ist handgefertigt und eignet sich perfekt als Dekoration f\u00fcr Fensterbank, Sideboard oder Beistelltisch. Eine wundersch\u00f6ne Erg\u00e4nzung f\u00fcr Ihre Einrichtung, die Ihrem Wohnzimmer sofort eine besondere Atmosph\u00e4re verleiht.<\/p>","protected":false},"featured_media":26798,"template":"","meta":{"_joinchat":[]},"product_brand":[],"product_cat":[1307,931],"product_tag":[1758,1740,973,974,975],"class_list":{"0":"post-26511","1":"product","2":"type-product","3":"status-publish","4":"has-post-thumbnail","6":"product_cat-raamshutters","7":"product_cat-sale","8":"product_tag-raamscherm","9":"product_tag-raamshutters","10":"product_tag-shutters","11":"product_tag-shutters-ramen","12":"product_tag-shutters-voor-het-raam","14":"first","15":"outofstock","16":"sale","17":"taxable","18":"shipping-taxable","19":"purchasable","20":"product-type-simple"},"_links":{"self":[{"href":"https:\/\/zozowonen.nl\/de\/wp-json\/wp\/v2\/product\/26511","targetHints":{"allow":["GET"]}}],"collection":[{"href":"https:\/\/zozowonen.nl\/de\/wp-json\/wp\/v2\/product"}],"about":[{"href":"https:\/\/zozowonen.nl\/de\/wp-json\/wp\/v2\/types\/product"}],"version-history":[{"count":5,"href":"https:\/\/zozowonen.nl\/de\/wp-json\/wp\/v2\/product\/26511\/revisions"}],"predecessor-version":[{"id":28113,"href":"https:\/\/zozowonen.nl\/de\/wp-json\/wp\/v2\/product\/26511\/revisions\/28113"}],"wp:featuredmedia":[{"embeddable":true,"href":"https:\/\/zozowonen.nl\/de\/wp-json\/wp\/v2\/media\/26798"}],"wp:attachment":[{"href":"https:\/\/zozowonen.nl\/de\/wp-json\/wp\/v2\/media?parent=26511"}],"wp:term":[{"taxonomy":"product_brand","embeddable":true,"href":"https:\/\/zozowonen.nl\/de\/wp-json\/wp\/v2\/product_brand?post=26511"},{"taxonomy":"product_cat","embeddable":true,"href":"https:\/\/zozowonen.nl\/de\/wp-json\/wp\/v2\/product_cat?post=26511"},{"taxonomy":"product_tag","embeddable":true,"href":"https:\/\/zozowonen.nl\/de\/wp-json\/wp\/v2\/product_tag?post=26511"}],"curies":[{"name":"wp","href":"https:\/\/api.w.org\/{rel}","templated":true}]}}