{"id":25974,"date":"2025-03-15T08:19:25","date_gmt":"2025-03-15T08:19:25","guid":{"rendered":"https:\/\/zozowonen.nl\/?post_type=product&#038;p=25974"},"modified":"2025-10-21T05:56:06","modified_gmt":"2025-10-21T05:56:06","slug":"houten-onderzetters-in-houder-6-stuks-donkerbruin","status":"publish","type":"product","link":"https:\/\/zozowonen.nl\/de\/produkt\/houten-onderzetters-in-houder-6-stuks-donkerbruin\/","title":{"rendered":"Untersetzer aus Holz im Halter \u2013 6 St\u00fcck \u2013 Dunkelbraun"},"content":{"rendered":"","protected":false},"excerpt":{"rendered":"<p>Nat\u00fcrliche Sch\u00f6nheit trifft auf praktisches Design: Unsere rustikalen Holzuntersetzer im Halter sind sorgf\u00e4ltig gefertigt und verarbeitet. Eine charmante Erg\u00e4nzung f\u00fcr jedes Interieur im Landhausstil.<\/p>","protected":false},"featured_media":25976,"template":"","meta":{"_joinchat":[]},"product_brand":[],"product_cat":[71],"product_tag":[764],"class_list":{"0":"post-25974","1":"product","2":"type-product","3":"status-publish","4":"has-post-thumbnail","6":"product_cat-onderzetters","7":"product_tag-houten-onderzetters","9":"first","10":"outofstock","11":"taxable","12":"shipping-taxable","13":"purchasable","14":"product-type-simple"},"_links":{"self":[{"href":"https:\/\/zozowonen.nl\/de\/wp-json\/wp\/v2\/product\/25974","targetHints":{"allow":["GET"]}}],"collection":[{"href":"https:\/\/zozowonen.nl\/de\/wp-json\/wp\/v2\/product"}],"about":[{"href":"https:\/\/zozowonen.nl\/de\/wp-json\/wp\/v2\/types\/product"}],"version-history":[{"count":1,"href":"https:\/\/zozowonen.nl\/de\/wp-json\/wp\/v2\/product\/25974\/revisions"}],"predecessor-version":[{"id":25975,"href":"https:\/\/zozowonen.nl\/de\/wp-json\/wp\/v2\/product\/25974\/revisions\/25975"}],"wp:featuredmedia":[{"embeddable":true,"href":"https:\/\/zozowonen.nl\/de\/wp-json\/wp\/v2\/media\/25976"}],"wp:attachment":[{"href":"https:\/\/zozowonen.nl\/de\/wp-json\/wp\/v2\/media?parent=25974"}],"wp:term":[{"taxonomy":"product_brand","embeddable":true,"href":"https:\/\/zozowonen.nl\/de\/wp-json\/wp\/v2\/product_brand?post=25974"},{"taxonomy":"product_cat","embeddable":true,"href":"https:\/\/zozowonen.nl\/de\/wp-json\/wp\/v2\/product_cat?post=25974"},{"taxonomy":"product_tag","embeddable":true,"href":"https:\/\/zozowonen.nl\/de\/wp-json\/wp\/v2\/product_tag?post=25974"}],"curies":[{"name":"wp","href":"https:\/\/api.w.org\/{rel}","templated":true}]}}