{"id":25918,"date":"2025-03-12T15:09:06","date_gmt":"2025-03-12T15:09:06","guid":{"rendered":"https:\/\/zozowonen.nl\/?post_type=product&#038;p=25918"},"modified":"2026-04-06T18:22:54","modified_gmt":"2026-04-06T18:22:54","slug":"houten-keukenrolhouder-teakhout","status":"publish","type":"product","link":"https:\/\/zozowonen.nl\/de\/produkt\/houten-keukenrolhouder-teakhout\/","title":{"rendered":"K\u00fcchenrollenhalter aus Holz \u2013 Teakholz \u2013 1 Schublade"},"content":{"rendered":"","protected":false},"excerpt":{"rendered":"<p>Vervollst\u00e4ndigen Sie Ihre Landhausk\u00fcche mit diesem robusten Holzm\u00f6belst\u00fcck. <strong>K\u00fcchenrollenhalter<\/strong> Aus Teakholz gefertigt. Praktisch und stilvoll zugleich: Dieser Halter sorgt daf\u00fcr, dass Ihre Papierhandt\u00fccher immer griffbereit sind und schafft eine warme, gem\u00fctliche Landhausatmosph\u00e4re. Neben einem praktischen Platz f\u00fcr Ihre Papierhandt\u00fccher bietet dieser Halter dank der integrierten Schublade zus\u00e4tzlichen Stauraum.<\/p>\n<p>Bitte beachten Sie: Es kann zu leichten Abweichungen in Farbe und Textur der einzelnen Artikel kommen.<\/p>","protected":false},"featured_media":26774,"template":"","meta":{"_joinchat":[]},"product_brand":[],"product_cat":[905,43],"product_tag":[961,960,959],"class_list":{"0":"post-25918","1":"product","2":"type-product","3":"status-publish","4":"has-post-thumbnail","6":"product_cat-gruttersbakken","7":"product_cat-landelijke-woonaccessoires","8":"product_tag-keukenrolhouder","9":"product_tag-keukenrolhouder-landelijk","10":"product_tag-landelijke-keukenrolhouder","12":"first","13":"instock","14":"taxable","15":"shipping-taxable","16":"purchasable","17":"product-type-simple"},"_links":{"self":[{"href":"https:\/\/zozowonen.nl\/de\/wp-json\/wp\/v2\/product\/25918","targetHints":{"allow":["GET"]}}],"collection":[{"href":"https:\/\/zozowonen.nl\/de\/wp-json\/wp\/v2\/product"}],"about":[{"href":"https:\/\/zozowonen.nl\/de\/wp-json\/wp\/v2\/types\/product"}],"version-history":[{"count":4,"href":"https:\/\/zozowonen.nl\/de\/wp-json\/wp\/v2\/product\/25918\/revisions"}],"predecessor-version":[{"id":26755,"href":"https:\/\/zozowonen.nl\/de\/wp-json\/wp\/v2\/product\/25918\/revisions\/26755"}],"wp:featuredmedia":[{"embeddable":true,"href":"https:\/\/zozowonen.nl\/de\/wp-json\/wp\/v2\/media\/26774"}],"wp:attachment":[{"href":"https:\/\/zozowonen.nl\/de\/wp-json\/wp\/v2\/media?parent=25918"}],"wp:term":[{"taxonomy":"product_brand","embeddable":true,"href":"https:\/\/zozowonen.nl\/de\/wp-json\/wp\/v2\/product_brand?post=25918"},{"taxonomy":"product_cat","embeddable":true,"href":"https:\/\/zozowonen.nl\/de\/wp-json\/wp\/v2\/product_cat?post=25918"},{"taxonomy":"product_tag","embeddable":true,"href":"https:\/\/zozowonen.nl\/de\/wp-json\/wp\/v2\/product_tag?post=25918"}],"curies":[{"name":"wp","href":"https:\/\/api.w.org\/{rel}","templated":true}]}}