{"id":25852,"date":"2025-03-04T10:02:07","date_gmt":"2025-03-04T10:02:07","guid":{"rendered":"https:\/\/zozowonen.nl\/?post_type=product&#038;p=25852"},"modified":"2025-10-05T14:02:11","modified_gmt":"2025-10-05T14:02:11","slug":"cadeau-voor-haar-zeephanger","status":"publish","type":"product","link":"https:\/\/zozowonen.nl\/de\/produkt\/cadeau-voor-haar-zeephanger\/","title":{"rendered":"Geschenk f\u00fcr Sie \u2013 Seifenaufh\u00e4nger"},"content":{"rendered":"","protected":false},"excerpt":{"rendered":"<p>Ich suche ein sch\u00f6nes <strong data-start=\"26\" data-end=\"46\">Geschenk f\u00fcr sie? <\/strong>Verschenken Sie diesen wundersch\u00f6nen, extra gro\u00dfen, pinkfarbenen Seifenhalter von Mijn Stijl mit dem Duft Mille Fleurs, verpackt in einer eleganten Papiertragetasche.<strong data-start=\"26\" data-end=\"46\">. <\/strong>Eine elegante \u00dcberraschung f\u00fcr jeden Anlass.<\/p>\n<p>F\u00fcr gr\u00f6\u00dfere Bestellungen oder gesch\u00e4ftliche Anfragen kontaktieren Sie uns bitte.<\/p>","protected":false},"featured_media":25853,"template":"","meta":{"_joinchat":[]},"product_brand":[],"product_cat":[853],"product_tag":[966,969,967,968],"class_list":{"0":"post-25852","1":"product","2":"type-product","3":"status-publish","4":"has-post-thumbnail","6":"product_cat-cadeautips","7":"product_tag-cadeau-voor-haar","8":"product_tag-cadeau-vriendin","9":"product_tag-moederdag-cadeau","10":"product_tag-valentijn-cadeau","12":"first","13":"instock","14":"taxable","15":"shipping-taxable","16":"purchasable","17":"product-type-simple"},"_links":{"self":[{"href":"https:\/\/zozowonen.nl\/de\/wp-json\/wp\/v2\/product\/25852","targetHints":{"allow":["GET"]}}],"collection":[{"href":"https:\/\/zozowonen.nl\/de\/wp-json\/wp\/v2\/product"}],"about":[{"href":"https:\/\/zozowonen.nl\/de\/wp-json\/wp\/v2\/types\/product"}],"version-history":[{"count":1,"href":"https:\/\/zozowonen.nl\/de\/wp-json\/wp\/v2\/product\/25852\/revisions"}],"predecessor-version":[{"id":25855,"href":"https:\/\/zozowonen.nl\/de\/wp-json\/wp\/v2\/product\/25852\/revisions\/25855"}],"wp:featuredmedia":[{"embeddable":true,"href":"https:\/\/zozowonen.nl\/de\/wp-json\/wp\/v2\/media\/25853"}],"wp:attachment":[{"href":"https:\/\/zozowonen.nl\/de\/wp-json\/wp\/v2\/media?parent=25852"}],"wp:term":[{"taxonomy":"product_brand","embeddable":true,"href":"https:\/\/zozowonen.nl\/de\/wp-json\/wp\/v2\/product_brand?post=25852"},{"taxonomy":"product_cat","embeddable":true,"href":"https:\/\/zozowonen.nl\/de\/wp-json\/wp\/v2\/product_cat?post=25852"},{"taxonomy":"product_tag","embeddable":true,"href":"https:\/\/zozowonen.nl\/de\/wp-json\/wp\/v2\/product_tag?post=25852"}],"curies":[{"name":"wp","href":"https:\/\/api.w.org\/{rel}","templated":true}]}}