{"id":25846,"date":"2025-03-04T08:42:02","date_gmt":"2025-03-04T08:42:02","guid":{"rendered":"https:\/\/zozowonen.nl\/?post_type=product&#038;p=25846"},"modified":"2025-03-04T09:37:33","modified_gmt":"2025-03-04T09:37:33","slug":"cadeau-voor-haar-geurzakje-en-hangzeepje","status":"publish","type":"product","link":"https:\/\/zozowonen.nl\/de\/produkt\/cadeau-voor-haar-geurzakje-en-hangzeepje\/","title":{"rendered":"Geschenk f\u00fcr Sie \u2013 Dufts\u00e4ckchen und H\u00e4ngeseife im My Style"},"content":{"rendered":"","protected":false},"excerpt":{"rendered":"<p>Ich suche ein sch\u00f6nes <strong data-start=\"26\" data-end=\"46\">Geschenk? <\/strong>Dufts\u00e4ckchen und H\u00e4ngeseife mit Leinenduft von Mijn Stijl f\u00fcr einen reinen und frischen Duft, der lange anh\u00e4lt. H\u00fcbsch verpackt in Geschenkpapier und einem Beutel.<\/p>\n<p>F\u00fcr gr\u00f6\u00dfere Bestellungen oder gesch\u00e4ftliche Anfragen kontaktieren Sie uns bitte.<\/p>","protected":false},"featured_media":25847,"template":"","meta":{"_joinchat":[]},"product_brand":[],"product_cat":[853],"product_tag":[966,969,967,968],"class_list":{"0":"post-25846","1":"product","2":"type-product","3":"status-publish","4":"has-post-thumbnail","6":"product_cat-cadeautips","7":"product_tag-cadeau-voor-haar","8":"product_tag-cadeau-vriendin","9":"product_tag-moederdag-cadeau","10":"product_tag-valentijn-cadeau","12":"first","13":"instock","14":"taxable","15":"shipping-taxable","16":"purchasable","17":"product-type-simple"},"_links":{"self":[{"href":"https:\/\/zozowonen.nl\/de\/wp-json\/wp\/v2\/product\/25846","targetHints":{"allow":["GET"]}}],"collection":[{"href":"https:\/\/zozowonen.nl\/de\/wp-json\/wp\/v2\/product"}],"about":[{"href":"https:\/\/zozowonen.nl\/de\/wp-json\/wp\/v2\/types\/product"}],"version-history":[{"count":2,"href":"https:\/\/zozowonen.nl\/de\/wp-json\/wp\/v2\/product\/25846\/revisions"}],"predecessor-version":[{"id":25850,"href":"https:\/\/zozowonen.nl\/de\/wp-json\/wp\/v2\/product\/25846\/revisions\/25850"}],"wp:featuredmedia":[{"embeddable":true,"href":"https:\/\/zozowonen.nl\/de\/wp-json\/wp\/v2\/media\/25847"}],"wp:attachment":[{"href":"https:\/\/zozowonen.nl\/de\/wp-json\/wp\/v2\/media?parent=25846"}],"wp:term":[{"taxonomy":"product_brand","embeddable":true,"href":"https:\/\/zozowonen.nl\/de\/wp-json\/wp\/v2\/product_brand?post=25846"},{"taxonomy":"product_cat","embeddable":true,"href":"https:\/\/zozowonen.nl\/de\/wp-json\/wp\/v2\/product_cat?post=25846"},{"taxonomy":"product_tag","embeddable":true,"href":"https:\/\/zozowonen.nl\/de\/wp-json\/wp\/v2\/product_tag?post=25846"}],"curies":[{"name":"wp","href":"https:\/\/api.w.org\/{rel}","templated":true}]}}