{"id":25831,"date":"2025-03-04T08:05:34","date_gmt":"2025-03-04T08:05:34","guid":{"rendered":"https:\/\/zozowonen.nl\/?post_type=product&#038;p=25831"},"modified":"2025-11-03T09:26:07","modified_gmt":"2025-11-03T09:26:07","slug":"cadeau-voor-haar-handzeep-bed-en-body-spray","status":"publish","type":"product","link":"https:\/\/zozowonen.nl\/de\/produkt\/cadeau-voor-haar-handzeep-bed-en-body-spray\/","title":{"rendered":"Geschenk f\u00fcr Sie \u2013 Luxuri\u00f6ses Set aus Handseife und K\u00f6rperspray f\u00fcr Bett und Nacht"},"content":{"rendered":"","protected":false},"excerpt":{"rendered":"<p>Dieses luxuri\u00f6se Set aus Handseife und K\u00f6rperspray f\u00fcrs Bett von <strong>Mein Stil<\/strong> Im Duft von Kaschmir ist es perfekt <strong>Geschenk f\u00fcr sie<\/strong>Dieses wundersch\u00f6ne Geschenkset besteht aus einer 250-ml-Flasche Kaschmir-Parf\u00fcm-Handseife und einer 250-ml-Flasche Kaschmir-Bett- und K\u00f6rperspray. Wunderbar f\u00fcr Bettw\u00e4sche und K\u00f6rperpflege.<\/p>\n<p>F\u00fcr gr\u00f6\u00dfere Bestellungen oder gesch\u00e4ftliche Anfragen kontaktieren Sie uns bitte.<\/p>","protected":false},"featured_media":25833,"template":"","meta":{"_joinchat":[]},"product_brand":[],"product_cat":[853],"product_tag":[966,969,967,968],"class_list":{"0":"post-25831","1":"product","2":"type-product","3":"status-publish","4":"has-post-thumbnail","6":"product_cat-cadeautips","7":"product_tag-cadeau-voor-haar","8":"product_tag-cadeau-vriendin","9":"product_tag-moederdag-cadeau","10":"product_tag-valentijn-cadeau","12":"first","13":"outofstock","14":"taxable","15":"shipping-taxable","16":"purchasable","17":"product-type-simple"},"_links":{"self":[{"href":"https:\/\/zozowonen.nl\/de\/wp-json\/wp\/v2\/product\/25831","targetHints":{"allow":["GET"]}}],"collection":[{"href":"https:\/\/zozowonen.nl\/de\/wp-json\/wp\/v2\/product"}],"about":[{"href":"https:\/\/zozowonen.nl\/de\/wp-json\/wp\/v2\/types\/product"}],"version-history":[{"count":4,"href":"https:\/\/zozowonen.nl\/de\/wp-json\/wp\/v2\/product\/25831\/revisions"}],"predecessor-version":[{"id":25837,"href":"https:\/\/zozowonen.nl\/de\/wp-json\/wp\/v2\/product\/25831\/revisions\/25837"}],"wp:featuredmedia":[{"embeddable":true,"href":"https:\/\/zozowonen.nl\/de\/wp-json\/wp\/v2\/media\/25833"}],"wp:attachment":[{"href":"https:\/\/zozowonen.nl\/de\/wp-json\/wp\/v2\/media?parent=25831"}],"wp:term":[{"taxonomy":"product_brand","embeddable":true,"href":"https:\/\/zozowonen.nl\/de\/wp-json\/wp\/v2\/product_brand?post=25831"},{"taxonomy":"product_cat","embeddable":true,"href":"https:\/\/zozowonen.nl\/de\/wp-json\/wp\/v2\/product_cat?post=25831"},{"taxonomy":"product_tag","embeddable":true,"href":"https:\/\/zozowonen.nl\/de\/wp-json\/wp\/v2\/product_tag?post=25831"}],"curies":[{"name":"wp","href":"https:\/\/api.w.org\/{rel}","templated":true}]}}