{"id":25709,"date":"2025-02-24T12:19:08","date_gmt":"2025-02-24T12:19:08","guid":{"rendered":"https:\/?post_type=product&#038;p=25709"},"modified":"2025-10-29T14:42:09","modified_gmt":"2025-10-29T14:42:09","slug":"chapati-box","status":"publish","type":"product","link":"https:\/\/zozowonen.nl\/de\/produkt\/chapati-box\/","title":{"rendered":"Alte Chapati-Boxen aus Metall"},"content":{"rendered":"","protected":false},"excerpt":{"rendered":"<p>Wundersch\u00f6ne, alte Chapati-Boxen aus Metall \u2013 perfekt f\u00fcr einen stilvollen und authentischen Look in Ihrer Einrichtung. Die Boxen variieren in der Gr\u00f6\u00dfe und lassen sich harmonisch zusammenf\u00fcgen. Das robuste Eisen und der Vintage-Look machen diese Chapati-Boxen zu einem echten Hingucker! Nutzen Sie sie als Dekoration oder zur Aufbewahrung kleiner Gegenst\u00e4nde.<\/p>\n<p>Diese Chapati-Brote k\u00f6nnen einzeln bestellt werden.<\/p>\n<p>Abmessungen (cm)<\/p>\n<ul>\n<li>Klein: Durchmesser: 20 cm \u2013 H\u00f6he: 11 cm<\/li>\n<li>Mitte: Durchmesser: 23 cm \u2013 H\u00f6he: 13 cm<\/li>\n<li>Gro\u00df: Durchmesser: 27 cm \u2013 H\u00f6he: 15 cm<\/li>\n<\/ul>","protected":false},"featured_media":27033,"template":"","meta":{"_joinchat":[]},"product_brand":[],"product_cat":[43],"product_tag":[],"class_list":{"0":"post-25709","1":"product","2":"type-product","3":"status-publish","4":"has-post-thumbnail","6":"product_cat-landelijke-woonaccessoires","8":"first","9":"instock","10":"taxable","11":"shipping-taxable","12":"purchasable","13":"product-type-variable"},"_links":{"self":[{"href":"https:\/\/zozowonen.nl\/de\/wp-json\/wp\/v2\/product\/25709","targetHints":{"allow":["GET"]}}],"collection":[{"href":"https:\/\/zozowonen.nl\/de\/wp-json\/wp\/v2\/product"}],"about":[{"href":"https:\/\/zozowonen.nl\/de\/wp-json\/wp\/v2\/types\/product"}],"version-history":[{"count":8,"href":"https:\/\/zozowonen.nl\/de\/wp-json\/wp\/v2\/product\/25709\/revisions"}],"predecessor-version":[{"id":27037,"href":"https:\/\/zozowonen.nl\/de\/wp-json\/wp\/v2\/product\/25709\/revisions\/27037"}],"wp:featuredmedia":[{"embeddable":true,"href":"https:\/\/zozowonen.nl\/de\/wp-json\/wp\/v2\/media\/27033"}],"wp:attachment":[{"href":"https:\/\/zozowonen.nl\/de\/wp-json\/wp\/v2\/media?parent=25709"}],"wp:term":[{"taxonomy":"product_brand","embeddable":true,"href":"https:\/\/zozowonen.nl\/de\/wp-json\/wp\/v2\/product_brand?post=25709"},{"taxonomy":"product_cat","embeddable":true,"href":"https:\/\/zozowonen.nl\/de\/wp-json\/wp\/v2\/product_cat?post=25709"},{"taxonomy":"product_tag","embeddable":true,"href":"https:\/\/zozowonen.nl\/de\/wp-json\/wp\/v2\/product_tag?post=25709"}],"curies":[{"name":"wp","href":"https:\/\/api.w.org\/{rel}","templated":true}]}}