{"id":25616,"date":"2025-02-22T09:45:44","date_gmt":"2025-02-22T09:45:44","guid":{"rendered":"https:\/?post_type=product&#038;p=25616"},"modified":"2026-03-22T18:18:03","modified_gmt":"2026-03-22T18:18:03","slug":"zinken-plantenbak-vierkant","status":"publish","type":"product","link":"https:\/\/zozowonen.nl\/de\/produkt\/zinken-plantenbak-vierkant\/","title":{"rendered":"Zinkpflanzgef\u00e4\u00df \u2013 Quadratisch"},"content":{"rendered":"","protected":false},"excerpt":{"rendered":"<p>Ein Zinkpflanzgef\u00e4\u00df ist ein vielseitiges und stilvolles Accessoire f\u00fcr Garten, Balkon oder Wohnr\u00e4ume. Sie k\u00f6nnen darin Blumen, Kr\u00e4uter oder kleine Str\u00e4ucher anpflanzen. Zinkpflanzgef\u00e4\u00dfe sind langlebig, rostfrei und passen dank ihres zeitlosen Designs in jede Einrichtung. Sie eignen sich sowohl f\u00fcr den Innen- als auch f\u00fcr den Au\u00dfenbereich.<\/p>\n<p>Abmessungen der Oberseite: 24 x 23 cm.<\/p>","protected":false},"featured_media":26473,"template":"","meta":{"_joinchat":[]},"product_brand":[],"product_cat":[1285],"product_tag":[1550,1549,1548],"class_list":{"0":"post-25616","1":"product","2":"type-product","3":"status-publish","4":"has-post-thumbnail","6":"product_cat-tuin-decoratie","7":"product_tag-plantenbak","8":"product_tag-plantenbak-buiten","9":"product_tag-zinken-plantenbak","11":"first","12":"instock","13":"taxable","14":"shipping-taxable","15":"purchasable","16":"product-type-simple"},"_links":{"self":[{"href":"https:\/\/zozowonen.nl\/de\/wp-json\/wp\/v2\/product\/25616","targetHints":{"allow":["GET"]}}],"collection":[{"href":"https:\/\/zozowonen.nl\/de\/wp-json\/wp\/v2\/product"}],"about":[{"href":"https:\/\/zozowonen.nl\/de\/wp-json\/wp\/v2\/types\/product"}],"version-history":[{"count":3,"href":"https:\/\/zozowonen.nl\/de\/wp-json\/wp\/v2\/product\/25616\/revisions"}],"predecessor-version":[{"id":25626,"href":"https:\/\/zozowonen.nl\/de\/wp-json\/wp\/v2\/product\/25616\/revisions\/25626"}],"wp:featuredmedia":[{"embeddable":true,"href":"https:\/\/zozowonen.nl\/de\/wp-json\/wp\/v2\/media\/26473"}],"wp:attachment":[{"href":"https:\/\/zozowonen.nl\/de\/wp-json\/wp\/v2\/media?parent=25616"}],"wp:term":[{"taxonomy":"product_brand","embeddable":true,"href":"https:\/\/zozowonen.nl\/de\/wp-json\/wp\/v2\/product_brand?post=25616"},{"taxonomy":"product_cat","embeddable":true,"href":"https:\/\/zozowonen.nl\/de\/wp-json\/wp\/v2\/product_cat?post=25616"},{"taxonomy":"product_tag","embeddable":true,"href":"https:\/\/zozowonen.nl\/de\/wp-json\/wp\/v2\/product_tag?post=25616"}],"curies":[{"name":"wp","href":"https:\/\/api.w.org\/{rel}","templated":true}]}}