{"id":25491,"date":"2025-02-09T14:41:10","date_gmt":"2025-02-09T14:41:10","guid":{"rendered":"https:\/?post_type=product&#038;p=25491"},"modified":"2026-04-26T10:44:00","modified_gmt":"2026-04-26T10:44:00","slug":"vensterbank-tafeltje-teakhout-2","status":"publish","type":"product","link":"https:\/\/zozowonen.nl\/de\/produkt\/vensterbank-tafeltje-teakhout-2\/","title":{"rendered":"Fensterbanktisch \u2013 Teakholz \u2013 55 cm"},"content":{"rendered":"","protected":false},"excerpt":{"rendered":"<p>Wundersch\u00f6ner Teakholz-Fensterbanktisch, ideal zum Dekorieren einer Fensterbank. Dank seiner kompakten Gr\u00f6\u00dfe passt er perfekt auf jede Fensterbank und erm\u00f6glicht es Ihnen, im Handumdrehen eine gem\u00fctliche Landhausatmosph\u00e4re zu schaffen. Erg\u00e4nzen Sie ihn mit Blumen, Kerzen oder anderen Dekoartikeln.<\/p>\n<p>Es kann zu leichten Unterschieden in Farbe und Textur zwischen den einzelnen Fensterbanktischen kommen.<\/p>","protected":false},"featured_media":30544,"template":"","meta":{"_joinchat":[]},"product_brand":[],"product_cat":[43],"product_tag":[849,850],"class_list":{"0":"post-25491","1":"product","2":"type-product","3":"status-publish","4":"has-post-thumbnail","6":"product_cat-landelijke-woonaccessoires","7":"product_tag-vensterbank-tafel-hout","8":"product_tag-vensterbank-tafeltje","10":"first","11":"instock","12":"taxable","13":"shipping-taxable","14":"purchasable","15":"product-type-simple"},"_links":{"self":[{"href":"https:\/\/zozowonen.nl\/de\/wp-json\/wp\/v2\/product\/25491","targetHints":{"allow":["GET"]}}],"collection":[{"href":"https:\/\/zozowonen.nl\/de\/wp-json\/wp\/v2\/product"}],"about":[{"href":"https:\/\/zozowonen.nl\/de\/wp-json\/wp\/v2\/types\/product"}],"version-history":[{"count":2,"href":"https:\/\/zozowonen.nl\/de\/wp-json\/wp\/v2\/product\/25491\/revisions"}],"predecessor-version":[{"id":25496,"href":"https:\/\/zozowonen.nl\/de\/wp-json\/wp\/v2\/product\/25491\/revisions\/25496"}],"wp:featuredmedia":[{"embeddable":true,"href":"https:\/\/zozowonen.nl\/de\/wp-json\/wp\/v2\/media\/30544"}],"wp:attachment":[{"href":"https:\/\/zozowonen.nl\/de\/wp-json\/wp\/v2\/media?parent=25491"}],"wp:term":[{"taxonomy":"product_brand","embeddable":true,"href":"https:\/\/zozowonen.nl\/de\/wp-json\/wp\/v2\/product_brand?post=25491"},{"taxonomy":"product_cat","embeddable":true,"href":"https:\/\/zozowonen.nl\/de\/wp-json\/wp\/v2\/product_cat?post=25491"},{"taxonomy":"product_tag","embeddable":true,"href":"https:\/\/zozowonen.nl\/de\/wp-json\/wp\/v2\/product_tag?post=25491"}],"curies":[{"name":"wp","href":"https:\/\/api.w.org\/{rel}","templated":true}]}}