{"id":25373,"date":"2025-02-02T09:12:48","date_gmt":"2025-02-02T09:12:48","guid":{"rendered":"https:\/?post_type=product&#038;p=25373"},"modified":"2025-11-03T09:24:26","modified_gmt":"2025-11-03T09:24:26","slug":"cadeau-voor-haar-amberblokjes-2","status":"publish","type":"product","link":"https:\/\/zozowonen.nl\/de\/produkt\/cadeau-voor-haar-amberblokjes-2\/","title":{"rendered":"Geschenk f\u00fcr Sie \u2013 Bernsteinw\u00fcrfel \u2013 S\u00fc\u00dfigkeiten"},"content":{"rendered":"","protected":false},"excerpt":{"rendered":"<p>Ein duftender <strong>Geschenk f\u00fcr sie<\/strong>Suchen Sie etwas Besonderes? Diese robuste Holzschaufel mit zwei herrlich duftenden <strong>Bernsteinw\u00fcrfel<\/strong> ist ein echter Stimmungsaufheller. Perfekt f\u00fcr ein <strong>Geburtstag<\/strong>, <strong>Muttertag<\/strong> oder einfach nur, um sie zu \u00fcberraschen.<\/p>\n<p>F\u00fcr gr\u00f6\u00dfere Bestellungen oder gesch\u00e4ftliche Anfragen kontaktieren Sie uns bitte.<\/p>","protected":false},"featured_media":25374,"template":"","meta":{"_joinchat":[]},"product_brand":[],"product_cat":[853],"product_tag":[966,969,967,968],"class_list":{"0":"post-25373","1":"product","2":"type-product","3":"status-publish","4":"has-post-thumbnail","6":"product_cat-cadeautips","7":"product_tag-cadeau-voor-haar","8":"product_tag-cadeau-vriendin","9":"product_tag-moederdag-cadeau","10":"product_tag-valentijn-cadeau","12":"first","13":"outofstock","14":"taxable","15":"shipping-taxable","16":"purchasable","17":"product-type-simple"},"_links":{"self":[{"href":"https:\/\/zozowonen.nl\/de\/wp-json\/wp\/v2\/product\/25373","targetHints":{"allow":["GET"]}}],"collection":[{"href":"https:\/\/zozowonen.nl\/de\/wp-json\/wp\/v2\/product"}],"about":[{"href":"https:\/\/zozowonen.nl\/de\/wp-json\/wp\/v2\/types\/product"}],"version-history":[{"count":2,"href":"https:\/\/zozowonen.nl\/de\/wp-json\/wp\/v2\/product\/25373\/revisions"}],"predecessor-version":[{"id":25838,"href":"https:\/\/zozowonen.nl\/de\/wp-json\/wp\/v2\/product\/25373\/revisions\/25838"}],"wp:featuredmedia":[{"embeddable":true,"href":"https:\/\/zozowonen.nl\/de\/wp-json\/wp\/v2\/media\/25374"}],"wp:attachment":[{"href":"https:\/\/zozowonen.nl\/de\/wp-json\/wp\/v2\/media?parent=25373"}],"wp:term":[{"taxonomy":"product_brand","embeddable":true,"href":"https:\/\/zozowonen.nl\/de\/wp-json\/wp\/v2\/product_brand?post=25373"},{"taxonomy":"product_cat","embeddable":true,"href":"https:\/\/zozowonen.nl\/de\/wp-json\/wp\/v2\/product_cat?post=25373"},{"taxonomy":"product_tag","embeddable":true,"href":"https:\/\/zozowonen.nl\/de\/wp-json\/wp\/v2\/product_tag?post=25373"}],"curies":[{"name":"wp","href":"https:\/\/api.w.org\/{rel}","templated":true}]}}