{"id":25310,"date":"2025-01-31T09:06:50","date_gmt":"2025-01-31T09:06:50","guid":{"rendered":"https:\/?post_type=product&#038;p=25310"},"modified":"2026-03-08T06:52:37","modified_gmt":"2026-03-08T06:52:37","slug":"kunstbloemen-tulpenboeket-2","status":"publish","type":"product","link":"https:\/\/zozowonen.nl\/de\/produkt\/kunstbloemen-tulpenboeket-2\/","title":{"rendered":"Kunstblumen \u2013 Tulpenstrau\u00df \u2013 5 Stiele"},"content":{"rendered":"","protected":false},"excerpt":{"rendered":"<p>Dieser Blumenstrau\u00df <strong>k\u00fcnstliche Tulpen<\/strong> Bringt die Sch\u00f6nheit echter Tulpen in Ihr Zuhause. Dank hochwertiger Materialien sind sie von echten Tulpen kaum zu unterscheiden.<\/p>\n<p>Das <strong>k\u00fcnstliche Blumen<\/strong> Sie eignen sich ideal als langlebige Dekoration f\u00fcr Zuhause, im B\u00fcro oder als Geschenk. Dieser Blumenstrau\u00df bleibt das ganze Jahr \u00fcber frisch und farbenfroh \u2013 ganz ohne Pflege. Kein Wasser n\u00f6tig, keine abfallenden Bl\u00e4tter \u2013 einfach dauerhafte Sch\u00f6nheit.<\/p>\n<p>Farbe: Hellrosa.<br \/>\nGesamtl\u00e4nge: +\/- 42cm.<\/p>","protected":false},"featured_media":29503,"template":"","meta":{"_joinchat":[]},"product_brand":[],"product_cat":[911,1527],"product_tag":[912,1453,1455,1529],"class_list":{"0":"post-25310","1":"product","2":"type-product","3":"status-publish","4":"has-post-thumbnail","6":"product_cat-kunst-tulpen","7":"product_cat-kunstbloemen-en-zijden-bloemen","8":"product_tag-kunst-tulpen","9":"product_tag-kunstbloemen","10":"product_tag-kunstbloemen-boeket","11":"product_tag-nep-bloemen","13":"first","14":"instock","15":"taxable","16":"shipping-taxable","17":"purchasable","18":"product-type-simple"},"_links":{"self":[{"href":"https:\/\/zozowonen.nl\/de\/wp-json\/wp\/v2\/product\/25310","targetHints":{"allow":["GET"]}}],"collection":[{"href":"https:\/\/zozowonen.nl\/de\/wp-json\/wp\/v2\/product"}],"about":[{"href":"https:\/\/zozowonen.nl\/de\/wp-json\/wp\/v2\/types\/product"}],"version-history":[{"count":5,"href":"https:\/\/zozowonen.nl\/de\/wp-json\/wp\/v2\/product\/25310\/revisions"}],"predecessor-version":[{"id":25314,"href":"https:\/\/zozowonen.nl\/de\/wp-json\/wp\/v2\/product\/25310\/revisions\/25314"}],"wp:featuredmedia":[{"embeddable":true,"href":"https:\/\/zozowonen.nl\/de\/wp-json\/wp\/v2\/media\/29503"}],"wp:attachment":[{"href":"https:\/\/zozowonen.nl\/de\/wp-json\/wp\/v2\/media?parent=25310"}],"wp:term":[{"taxonomy":"product_brand","embeddable":true,"href":"https:\/\/zozowonen.nl\/de\/wp-json\/wp\/v2\/product_brand?post=25310"},{"taxonomy":"product_cat","embeddable":true,"href":"https:\/\/zozowonen.nl\/de\/wp-json\/wp\/v2\/product_cat?post=25310"},{"taxonomy":"product_tag","embeddable":true,"href":"https:\/\/zozowonen.nl\/de\/wp-json\/wp\/v2\/product_tag?post=25310"}],"curies":[{"name":"wp","href":"https:\/\/api.w.org\/{rel}","templated":true}]}}