{"id":25095,"date":"2025-01-22T08:56:26","date_gmt":"2025-01-22T08:56:26","guid":{"rendered":"https:\/?post_type=product&#038;p=25095"},"modified":"2026-03-11T11:51:38","modified_gmt":"2026-03-11T11:51:38","slug":"keukenrolhouder-hout","status":"publish","type":"product","link":"https:\/\/zozowonen.nl\/de\/produkt\/keukenrolhouder-hout\/","title":{"rendered":"K\u00fcchenrollenhalter aus Holz"},"content":{"rendered":"","protected":false},"excerpt":{"rendered":"<p>Das <strong>Papierhandtuchhalter aus Holz<\/strong> Dieser praktische und stilvolle Papierhandtuchhalter aus Teakholz bietet eine einfache und ordentliche Aufbewahrungsm\u00f6glichkeit f\u00fcr Ihre K\u00fcche und ist leicht zu handhaben. Dank des nat\u00fcrlichen Materials f\u00fcgt er sich perfekt in ein rustikales oder rustikales Interieur ein.<\/p>","protected":false},"featured_media":28855,"template":"","meta":{"_joinchat":[]},"product_brand":[],"product_cat":[43],"product_tag":[1515,1516,961],"class_list":{"0":"post-25095","1":"product","2":"type-product","3":"status-publish","4":"has-post-thumbnail","6":"product_cat-landelijke-woonaccessoires","7":"product_tag-houten-keukenrolhouder","8":"product_tag-houten-keukenrolhouder-action","9":"product_tag-keukenrolhouder","11":"first","12":"instock","13":"taxable","14":"shipping-taxable","15":"purchasable","16":"product-type-simple"},"_links":{"self":[{"href":"https:\/\/zozowonen.nl\/de\/wp-json\/wp\/v2\/product\/25095","targetHints":{"allow":["GET"]}}],"collection":[{"href":"https:\/\/zozowonen.nl\/de\/wp-json\/wp\/v2\/product"}],"about":[{"href":"https:\/\/zozowonen.nl\/de\/wp-json\/wp\/v2\/types\/product"}],"version-history":[{"count":4,"href":"https:\/\/zozowonen.nl\/de\/wp-json\/wp\/v2\/product\/25095\/revisions"}],"predecessor-version":[{"id":28856,"href":"https:\/\/zozowonen.nl\/de\/wp-json\/wp\/v2\/product\/25095\/revisions\/28856"}],"wp:featuredmedia":[{"embeddable":true,"href":"https:\/\/zozowonen.nl\/de\/wp-json\/wp\/v2\/media\/28855"}],"wp:attachment":[{"href":"https:\/\/zozowonen.nl\/de\/wp-json\/wp\/v2\/media?parent=25095"}],"wp:term":[{"taxonomy":"product_brand","embeddable":true,"href":"https:\/\/zozowonen.nl\/de\/wp-json\/wp\/v2\/product_brand?post=25095"},{"taxonomy":"product_cat","embeddable":true,"href":"https:\/\/zozowonen.nl\/de\/wp-json\/wp\/v2\/product_cat?post=25095"},{"taxonomy":"product_tag","embeddable":true,"href":"https:\/\/zozowonen.nl\/de\/wp-json\/wp\/v2\/product_tag?post=25095"}],"curies":[{"name":"wp","href":"https:\/\/api.w.org\/{rel}","templated":true}]}}