{"id":24843,"date":"2025-01-05T08:47:57","date_gmt":"2025-01-05T08:47:57","guid":{"rendered":"https:\/?post_type=product&#038;p=24843"},"modified":"2026-01-29T10:01:28","modified_gmt":"2026-01-29T10:01:28","slug":"houten-stalraam","status":"publish","type":"product","link":"https:\/\/zozowonen.nl\/de\/produkt\/houten-stalraam\/","title":{"rendered":"Stallfenster aus Holz \u2013 Grau gewaschen"},"content":{"rendered":"","protected":false},"excerpt":{"rendered":"<p><strong data-start=\"66\" data-end=\"108\">Stallfenster aus Holz \u2013 Rustikal &amp; Atmosph\u00e4risch<\/strong><br data-start=\"108\" data-end=\"111\" \/>Dieses Stallfenster aus Holz verleiht Ihrem Zuhause im Handumdrehen eine warme, rustikale Atmosph\u00e4re. Es ist aus robustem Holz gefertigt und besticht durch seine sch\u00f6ne, nat\u00fcrliche Optik. Es ist ein reizvolles Detail in Ihrem Wohnzimmer, beispielsweise auf einem Sideboard.<\/p>\n<ul>\n<li>Basisbreite: 8 cm.<\/li>\n<li>Fu\u00dfl\u00e4nge: 34 cm.<\/li>\n<li>H\u00f6he inklusive Sockel: 47 cm.<\/li>\n<\/ul>","protected":false},"featured_media":28829,"template":"","meta":{"_joinchat":[]},"product_brand":[],"product_cat":[43],"product_tag":[795,794],"class_list":{"0":"post-24843","1":"product","2":"type-product","3":"status-publish","4":"has-post-thumbnail","6":"product_cat-landelijke-woonaccessoires","7":"product_tag-houten-stalraam","8":"product_tag-stalraampjes","10":"first","11":"instock","12":"taxable","13":"shipping-taxable","14":"purchasable","15":"product-type-simple"},"_links":{"self":[{"href":"https:\/\/zozowonen.nl\/de\/wp-json\/wp\/v2\/product\/24843","targetHints":{"allow":["GET"]}}],"collection":[{"href":"https:\/\/zozowonen.nl\/de\/wp-json\/wp\/v2\/product"}],"about":[{"href":"https:\/\/zozowonen.nl\/de\/wp-json\/wp\/v2\/types\/product"}],"version-history":[{"count":5,"href":"https:\/\/zozowonen.nl\/de\/wp-json\/wp\/v2\/product\/24843\/revisions"}],"predecessor-version":[{"id":28828,"href":"https:\/\/zozowonen.nl\/de\/wp-json\/wp\/v2\/product\/24843\/revisions\/28828"}],"wp:featuredmedia":[{"embeddable":true,"href":"https:\/\/zozowonen.nl\/de\/wp-json\/wp\/v2\/media\/28829"}],"wp:attachment":[{"href":"https:\/\/zozowonen.nl\/de\/wp-json\/wp\/v2\/media?parent=24843"}],"wp:term":[{"taxonomy":"product_brand","embeddable":true,"href":"https:\/\/zozowonen.nl\/de\/wp-json\/wp\/v2\/product_brand?post=24843"},{"taxonomy":"product_cat","embeddable":true,"href":"https:\/\/zozowonen.nl\/de\/wp-json\/wp\/v2\/product_cat?post=24843"},{"taxonomy":"product_tag","embeddable":true,"href":"https:\/\/zozowonen.nl\/de\/wp-json\/wp\/v2\/product_tag?post=24843"}],"curies":[{"name":"wp","href":"https:\/\/api.w.org\/{rel}","templated":true}]}}